 {"id":18,"date":"2020-10-08T11:22:33","date_gmt":"2020-10-08T11:22:33","guid":{"rendered":"https:\/\/sola.kau.se\/ai4energy\/?page_id=18"},"modified":"2021-09-20T11:12:30","modified_gmt":"2021-09-20T11:12:30","slug":"dissemination","status":"publish","type":"page","link":"https:\/\/sola.kau.se\/ai4energy\/dissemination\/","title":{"rendered":"Dissemination"},"content":{"rendered":"\n<p><strong>Till\u00e4mpad AI-forskning en viktig pusselbit f\u00f6r att klara omst\u00e4llning till f\u00f6rnybar el<\/strong><\/p>\n\n\n\n<p>De punkter som Daniel Badman fr\u00e5n Svensk Vindenergi propagerar f\u00f6r \u00e4r rimliga men det beh\u00f6vs en till punkt f\u00f6r att st\u00e4lla om energisystemet, att optimera energianv\u00e4ndningen med hj\u00e4lp av AI. Det skriver Jonas Forsman som bland annat \u00e4r AI-expert p\u00e5 CGI.<\/p>\n\n\n\n<p><a href=\"https:\/\/www.aktuellhallbarhet.se\/alla-nyheter\/debatt\/tillampad-ai-forskning-en-viktig-pusselbit-for-att-klara-omstallning-till-fornybar-el\/\">Hela artikeln p\u00e5 Aktuell H\u00e5llbarhet<\/a><\/p>\n\n\n\n<p><strong>Publications in Peer-Reviewed Conferences<\/strong><\/p>\n\n\n\n<figure class=\"wp-block-table\"><table><tbody><tr><td><strong>Integration of AI, IoT and Edge-Computing for&nbsp;Smart Microgrid Energy Management,<\/strong> A. Nammouchi, P. Aupke, A Kassler, A. Theocharis, V. Raffa, M. Di Felice, In: IEEE&nbsp;EEEIC,&nbsp;Bari, September&nbsp;2021.<br><strong>Quantifying Uncertainty for Predicting Renewable Energy Time Series Data using Machine Learning<\/strong>, Phil Aupke, Andreas Kassler and Andreas Theocharis,&nbsp;In: 7th International conference on Time Series and Forecasting, Gran Canaria, Spain, 19\u201321 July 2021. In: Eng. Proc. 2021, 5(1), 50; https:\/\/doi.org\/10.3390\/engproc2021005050.<\/td><\/tr><\/tbody><\/table><\/figure>\n\n\n\n<p><strong>Open Datasets<\/strong><\/p>\n\n\n\n<h4 class=\"wp-block-heading\"><a href=\"https:\/\/github.com\/AI-4-Energy\/Dataset\">Glava Data-Set<\/a><\/h4>\n\n\n\n<p>This repository contains a demo version of weather and PV-Station information from the Glava Energy Center (<a href=\"https:\/\/www.glavaenergycenter.se\/\">https:\/\/www.glavaenergycenter.se\/<\/a>). This data-set contains information of four weather features for two months together with the energy produced by the MicroGrid. <\/p>\n\n\n\n<p><strong>Student Thesis<\/strong><\/p>\n\n\n\n<figure class=\"wp-block-table\"><table><tbody><tr><td>Phil Aupke, <strong>Uncertainty in Renewable Energy Timeseries Prediction using Neural Networks<\/strong>, MSc thesis,&nbsp;&nbsp;HT 2020, together with Hochschule Osnabr\u00fcck and Glava Energy Center.<br>Viviana Raffa, <strong>Edge\/Cloud Virtualization Techniques and Resource Allocation Algorithms for IoT-based Smart Energy Applications<\/strong>, MSc, thesis, HT 2020, together with Unievrsity of Bologna and Glava Energy Center<\/td><\/tr><\/tbody><\/table><\/figure>\n","protected":false},"excerpt":{"rendered":"<p>Till\u00e4mpad AI-forskning en viktig pusselbit f\u00f6r att klara omst\u00e4llning till f\u00f6rnybar el De punkter som Daniel Badman fr\u00e5n Svensk Vindenergi propagerar f\u00f6r \u00e4r rimliga men det beh\u00f6vs en till punkt f\u00f6r att st\u00e4lla om energisystemet, att optimera energianv\u00e4ndningen med hj\u00e4lp av AI. Det skriver Jonas Forsman som bland annat \u00e4r AI-expert p\u00e5 CGI. Hela artikeln &hellip; <\/p>\n<p class=\"link-more\"><a href=\"https:\/\/sola.kau.se\/ai4energy\/dissemination\/\" class=\"more-link\">Continue reading<span class=\"screen-reader-text\"> &#8220;Dissemination&#8221;<\/span><\/a><\/p>\n","protected":false},"author":178,"featured_media":0,"parent":0,"menu_order":0,"comment_status":"closed","ping_status":"closed","template":"","meta":{"footnotes":""},"class_list":["post-18","page","type-page","status-publish","hentry"],"_links":{"self":[{"href":"https:\/\/sola.kau.se\/ai4energy\/wp-json\/wp\/v2\/pages\/18","targetHints":{"allow":["GET"]}}],"collection":[{"href":"https:\/\/sola.kau.se\/ai4energy\/wp-json\/wp\/v2\/pages"}],"about":[{"href":"https:\/\/sola.kau.se\/ai4energy\/wp-json\/wp\/v2\/types\/page"}],"author":[{"embeddable":true,"href":"https:\/\/sola.kau.se\/ai4energy\/wp-json\/wp\/v2\/users\/178"}],"replies":[{"embeddable":true,"href":"https:\/\/sola.kau.se\/ai4energy\/wp-json\/wp\/v2\/comments?post=18"}],"version-history":[{"count":5,"href":"https:\/\/sola.kau.se\/ai4energy\/wp-json\/wp\/v2\/pages\/18\/revisions"}],"predecessor-version":[{"id":142,"href":"https:\/\/sola.kau.se\/ai4energy\/wp-json\/wp\/v2\/pages\/18\/revisions\/142"}],"wp:attachment":[{"href":"https:\/\/sola.kau.se\/ai4energy\/wp-json\/wp\/v2\/media?parent=18"}],"curies":[{"name":"wp","href":"https:\/\/api.w.org\/{rel}","templated":true}]}}