 {"id":115,"date":"2023-10-29T19:45:12","date_gmt":"2023-10-29T19:45:12","guid":{"rendered":"https:\/\/sola.kau.se\/attundervisaommigration\/?page_id=115"},"modified":"2023-11-02T11:13:43","modified_gmt":"2023-11-02T11:13:43","slug":"larresurs-version-1","status":"publish","type":"page","link":"https:\/\/sola.kau.se\/attundervisaommigration\/larresurs-version-1\/","title":{"rendered":"Undervisningsmodul version 1"},"content":{"rendered":"\n<p><strong>I projektet utvecklades en f\u00f6rsta modul eller undervisningsresurs. Denna utvecklades tillsammans av forskarna och de medverkande  l\u00e4rarna. \u00d6vningarna testades i l\u00e4rarnas klassrum, innan dess hade dock \u00f6vningarna i tidigare versioner utpr\u00f6vats i mindre elevgrupper p\u00e5 andra skolor.  <\/strong><\/p>\n\n\n\n<p>P\u00e5 menystrukturen \u00e5terfinns material som kan anv\u00e4ndas i undervisningen. F\u00f6r de flesta \u00f6vningarna finns l\u00e4rarhandledningar, kallat handledarnycklar, dessa ger f\u00f6rslag p\u00e5 hur materialet kan anv\u00e4ndas.  Vi har valt att tala om moment snarare \u00e4n om lektioner f\u00f6r att momenten kan sp\u00e4nna \u00f6ver mer \u00e4n en lektion.<\/p>\n\n\n\n<p><\/p>\n\n\n\n<p><\/p>\n\n\n\n<figure class=\"wp-block-image size-large is-resized\"><img loading=\"lazy\" decoding=\"async\" src=\"https:\/\/sola.kau.se\/attundervisaommigration\/wp-content\/uploads\/sites\/1007\/2023\/10\/Skarmavbild-2023-10-30-kl.-21.46.18-1-1024x586.png\" alt=\"\" class=\"wp-image-229\" width=\"677\" height=\"387\" srcset=\"https:\/\/sola.kau.se\/attundervisaommigration\/wp-content\/uploads\/sites\/1007\/2023\/10\/Skarmavbild-2023-10-30-kl.-21.46.18-1-1024x586.png 1024w, https:\/\/sola.kau.se\/attundervisaommigration\/wp-content\/uploads\/sites\/1007\/2023\/10\/Skarmavbild-2023-10-30-kl.-21.46.18-1-300x172.png 300w, https:\/\/sola.kau.se\/attundervisaommigration\/wp-content\/uploads\/sites\/1007\/2023\/10\/Skarmavbild-2023-10-30-kl.-21.46.18-1-768x439.png 768w, https:\/\/sola.kau.se\/attundervisaommigration\/wp-content\/uploads\/sites\/1007\/2023\/10\/Skarmavbild-2023-10-30-kl.-21.46.18-1-676x387.png 676w, https:\/\/sola.kau.se\/attundervisaommigration\/wp-content\/uploads\/sites\/1007\/2023\/10\/Skarmavbild-2023-10-30-kl.-21.46.18-1.png 1206w\" sizes=\"auto, (max-width: 677px) 100vw, 677px\" \/><figcaption class=\"wp-element-caption\">Version 1.  Modulen best\u00e5r av ing\u00e5ngs\u00f6vningar samt fyra moment som lyfter centrala dimensioner i migration som samh\u00e4llsfr\u00e5ga.<\/figcaption><\/figure>\n","protected":false},"excerpt":{"rendered":"<p>I projektet utvecklades en f\u00f6rsta modul eller undervisningsresurs. Denna utvecklades tillsammans av forskarna och de medverkande l\u00e4rarna. \u00d6vningarna testades i l\u00e4rarnas klassrum, innan dess hade dock \u00f6vningarna i tidigare versioner utpr\u00f6vats i mindre elevgrupper p\u00e5 andra skolor. P\u00e5 menystrukturen \u00e5terfinns material som kan anv\u00e4ndas i undervisningen. F\u00f6r de flesta \u00f6vningarna finns l\u00e4rarhandledningar, kallat handledarnycklar, dessa [&hellip;]<\/p>\n","protected":false},"author":5106,"featured_media":0,"parent":0,"menu_order":0,"comment_status":"closed","ping_status":"closed","template":"","meta":{"footnotes":""},"class_list":["post-115","page","type-page","status-publish","hentry","post-preview"],"_links":{"self":[{"href":"https:\/\/sola.kau.se\/attundervisaommigration\/wp-json\/wp\/v2\/pages\/115","targetHints":{"allow":["GET"]}}],"collection":[{"href":"https:\/\/sola.kau.se\/attundervisaommigration\/wp-json\/wp\/v2\/pages"}],"about":[{"href":"https:\/\/sola.kau.se\/attundervisaommigration\/wp-json\/wp\/v2\/types\/page"}],"author":[{"embeddable":true,"href":"https:\/\/sola.kau.se\/attundervisaommigration\/wp-json\/wp\/v2\/users\/5106"}],"replies":[{"embeddable":true,"href":"https:\/\/sola.kau.se\/attundervisaommigration\/wp-json\/wp\/v2\/comments?post=115"}],"version-history":[{"count":13,"href":"https:\/\/sola.kau.se\/attundervisaommigration\/wp-json\/wp\/v2\/pages\/115\/revisions"}],"predecessor-version":[{"id":336,"href":"https:\/\/sola.kau.se\/attundervisaommigration\/wp-json\/wp\/v2\/pages\/115\/revisions\/336"}],"wp:attachment":[{"href":"https:\/\/sola.kau.se\/attundervisaommigration\/wp-json\/wp\/v2\/media?parent=115"}],"curies":[{"name":"wp","href":"https:\/\/api.w.org\/{rel}","templated":true}]}}