 {"id":141,"date":"2023-10-30T08:27:40","date_gmt":"2023-10-30T08:27:40","guid":{"rendered":"https:\/\/sola.kau.se\/attundervisaommigration\/?page_id=141"},"modified":"2023-10-31T08:09:52","modified_gmt":"2023-10-31T08:09:52","slug":"moment-1-migration-idag","status":"publish","type":"page","link":"https:\/\/sola.kau.se\/attundervisaommigration\/moment-1-migration-idag\/","title":{"rendered":"Moment 1: Migration idag"},"content":{"rendered":"\n<p>Syftet med momentet \u00e4r att eleverna ska erh\u00e5lla en \u00f6versiktlig f\u00f6rst\u00e5else f\u00f6r vad migration \u00e4r, att flytta inom eller mellan l\u00e4nder, men ocks\u00e5 att v\u00e4cka deras intresse och motivation f\u00f6r att studera migration som samh\u00e4llsfenomen. H\u00e4r introduceras ocks\u00e5 det tidsgeografiska perspektivet. <\/p>\n\n\n\n<p><strong>Dokument:<\/strong><\/p>\n\n\n\n<ul class=\"wp-block-list\">\n<li><a href=\"https:\/\/kau.box.com\/s\/b9nbysdz30xyrr7sz6g79l6kxgrqej4m\">Handledarnyckel<\/a><\/li>\n\n\n\n<li><a href=\"https:\/\/kau.box.com\/s\/f5lg5bjekm785j1g35w7v9m1sctf4p16\">\u00d6vning &#8211; hur kan m\u00e4nniskor flytta?<\/a><\/li>\n\n\n\n<li><a href=\"https:\/\/kau.box.com\/s\/obdp8qge6bpl3z1ewi0t23ttmbbyvxgh\">Personkort &#8211; fem migrationsbiografier<\/a><\/li>\n\n\n\n<li><a href=\"https:\/\/kau.box.com\/s\/lmf7rsuji1m7ur8m86req0ffnoxq84i7\">Tidsgeografi &#8211; presentationsunderlag f\u00f6r en l\u00e4rargenomg\u00e5ng<\/a><\/li>\n<\/ul>\n\n\n\n<p><\/p>\n","protected":false},"excerpt":{"rendered":"<p>Syftet med momentet \u00e4r att eleverna ska erh\u00e5lla en \u00f6versiktlig f\u00f6rst\u00e5else f\u00f6r vad migration \u00e4r, att flytta inom eller mellan l\u00e4nder, men ocks\u00e5 att v\u00e4cka deras intresse och motivation f\u00f6r att studera migration som samh\u00e4llsfenomen. H\u00e4r introduceras ocks\u00e5 det tidsgeografiska perspektivet. Dokument:<\/p>\n","protected":false},"author":5106,"featured_media":0,"parent":0,"menu_order":0,"comment_status":"closed","ping_status":"closed","template":"","meta":{"footnotes":""},"class_list":["post-141","page","type-page","status-publish","hentry","post-preview"],"_links":{"self":[{"href":"https:\/\/sola.kau.se\/attundervisaommigration\/wp-json\/wp\/v2\/pages\/141","targetHints":{"allow":["GET"]}}],"collection":[{"href":"https:\/\/sola.kau.se\/attundervisaommigration\/wp-json\/wp\/v2\/pages"}],"about":[{"href":"https:\/\/sola.kau.se\/attundervisaommigration\/wp-json\/wp\/v2\/types\/page"}],"author":[{"embeddable":true,"href":"https:\/\/sola.kau.se\/attundervisaommigration\/wp-json\/wp\/v2\/users\/5106"}],"replies":[{"embeddable":true,"href":"https:\/\/sola.kau.se\/attundervisaommigration\/wp-json\/wp\/v2\/comments?post=141"}],"version-history":[{"count":6,"href":"https:\/\/sola.kau.se\/attundervisaommigration\/wp-json\/wp\/v2\/pages\/141\/revisions"}],"predecessor-version":[{"id":246,"href":"https:\/\/sola.kau.se\/attundervisaommigration\/wp-json\/wp\/v2\/pages\/141\/revisions\/246"}],"wp:attachment":[{"href":"https:\/\/sola.kau.se\/attundervisaommigration\/wp-json\/wp\/v2\/media?parent=141"}],"curies":[{"name":"wp","href":"https:\/\/api.w.org\/{rel}","templated":true}]}}