 {"id":24,"date":"2023-10-29T14:17:39","date_gmt":"2023-10-29T14:17:39","guid":{"rendered":"https:\/\/sola.kau.se\/attundervisaommigration\/?page_id=24"},"modified":"2023-11-01T09:26:31","modified_gmt":"2023-11-01T09:26:31","slug":"valkommen","status":"publish","type":"page","link":"https:\/\/sola.kau.se\/attundervisaommigration\/","title":{"rendered":"Hem"},"content":{"rendered":"\n<p><\/p>\n\n\n\n<p><strong>P\u00e5 denna sida presenteras en undervisningsmodul, en undervisningsresurs, f\u00f6r att undervisa om migration p\u00e5 mellanstadiet. Undervisningsmodulen utvecklades inom ramen f\u00f6r ett forskningsprojekt finansierat av Skolforskningsinstitutet 2017-2021 och med bas vid CSD, Centrum f\u00f6r de samh\u00e4llsvetenskapliga \u00e4mnenas didaktik, Karlstads universitet.  Modulen har fokus p\u00e5 \u00e5rskurserna 4-6 men kan ocks\u00e5 anv\u00e4ndas i andra delar av grundskolan.<\/strong><\/p>\n\n\n\n<p><\/p>\n\n\n\n<figure class=\"wp-block-image alignwide size-full\"><img loading=\"lazy\" decoding=\"async\" width=\"626\" height=\"470\" src=\"https:\/\/sola.kau.se\/attundervisaommigration\/wp-content\/uploads\/sites\/1007\/2023\/10\/1-1.png\" alt=\"\" class=\"wp-image-14\" srcset=\"https:\/\/sola.kau.se\/attundervisaommigration\/wp-content\/uploads\/sites\/1007\/2023\/10\/1-1.png 626w, https:\/\/sola.kau.se\/attundervisaommigration\/wp-content\/uploads\/sites\/1007\/2023\/10\/1-1-300x225.png 300w\" sizes=\"auto, (max-width: 626px) 100vw, 626px\" \/><\/figure>\n\n\n\n<p class=\"has-text-align-left\">&#8220;Safe Passage&#8221;. Ing\u00e5ngen till en migrationsmottagning, Lesbos 2017.<\/p>\n\n\n\n<p><\/p>\n\n\n\n<p><em>.<\/em><\/p>\n","protected":false},"excerpt":{"rendered":"<p>P\u00e5 denna sida presenteras en undervisningsmodul, en undervisningsresurs, f\u00f6r att undervisa om migration p\u00e5 mellanstadiet. Undervisningsmodulen utvecklades inom ramen f\u00f6r ett forskningsprojekt finansierat av Skolforskningsinstitutet 2017-2021 och med bas vid CSD, Centrum f\u00f6r de samh\u00e4llsvetenskapliga \u00e4mnenas didaktik, Karlstads universitet. Modulen har fokus p\u00e5 \u00e5rskurserna 4-6 men kan ocks\u00e5 anv\u00e4ndas i andra delar av grundskolan. &#8220;Safe [&hellip;]<\/p>\n","protected":false},"author":5106,"featured_media":0,"parent":0,"menu_order":0,"comment_status":"closed","ping_status":"closed","template":"template-fullwidth.php","meta":{"footnotes":""},"class_list":["post-24","page","type-page","status-publish","hentry","post-preview"],"_links":{"self":[{"href":"https:\/\/sola.kau.se\/attundervisaommigration\/wp-json\/wp\/v2\/pages\/24","targetHints":{"allow":["GET"]}}],"collection":[{"href":"https:\/\/sola.kau.se\/attundervisaommigration\/wp-json\/wp\/v2\/pages"}],"about":[{"href":"https:\/\/sola.kau.se\/attundervisaommigration\/wp-json\/wp\/v2\/types\/page"}],"author":[{"embeddable":true,"href":"https:\/\/sola.kau.se\/attundervisaommigration\/wp-json\/wp\/v2\/users\/5106"}],"replies":[{"embeddable":true,"href":"https:\/\/sola.kau.se\/attundervisaommigration\/wp-json\/wp\/v2\/comments?post=24"}],"version-history":[{"count":21,"href":"https:\/\/sola.kau.se\/attundervisaommigration\/wp-json\/wp\/v2\/pages\/24\/revisions"}],"predecessor-version":[{"id":331,"href":"https:\/\/sola.kau.se\/attundervisaommigration\/wp-json\/wp\/v2\/pages\/24\/revisions\/331"}],"wp:attachment":[{"href":"https:\/\/sola.kau.se\/attundervisaommigration\/wp-json\/wp\/v2\/media?parent=24"}],"curies":[{"name":"wp","href":"https:\/\/api.w.org\/{rel}","templated":true}]}}