 {"id":33,"date":"2023-10-29T14:28:21","date_gmt":"2023-10-29T14:28:21","guid":{"rendered":"https:\/\/sola.kau.se\/attundervisaommigration\/?page_id=33"},"modified":"2023-10-31T19:47:34","modified_gmt":"2023-10-31T19:47:34","slug":"om-projektet","status":"publish","type":"page","link":"https:\/\/sola.kau.se\/attundervisaommigration\/om-projektet\/","title":{"rendered":"Om projektet"},"content":{"rendered":"\n<p>H\u00f6sten 2016 fick vi medel fr\u00e5n Skolforskningsinstitutet f\u00f6r projektet \u201dAtt utveckla undervisning i samh\u00e4llsfr\u00e5gor: om didaktiska val i\u00a0SO-\u00e4mnena\u00a0i grundskolans mellan\u00e5r 4-6\u00a0\u201d.  Det var ocks\u00e5 f\u00f6rsta g\u00e5ngen Skolforskningsinstitutet  lyste ut medel. Projektet kom dock p\u00e5 allvar f\u00f6rst ig\u00e5ng 2017 och avslutades 2021. Projektet var placerat vid Centrum f\u00f6r de samh\u00e4llsvetenskapliga \u00e4mnenas didaktik (CSD) och var samtidigt en del i utvecklandet av den interdisciplin\u00e4ra \u00e4mnesdidaktiska forskargruppen ROSE (Research subject specific education), Karlstads universitet. Under projekttiden har projektets resultat presenterats och diskuterats vid flera nationella och internationella konferenser.<\/p>\n","protected":false},"excerpt":{"rendered":"<p>H\u00f6sten 2016 fick vi medel fr\u00e5n Skolforskningsinstitutet f\u00f6r projektet \u201dAtt utveckla undervisning i samh\u00e4llsfr\u00e5gor: om didaktiska val i\u00a0SO-\u00e4mnena\u00a0i grundskolans mellan\u00e5r 4-6\u00a0\u201d. Det var ocks\u00e5 f\u00f6rsta g\u00e5ngen Skolforskningsinstitutet lyste ut medel. Projektet kom dock p\u00e5 allvar f\u00f6rst ig\u00e5ng 2017 och avslutades 2021. Projektet var placerat vid Centrum f\u00f6r de samh\u00e4llsvetenskapliga \u00e4mnenas didaktik (CSD) och var samtidigt [&hellip;]<\/p>\n","protected":false},"author":5106,"featured_media":0,"parent":0,"menu_order":0,"comment_status":"closed","ping_status":"closed","template":"","meta":{"footnotes":""},"class_list":["post-33","page","type-page","status-publish","hentry","post-preview"],"_links":{"self":[{"href":"https:\/\/sola.kau.se\/attundervisaommigration\/wp-json\/wp\/v2\/pages\/33","targetHints":{"allow":["GET"]}}],"collection":[{"href":"https:\/\/sola.kau.se\/attundervisaommigration\/wp-json\/wp\/v2\/pages"}],"about":[{"href":"https:\/\/sola.kau.se\/attundervisaommigration\/wp-json\/wp\/v2\/types\/page"}],"author":[{"embeddable":true,"href":"https:\/\/sola.kau.se\/attundervisaommigration\/wp-json\/wp\/v2\/users\/5106"}],"replies":[{"embeddable":true,"href":"https:\/\/sola.kau.se\/attundervisaommigration\/wp-json\/wp\/v2\/comments?post=33"}],"version-history":[{"count":4,"href":"https:\/\/sola.kau.se\/attundervisaommigration\/wp-json\/wp\/v2\/pages\/33\/revisions"}],"predecessor-version":[{"id":267,"href":"https:\/\/sola.kau.se\/attundervisaommigration\/wp-json\/wp\/v2\/pages\/33\/revisions\/267"}],"wp:attachment":[{"href":"https:\/\/sola.kau.se\/attundervisaommigration\/wp-json\/wp\/v2\/media?parent=33"}],"curies":[{"name":"wp","href":"https:\/\/api.w.org\/{rel}","templated":true}]}}