 {"id":43,"date":"2023-10-29T14:43:05","date_gmt":"2023-10-29T14:43:05","guid":{"rendered":"https:\/\/sola.kau.se\/attundervisaommigration\/?page_id=43"},"modified":"2023-10-31T11:57:05","modified_gmt":"2023-10-31T11:57:05","slug":"larresurser","status":"publish","type":"page","link":"https:\/\/sola.kau.se\/attundervisaommigration\/larresurser\/","title":{"rendered":"Undervisningsmodulen"},"content":{"rendered":"\n<p>Tv\u00e5 versioner av undervisningsmodulen kom att utvecklas. Med utg\u00e5ngspunkt i de erfarenheter vi drog av iscens\u00e4ttandet av den f\u00f6rsta versionen kom en andra version att utvecklas. <\/p>\n\n\n\n<figure class=\"wp-block-image size-large\"><img loading=\"lazy\" decoding=\"async\" width=\"1024\" height=\"586\" src=\"https:\/\/sola.kau.se\/attundervisaommigration\/wp-content\/uploads\/sites\/1007\/2023\/10\/Skarmavbild-2023-10-30-kl.-21.46.18-1024x586.png\" alt=\"\" class=\"wp-image-221\" srcset=\"https:\/\/sola.kau.se\/attundervisaommigration\/wp-content\/uploads\/sites\/1007\/2023\/10\/Skarmavbild-2023-10-30-kl.-21.46.18-1024x586.png 1024w, https:\/\/sola.kau.se\/attundervisaommigration\/wp-content\/uploads\/sites\/1007\/2023\/10\/Skarmavbild-2023-10-30-kl.-21.46.18-300x172.png 300w, https:\/\/sola.kau.se\/attundervisaommigration\/wp-content\/uploads\/sites\/1007\/2023\/10\/Skarmavbild-2023-10-30-kl.-21.46.18-768x439.png 768w, https:\/\/sola.kau.se\/attundervisaommigration\/wp-content\/uploads\/sites\/1007\/2023\/10\/Skarmavbild-2023-10-30-kl.-21.46.18-676x387.png 676w, https:\/\/sola.kau.se\/attundervisaommigration\/wp-content\/uploads\/sites\/1007\/2023\/10\/Skarmavbild-2023-10-30-kl.-21.46.18.png 1206w\" sizes=\"auto, (max-width: 1024px) 100vw, 1024px\" \/><figcaption class=\"wp-element-caption\">Variant 1 av modulen. Lite mer omfattande tidsm\u00e4ssigt.<\/figcaption><\/figure>\n\n\n\n<figure class=\"wp-block-image size-large\"><img loading=\"lazy\" decoding=\"async\" width=\"1024\" height=\"581\" src=\"https:\/\/sola.kau.se\/attundervisaommigration\/wp-content\/uploads\/sites\/1007\/2023\/10\/Skarmavbild-2023-10-30-kl.-21.52.59-1024x581.png\" alt=\"\" class=\"wp-image-222\" srcset=\"https:\/\/sola.kau.se\/attundervisaommigration\/wp-content\/uploads\/sites\/1007\/2023\/10\/Skarmavbild-2023-10-30-kl.-21.52.59-1024x581.png 1024w, https:\/\/sola.kau.se\/attundervisaommigration\/wp-content\/uploads\/sites\/1007\/2023\/10\/Skarmavbild-2023-10-30-kl.-21.52.59-300x170.png 300w, https:\/\/sola.kau.se\/attundervisaommigration\/wp-content\/uploads\/sites\/1007\/2023\/10\/Skarmavbild-2023-10-30-kl.-21.52.59-768x436.png 768w, https:\/\/sola.kau.se\/attundervisaommigration\/wp-content\/uploads\/sites\/1007\/2023\/10\/Skarmavbild-2023-10-30-kl.-21.52.59-1536x872.png 1536w, https:\/\/sola.kau.se\/attundervisaommigration\/wp-content\/uploads\/sites\/1007\/2023\/10\/Skarmavbild-2023-10-30-kl.-21.52.59-2048x1162.png 2048w, https:\/\/sola.kau.se\/attundervisaommigration\/wp-content\/uploads\/sites\/1007\/2023\/10\/Skarmavbild-2023-10-30-kl.-21.52.59-676x384.png 676w\" sizes=\"auto, (max-width: 1024px) 100vw, 1024px\" \/><figcaption class=\"wp-element-caption\">Variant 2 av modulen. Lite mer avgr\u00e4nsat samtidigt ett tydligare fokus p\u00e5 tidsgeografiska perspektiv.<\/figcaption><\/figure>\n","protected":false},"excerpt":{"rendered":"<p>Tv\u00e5 versioner av undervisningsmodulen kom att utvecklas. Med utg\u00e5ngspunkt i de erfarenheter vi drog av iscens\u00e4ttandet av den f\u00f6rsta versionen kom en andra version att utvecklas.<\/p>\n","protected":false},"author":5106,"featured_media":0,"parent":0,"menu_order":0,"comment_status":"closed","ping_status":"closed","template":"","meta":{"footnotes":""},"class_list":["post-43","page","type-page","status-publish","hentry","post-preview"],"_links":{"self":[{"href":"https:\/\/sola.kau.se\/attundervisaommigration\/wp-json\/wp\/v2\/pages\/43","targetHints":{"allow":["GET"]}}],"collection":[{"href":"https:\/\/sola.kau.se\/attundervisaommigration\/wp-json\/wp\/v2\/pages"}],"about":[{"href":"https:\/\/sola.kau.se\/attundervisaommigration\/wp-json\/wp\/v2\/types\/page"}],"author":[{"embeddable":true,"href":"https:\/\/sola.kau.se\/attundervisaommigration\/wp-json\/wp\/v2\/users\/5106"}],"replies":[{"embeddable":true,"href":"https:\/\/sola.kau.se\/attundervisaommigration\/wp-json\/wp\/v2\/comments?post=43"}],"version-history":[{"count":5,"href":"https:\/\/sola.kau.se\/attundervisaommigration\/wp-json\/wp\/v2\/pages\/43\/revisions"}],"predecessor-version":[{"id":256,"href":"https:\/\/sola.kau.se\/attundervisaommigration\/wp-json\/wp\/v2\/pages\/43\/revisions\/256"}],"wp:attachment":[{"href":"https:\/\/sola.kau.se\/attundervisaommigration\/wp-json\/wp\/v2\/media?parent=43"}],"curies":[{"name":"wp","href":"https:\/\/api.w.org\/{rel}","templated":true}]}}