 {"id":51,"date":"2023-10-29T14:48:14","date_gmt":"2023-10-29T14:48:14","guid":{"rendered":"https:\/\/sola.kau.se\/attundervisaommigration\/?page_id=51"},"modified":"2023-11-02T11:14:17","modified_gmt":"2023-11-02T11:14:17","slug":"larresursen-version-2","status":"publish","type":"page","link":"https:\/\/sola.kau.se\/attundervisaommigration\/larresursen-version-2\/","title":{"rendered":"Undervisningsmodul version 2"},"content":{"rendered":"\n<p><strong>Viktiga slutsatser drogs i samband i med den f\u00f6rsta utprovningen. Behov fanns d\u00e4rf\u00f6r att g\u00f6ra justeringar, vilka var av den omfattning att resultatet blev en andra version av modulen<\/strong><strong>.<\/strong><\/p>\n\n\n\n<p>Analysen av utprovningen av den f\u00f6rsta versionen av modulen indikerade tydligt att det tidsgeografiska perspektivet beh\u00f6vde f\u00f6rtydligas.  En annan sak som vi  hade uppt\u00e4ckt  var att eleverna hade sv\u00e5rt att lyfta strukturella perspektiv kring migration, de individuella akt\u00f6rsperspektiven tycktes dominera. I denna andra version justerades \u00f6vningarna lite, begreppet regler lyftes fram f\u00f6r att peka p\u00e5 de sammanhang som formar beslut att migrera. Versionen blev ocks\u00e5 lite kortare eftersom vi s\u00e5g en risk i att den f\u00f6rsta versionen blev tidsm\u00e4ssigt f\u00f6r omfattande.<\/p>\n\n\n\n<p>P\u00e5 menystrukturen \u00e5terfinns material som kan anv\u00e4ndas i undervisningen. F\u00f6r de flesta \u00f6vningarna finns l\u00e4rarhandledningar, kallat handledarnycklar, dessa ger f\u00f6rslag p\u00e5 hur materialet kan anv\u00e4ndas.  Vi har valt att tala om moment snarare \u00e4n om lektioner f\u00f6r att momenten kan sp\u00e4nna \u00f6ver mer \u00e4n en lektion.<\/p>\n\n\n\n<p><\/p>\n\n\n\n<figure class=\"wp-block-image size-large is-resized\"><img loading=\"lazy\" decoding=\"async\" src=\"https:\/\/sola.kau.se\/attundervisaommigration\/wp-content\/uploads\/sites\/1007\/2023\/10\/Skarmavbild-2023-10-30-kl.-21.56.10-1024x571.png\" alt=\"\" class=\"wp-image-225\" width=\"676\" height=\"377\" srcset=\"https:\/\/sola.kau.se\/attundervisaommigration\/wp-content\/uploads\/sites\/1007\/2023\/10\/Skarmavbild-2023-10-30-kl.-21.56.10-1024x571.png 1024w, https:\/\/sola.kau.se\/attundervisaommigration\/wp-content\/uploads\/sites\/1007\/2023\/10\/Skarmavbild-2023-10-30-kl.-21.56.10-300x167.png 300w, https:\/\/sola.kau.se\/attundervisaommigration\/wp-content\/uploads\/sites\/1007\/2023\/10\/Skarmavbild-2023-10-30-kl.-21.56.10-768x428.png 768w, https:\/\/sola.kau.se\/attundervisaommigration\/wp-content\/uploads\/sites\/1007\/2023\/10\/Skarmavbild-2023-10-30-kl.-21.56.10-1536x857.png 1536w, https:\/\/sola.kau.se\/attundervisaommigration\/wp-content\/uploads\/sites\/1007\/2023\/10\/Skarmavbild-2023-10-30-kl.-21.56.10-2048x1142.png 2048w, https:\/\/sola.kau.se\/attundervisaommigration\/wp-content\/uploads\/sites\/1007\/2023\/10\/Skarmavbild-2023-10-30-kl.-21.56.10-676x377.png 676w\" sizes=\"auto, (max-width: 676px) 100vw, 676px\" \/><figcaption class=\"wp-element-caption\">Version2. Denna version av modulen har st\u00f6rre fokus p\u00e5 det tidsgeografiska perspektivet och p\u00e5 att utveckla perspektiv kring struktur och akt\u00f6r.<\/figcaption><\/figure>\n","protected":false},"excerpt":{"rendered":"<p>Viktiga slutsatser drogs i samband i med den f\u00f6rsta utprovningen. Behov fanns d\u00e4rf\u00f6r att g\u00f6ra justeringar, vilka var av den omfattning att resultatet blev en andra version av modulen. Analysen av utprovningen av den f\u00f6rsta versionen av modulen indikerade tydligt att det tidsgeografiska perspektivet beh\u00f6vde f\u00f6rtydligas. En annan sak som vi hade uppt\u00e4ckt var att [&hellip;]<\/p>\n","protected":false},"author":5106,"featured_media":0,"parent":0,"menu_order":0,"comment_status":"closed","ping_status":"closed","template":"","meta":{"footnotes":""},"class_list":["post-51","page","type-page","status-publish","hentry","post-preview"],"_links":{"self":[{"href":"https:\/\/sola.kau.se\/attundervisaommigration\/wp-json\/wp\/v2\/pages\/51","targetHints":{"allow":["GET"]}}],"collection":[{"href":"https:\/\/sola.kau.se\/attundervisaommigration\/wp-json\/wp\/v2\/pages"}],"about":[{"href":"https:\/\/sola.kau.se\/attundervisaommigration\/wp-json\/wp\/v2\/types\/page"}],"author":[{"embeddable":true,"href":"https:\/\/sola.kau.se\/attundervisaommigration\/wp-json\/wp\/v2\/users\/5106"}],"replies":[{"embeddable":true,"href":"https:\/\/sola.kau.se\/attundervisaommigration\/wp-json\/wp\/v2\/comments?post=51"}],"version-history":[{"count":16,"href":"https:\/\/sola.kau.se\/attundervisaommigration\/wp-json\/wp\/v2\/pages\/51\/revisions"}],"predecessor-version":[{"id":337,"href":"https:\/\/sola.kau.se\/attundervisaommigration\/wp-json\/wp\/v2\/pages\/51\/revisions\/337"}],"wp:attachment":[{"href":"https:\/\/sola.kau.se\/attundervisaommigration\/wp-json\/wp\/v2\/media?parent=51"}],"curies":[{"name":"wp","href":"https:\/\/api.w.org\/{rel}","templated":true}]}}