 {"id":56,"date":"2023-10-29T14:51:40","date_gmt":"2023-10-29T14:51:40","guid":{"rendered":"https:\/\/sola.kau.se\/attundervisaommigration\/?page_id=56"},"modified":"2023-10-31T20:35:19","modified_gmt":"2023-10-31T20:35:19","slug":"projektgruppen","status":"publish","type":"page","link":"https:\/\/sola.kau.se\/attundervisaommigration\/projektgruppen\/","title":{"rendered":"Forskargruppen"},"content":{"rendered":"\n<p>Vi som var forskare i projekt \u00e4r alla verksamma vid Centrum f\u00f6r de samh\u00e4llsvetenskapliga \u00e4mnenas didaktik (CSD), Karlstads universitet.  Vi \u00e4r djupt involverade i  Karlstads universitets l\u00e4rarutbildning. D\u00e4r undervisar vi  bland annat sedan m\u00e5nga \u00e5r p\u00e5 SO-kursen f\u00f6r blivande mellanstadiel\u00e4rare.  Resultaten fr\u00e5n projektet har integrerats i utbildningen.<\/p>\n\n\n\n<div class=\"wp-block-media-text alignwide is-stacked-on-mobile\" style=\"grid-template-columns:15% auto\"><figure class=\"wp-block-media-text__media\"><img loading=\"lazy\" decoding=\"async\" width=\"172\" height=\"258\" src=\"https:\/\/sola.kau.se\/attundervisaommigration\/wp-content\/uploads\/sites\/1007\/2023\/10\/gabriel-2.png\" alt=\"\" class=\"wp-image-192 size-full\" \/><\/figure><div class=\"wp-block-media-text__content\">\n<p>Gabriel Bladh, docent i kulturgeografi och professor i samh\u00e4llsvetenskapernas didaktik, geografididaktik. <\/p>\n<\/div><\/div>\n\n\n\n<div class=\"wp-block-media-text alignwide is-stacked-on-mobile\" style=\"grid-template-columns:15% auto\"><figure class=\"wp-block-media-text__media\"><img loading=\"lazy\" decoding=\"async\" width=\"212\" height=\"280\" src=\"https:\/\/sola.kau.se\/attundervisaommigration\/wp-content\/uploads\/sites\/1007\/2023\/10\/sara-2.png\" alt=\"\" class=\"wp-image-194 size-full\" \/><\/figure><div class=\"wp-block-media-text__content\">\n<p>Sara Blanck, under projektet doktorand, men numera Fil. Dr i pedagogiskt arbete, samh\u00e4llskunskapsdidaktik.<\/p>\n<\/div><\/div>\n\n\n\n<div class=\"wp-block-media-text alignwide is-stacked-on-mobile\" style=\"grid-template-columns:15% auto\"><figure class=\"wp-block-media-text__media\"><img loading=\"lazy\" decoding=\"async\" width=\"250\" height=\"258\" src=\"https:\/\/sola.kau.se\/attundervisaommigration\/wp-content\/uploads\/sites\/1007\/2023\/10\/martinj-1.png\" alt=\"\" class=\"wp-image-195 size-full\" \/><\/figure><div class=\"wp-block-media-text__content\">\n<p>Martin Jakobsson, Fil. Dr i pedagogik, samh\u00e4llskunskapsdidaktik.<\/p>\n<\/div><\/div>\n\n\n\n<div class=\"wp-block-media-text alignwide is-stacked-on-mobile\" style=\"grid-template-columns:15% auto\"><figure class=\"wp-block-media-text__media\"><img loading=\"lazy\" decoding=\"async\" width=\"819\" height=\"1024\" src=\"https:\/\/sola.kau.se\/attundervisaommigration\/wp-content\/uploads\/sites\/1007\/2023\/10\/Martin-Stolare-liten-1-819x1024.jpg\" alt=\"\" class=\"wp-image-180 size-full\" srcset=\"https:\/\/sola.kau.se\/attundervisaommigration\/wp-content\/uploads\/sites\/1007\/2023\/10\/Martin-Stolare-liten-1-819x1024.jpg 819w, https:\/\/sola.kau.se\/attundervisaommigration\/wp-content\/uploads\/sites\/1007\/2023\/10\/Martin-Stolare-liten-1-240x300.jpg 240w, https:\/\/sola.kau.se\/attundervisaommigration\/wp-content\/uploads\/sites\/1007\/2023\/10\/Martin-Stolare-liten-1-768x960.jpg 768w, https:\/\/sola.kau.se\/attundervisaommigration\/wp-content\/uploads\/sites\/1007\/2023\/10\/Martin-Stolare-liten-1-1229x1536.jpg 1229w, https:\/\/sola.kau.se\/attundervisaommigration\/wp-content\/uploads\/sites\/1007\/2023\/10\/Martin-Stolare-liten-1-1639x2048.jpg 1639w, https:\/\/sola.kau.se\/attundervisaommigration\/wp-content\/uploads\/sites\/1007\/2023\/10\/Martin-Stolare-liten-1-676x845.jpg 676w, https:\/\/sola.kau.se\/attundervisaommigration\/wp-content\/uploads\/sites\/1007\/2023\/10\/Martin-Stolare-liten-1.jpg 1654w\" sizes=\"auto, (max-width: 819px) 100vw, 819px\" \/><\/figure><div class=\"wp-block-media-text__content\">\n<p>Martin Stolare, professor i historia, historiedidaktik, projektledare<\/p>\n<\/div><\/div>\n","protected":false},"excerpt":{"rendered":"<p>Vi som var forskare i projekt \u00e4r alla verksamma vid Centrum f\u00f6r de samh\u00e4llsvetenskapliga \u00e4mnenas didaktik (CSD), Karlstads universitet. Vi \u00e4r djupt involverade i Karlstads universitets l\u00e4rarutbildning. D\u00e4r undervisar vi bland annat sedan m\u00e5nga \u00e5r p\u00e5 SO-kursen f\u00f6r blivande mellanstadiel\u00e4rare. Resultaten fr\u00e5n projektet har integrerats i utbildningen. Gabriel Bladh, docent i kulturgeografi och professor i [&hellip;]<\/p>\n","protected":false},"author":5106,"featured_media":0,"parent":0,"menu_order":0,"comment_status":"closed","ping_status":"closed","template":"","meta":{"footnotes":""},"class_list":["post-56","page","type-page","status-publish","hentry","post-preview"],"_links":{"self":[{"href":"https:\/\/sola.kau.se\/attundervisaommigration\/wp-json\/wp\/v2\/pages\/56","targetHints":{"allow":["GET"]}}],"collection":[{"href":"https:\/\/sola.kau.se\/attundervisaommigration\/wp-json\/wp\/v2\/pages"}],"about":[{"href":"https:\/\/sola.kau.se\/attundervisaommigration\/wp-json\/wp\/v2\/types\/page"}],"author":[{"embeddable":true,"href":"https:\/\/sola.kau.se\/attundervisaommigration\/wp-json\/wp\/v2\/users\/5106"}],"replies":[{"embeddable":true,"href":"https:\/\/sola.kau.se\/attundervisaommigration\/wp-json\/wp\/v2\/comments?post=56"}],"version-history":[{"count":13,"href":"https:\/\/sola.kau.se\/attundervisaommigration\/wp-json\/wp\/v2\/pages\/56\/revisions"}],"predecessor-version":[{"id":291,"href":"https:\/\/sola.kau.se\/attundervisaommigration\/wp-json\/wp\/v2\/pages\/56\/revisions\/291"}],"wp:attachment":[{"href":"https:\/\/sola.kau.se\/attundervisaommigration\/wp-json\/wp\/v2\/media?parent=56"}],"curies":[{"name":"wp","href":"https:\/\/api.w.org\/{rel}","templated":true}]}}