 {"id":67,"date":"2023-10-29T15:11:17","date_gmt":"2023-10-29T15:11:17","guid":{"rendered":"https:\/\/sola.kau.se\/attundervisaommigration\/?page_id=67"},"modified":"2023-10-31T20:39:32","modified_gmt":"2023-10-31T20:39:32","slug":"pass-2-version-1","status":"publish","type":"page","link":"https:\/\/sola.kau.se\/attundervisaommigration\/pass-2-version-1\/","title":{"rendered":"Moment 2:  Centrala migrationsbegrepp"},"content":{"rendered":"\n<p><strong>H\u00e4r m\u00f6ter eleverna fyra begreppspar som \u00e4r centrala f\u00f6r att de ska kunna komma vidare och f\u00f6rdjupa sin f\u00f6rst\u00e5else kring  migration som samh\u00e4llsfr\u00e5ga<\/strong><\/p>\n\n\n\n<p>Begrepps\u00f6vningar utg\u00e5r fr\u00e5n en film d\u00e4r de fyra begreppsparen introduceras. Eleverna ska i \u00f6vningarna sj\u00e4lva anv\u00e4nda begreppen genom att relatera dem till de fem personerna och deras migrationsbiografier eleverna m\u00f6tte i moment 1.<\/p>\n\n\n\n<p><strong>Dokument:<\/strong><\/p>\n\n\n\n<ul class=\"wp-block-list\">\n<li><a href=\"https:\/\/kau.box.com\/s\/5fas5b1wczh68ot8p92unm6jk1wrr5uu\">Handledarnyckel<\/a><\/li>\n\n\n\n<li><a href=\"https:\/\/kau.box.com\/s\/hl4m49vkmsy1ouhq9cyxipszvlu2g5rz\">\u00d6vning migrationsbegrepp <\/a><\/li>\n\n\n\n<li><a href=\"https:\/\/kau.box.com\/s\/j0vetq0mnls2drna1p5wilw79k712qbw\">Personkort &#8211; de fem personernas migrationsbiografier<\/a><\/li>\n<\/ul>\n","protected":false},"excerpt":{"rendered":"<p>H\u00e4r m\u00f6ter eleverna fyra begreppspar som \u00e4r centrala f\u00f6r att de ska kunna komma vidare och f\u00f6rdjupa sin f\u00f6rst\u00e5else kring migration som samh\u00e4llsfr\u00e5ga Begrepps\u00f6vningar utg\u00e5r fr\u00e5n en film d\u00e4r de fyra begreppsparen introduceras. Eleverna ska i \u00f6vningarna sj\u00e4lva anv\u00e4nda begreppen genom att relatera dem till de fem personerna och deras migrationsbiografier eleverna m\u00f6tte i moment [&hellip;]<\/p>\n","protected":false},"author":5106,"featured_media":0,"parent":0,"menu_order":0,"comment_status":"closed","ping_status":"closed","template":"","meta":{"footnotes":""},"class_list":["post-67","page","type-page","status-publish","hentry","post-preview"],"_links":{"self":[{"href":"https:\/\/sola.kau.se\/attundervisaommigration\/wp-json\/wp\/v2\/pages\/67","targetHints":{"allow":["GET"]}}],"collection":[{"href":"https:\/\/sola.kau.se\/attundervisaommigration\/wp-json\/wp\/v2\/pages"}],"about":[{"href":"https:\/\/sola.kau.se\/attundervisaommigration\/wp-json\/wp\/v2\/types\/page"}],"author":[{"embeddable":true,"href":"https:\/\/sola.kau.se\/attundervisaommigration\/wp-json\/wp\/v2\/users\/5106"}],"replies":[{"embeddable":true,"href":"https:\/\/sola.kau.se\/attundervisaommigration\/wp-json\/wp\/v2\/comments?post=67"}],"version-history":[{"count":9,"href":"https:\/\/sola.kau.se\/attundervisaommigration\/wp-json\/wp\/v2\/pages\/67\/revisions"}],"predecessor-version":[{"id":294,"href":"https:\/\/sola.kau.se\/attundervisaommigration\/wp-json\/wp\/v2\/pages\/67\/revisions\/294"}],"wp:attachment":[{"href":"https:\/\/sola.kau.se\/attundervisaommigration\/wp-json\/wp\/v2\/media?parent=67"}],"curies":[{"name":"wp","href":"https:\/\/api.w.org\/{rel}","templated":true}]}}