 {"id":73,"date":"2023-10-29T15:12:12","date_gmt":"2023-10-29T15:12:12","guid":{"rendered":"https:\/\/sola.kau.se\/attundervisaommigration\/?page_id=73"},"modified":"2023-10-29T20:24:23","modified_gmt":"2023-10-29T20:24:23","slug":"pass-5-version-1","status":"publish","type":"page","link":"https:\/\/sola.kau.se\/attundervisaommigration\/pass-5-version-1\/","title":{"rendered":"Moment 5: Migrationens betydelser"},"content":{"rendered":"\n<p><strong>I det avslutande momentet ska eleverna p\u00e5 basis av de de l\u00e4rt sig fundera \u00f6ver vilka betydelser som migrationen kan f\u00e5. <\/strong><\/p>\n\n\n\n<p><\/p>\n\n\n\n<p>Fokus ligger i detta fallet p\u00e5 migrationens betydelse i ett lokalt sammanhang. Utg\u00e5ngspunkten \u00e4r h\u00e4r Filipstad. \u00d6vningen finns i tv\u00e5 varianter. Den f\u00f6rsta delen som beskriver migrationsm\u00f6nster historiskt utifr\u00e5n statistik \u00e4r dock gemensam. Den ena varianten inneh\u00e5ller en fyrah\u00f6rns\u00f6vning. I denna ska eleverna ta st\u00e4llning i fyra olika dilemman. Denna \u00f6vning kan upplevas som personlig, d\u00e4rf\u00f6r utvecklades en annan variant. I denna ska eleverna inte sj\u00e4lva ta st\u00e4llning utan ist\u00e4llet resonera och rangordna redan givna argument kring dilemman. Under projektet f\u00f6ll fyrah\u00f6rnsuppgiften mycket v\u00e4l ut, men det \u00e4r en \u00f6vning som kr\u00e4ver att man arbetat med migrationsfr\u00e5gan under l\u00e5ng tid som g\u00f6r det m\u00f6jligt att inta en nyanserat f\u00f6rh\u00e5llningss\u00e4tt. <\/p>\n\n\n\n<p><\/p>\n\n\n\n<p><strong>Dokument:<\/strong><\/p>\n\n\n\n<ul class=\"wp-block-list\">\n<li><a href=\"https:\/\/kau.box.com\/s\/s4p3yn7opnm4zt1shbn0u81lj8q4g5n7\">Handledarnyckel<\/a><\/li>\n\n\n\n<li><a href=\"https:\/\/kau.box.com\/s\/6d2491abjl3hkhvoilcjmv01n1lnzf5e\">\u00d6vning- fyrah\u00f6rn<\/a><\/li>\n\n\n\n<li><a href=\"https:\/\/kau.box.com\/s\/zhr693drqhpwxm3qoxncbghw28thk0oo\">\u00d6vning &#8211; rangordna och analysera argument<\/a><\/li>\n<\/ul>\n","protected":false},"excerpt":{"rendered":"<p>I det avslutande momentet ska eleverna p\u00e5 basis av de de l\u00e4rt sig fundera \u00f6ver vilka betydelser som migrationen kan f\u00e5. Fokus ligger i detta fallet p\u00e5 migrationens betydelse i ett lokalt sammanhang. Utg\u00e5ngspunkten \u00e4r h\u00e4r Filipstad. \u00d6vningen finns i tv\u00e5 varianter. Den f\u00f6rsta delen som beskriver migrationsm\u00f6nster historiskt utifr\u00e5n statistik \u00e4r dock gemensam. Den [&hellip;]<\/p>\n","protected":false},"author":5106,"featured_media":0,"parent":0,"menu_order":0,"comment_status":"closed","ping_status":"closed","template":"","meta":{"footnotes":""},"class_list":["post-73","page","type-page","status-publish","hentry","post-preview"],"_links":{"self":[{"href":"https:\/\/sola.kau.se\/attundervisaommigration\/wp-json\/wp\/v2\/pages\/73","targetHints":{"allow":["GET"]}}],"collection":[{"href":"https:\/\/sola.kau.se\/attundervisaommigration\/wp-json\/wp\/v2\/pages"}],"about":[{"href":"https:\/\/sola.kau.se\/attundervisaommigration\/wp-json\/wp\/v2\/types\/page"}],"author":[{"embeddable":true,"href":"https:\/\/sola.kau.se\/attundervisaommigration\/wp-json\/wp\/v2\/users\/5106"}],"replies":[{"embeddable":true,"href":"https:\/\/sola.kau.se\/attundervisaommigration\/wp-json\/wp\/v2\/comments?post=73"}],"version-history":[{"count":7,"href":"https:\/\/sola.kau.se\/attundervisaommigration\/wp-json\/wp\/v2\/pages\/73\/revisions"}],"predecessor-version":[{"id":132,"href":"https:\/\/sola.kau.se\/attundervisaommigration\/wp-json\/wp\/v2\/pages\/73\/revisions\/132"}],"wp:attachment":[{"href":"https:\/\/sola.kau.se\/attundervisaommigration\/wp-json\/wp\/v2\/media?parent=73"}],"curies":[{"name":"wp","href":"https:\/\/api.w.org\/{rel}","templated":true}]}}