 {"id":95,"date":"2023-10-29T15:34:25","date_gmt":"2023-10-29T15:34:25","guid":{"rendered":"https:\/\/sola.kau.se\/attundervisaommigration\/?page_id=95"},"modified":"2023-10-31T20:24:39","modified_gmt":"2023-10-31T20:24:39","slug":"moment-1-v-2-ingangsovning","status":"publish","type":"page","link":"https:\/\/sola.kau.se\/attundervisaommigration\/moment-1-v-2-ingangsovning\/","title":{"rendered":"Ing\u00e5ngs\u00f6vning"},"content":{"rendered":"\n<p>I<strong>ng\u00e5ngs\u00f6vningens syfte \u00e4r att introducera temat. Det g\u00f6rs genom tv\u00e5 korta \u00f6vningar.<\/strong><\/p>\n\n\n\n<p>Den f\u00f6rsta \u00f6vningen behandlar migration ur ett historiskt perspektiv. Eleverna ska f\u00e5 en f\u00f6rst\u00e5else f\u00f6r att m\u00e4nniskan migrerat sedan dess att den uppstod. Den andra \u00f6vningen \u00e4r l\u00e4rarledd och handlar om att lyfta elevernas f\u00f6rkunskaper om migration.<\/p>\n\n\n\n<p><\/p>\n\n\n\n<p><strong>Dokument:<\/strong><\/p>\n\n\n\n<ul class=\"wp-block-list\">\n<li><a href=\"https:\/\/kau.box.com\/s\/u2x8lmx7jtqr2157awr5lilnxl3sws6d\">Handledarnyckel<\/a><\/li>\n\n\n\n<li><a href=\"https:\/\/kau.box.com\/s\/uxojp9qbxtx18sga2pc3gj79e6qfenzk\">\u00d6vning &#8211; ett historiskt perspektiv p\u00e5 migration<\/a><\/li>\n<\/ul>\n","protected":false},"excerpt":{"rendered":"<p>Ing\u00e5ngs\u00f6vningens syfte \u00e4r att introducera temat. Det g\u00f6rs genom tv\u00e5 korta \u00f6vningar. Den f\u00f6rsta \u00f6vningen behandlar migration ur ett historiskt perspektiv. Eleverna ska f\u00e5 en f\u00f6rst\u00e5else f\u00f6r att m\u00e4nniskan migrerat sedan dess att den uppstod. Den andra \u00f6vningen \u00e4r l\u00e4rarledd och handlar om att lyfta elevernas f\u00f6rkunskaper om migration. Dokument:<\/p>\n","protected":false},"author":5106,"featured_media":0,"parent":0,"menu_order":0,"comment_status":"closed","ping_status":"closed","template":"","meta":{"footnotes":""},"class_list":["post-95","page","type-page","status-publish","hentry","post-preview"],"_links":{"self":[{"href":"https:\/\/sola.kau.se\/attundervisaommigration\/wp-json\/wp\/v2\/pages\/95","targetHints":{"allow":["GET"]}}],"collection":[{"href":"https:\/\/sola.kau.se\/attundervisaommigration\/wp-json\/wp\/v2\/pages"}],"about":[{"href":"https:\/\/sola.kau.se\/attundervisaommigration\/wp-json\/wp\/v2\/types\/page"}],"author":[{"embeddable":true,"href":"https:\/\/sola.kau.se\/attundervisaommigration\/wp-json\/wp\/v2\/users\/5106"}],"replies":[{"embeddable":true,"href":"https:\/\/sola.kau.se\/attundervisaommigration\/wp-json\/wp\/v2\/comments?post=95"}],"version-history":[{"count":5,"href":"https:\/\/sola.kau.se\/attundervisaommigration\/wp-json\/wp\/v2\/pages\/95\/revisions"}],"predecessor-version":[{"id":286,"href":"https:\/\/sola.kau.se\/attundervisaommigration\/wp-json\/wp\/v2\/pages\/95\/revisions\/286"}],"wp:attachment":[{"href":"https:\/\/sola.kau.se\/attundervisaommigration\/wp-json\/wp\/v2\/media?parent=95"}],"curies":[{"name":"wp","href":"https:\/\/api.w.org\/{rel}","templated":true}]}}