 {"id":97,"date":"2023-10-29T15:36:03","date_gmt":"2023-10-29T15:36:03","guid":{"rendered":"https:\/\/sola.kau.se\/attundervisaommigration\/?page_id=97"},"modified":"2023-10-30T08:52:29","modified_gmt":"2023-10-30T08:52:29","slug":"moment-2-v-2-nagra-centrala-migrationsbegrepp","status":"publish","type":"page","link":"https:\/\/sola.kau.se\/attundervisaommigration\/moment-2-v-2-nagra-centrala-migrationsbegrepp\/","title":{"rendered":"Moment 2: N\u00e5gra centrala migrationsbegrepp"},"content":{"rendered":"\n<p><strong>Den f\u00f6rra momentet gav en grund f\u00f6r att kunna skilja p\u00e5 intern och extern migration. Syftet med detta moment \u00e4r att bygga vidare p\u00e5 denna grund genom att introducera n\u00e5gra centrala migrationsbegrepp kopplade till extern migration &#8211; att flytta mellan l\u00e4nder. Vidare skall olika migrationsm\u00f6nster behandlas.<\/strong><\/p>\n\n\n\n<p><\/p>\n\n\n\n<p><strong>Dokument:<\/strong><\/p>\n\n\n\n<ul class=\"wp-block-list\">\n<li><a href=\"https:\/\/kau.box.com\/s\/31a0tolmvjrqfdxvp862h98waqk5ilau\">Handledarnyckel<\/a><\/li>\n\n\n\n<li><a href=\"https:\/\/kau.box.com\/s\/25tohxltamnefjpcf7d5isq6krny2n87\">Presentationsmaterial f\u00f6r l\u00e4rargenomg\u00e5ng och \u00f6vningar<\/a><\/li>\n<\/ul>\n","protected":false},"excerpt":{"rendered":"<p>Den f\u00f6rra momentet gav en grund f\u00f6r att kunna skilja p\u00e5 intern och extern migration. Syftet med detta moment \u00e4r att bygga vidare p\u00e5 denna grund genom att introducera n\u00e5gra centrala migrationsbegrepp kopplade till extern migration &#8211; att flytta mellan l\u00e4nder. Vidare skall olika migrationsm\u00f6nster behandlas. Dokument:<\/p>\n","protected":false},"author":5106,"featured_media":0,"parent":0,"menu_order":0,"comment_status":"closed","ping_status":"closed","template":"","meta":{"footnotes":""},"class_list":["post-97","page","type-page","status-publish","hentry","post-preview"],"_links":{"self":[{"href":"https:\/\/sola.kau.se\/attundervisaommigration\/wp-json\/wp\/v2\/pages\/97","targetHints":{"allow":["GET"]}}],"collection":[{"href":"https:\/\/sola.kau.se\/attundervisaommigration\/wp-json\/wp\/v2\/pages"}],"about":[{"href":"https:\/\/sola.kau.se\/attundervisaommigration\/wp-json\/wp\/v2\/types\/page"}],"author":[{"embeddable":true,"href":"https:\/\/sola.kau.se\/attundervisaommigration\/wp-json\/wp\/v2\/users\/5106"}],"replies":[{"embeddable":true,"href":"https:\/\/sola.kau.se\/attundervisaommigration\/wp-json\/wp\/v2\/comments?post=97"}],"version-history":[{"count":3,"href":"https:\/\/sola.kau.se\/attundervisaommigration\/wp-json\/wp\/v2\/pages\/97\/revisions"}],"predecessor-version":[{"id":150,"href":"https:\/\/sola.kau.se\/attundervisaommigration\/wp-json\/wp\/v2\/pages\/97\/revisions\/150"}],"wp:attachment":[{"href":"https:\/\/sola.kau.se\/attundervisaommigration\/wp-json\/wp\/v2\/media?parent=97"}],"curies":[{"name":"wp","href":"https:\/\/api.w.org\/{rel}","templated":true}]}}