 {"id":99,"date":"2023-10-29T15:36:49","date_gmt":"2023-10-29T15:36:49","guid":{"rendered":"https:\/\/sola.kau.se\/attundervisaommigration\/?page_id=99"},"modified":"2023-10-31T20:51:30","modified_gmt":"2023-10-31T20:51:30","slug":"moment-3-v-2-varfor-migration","status":"publish","type":"page","link":"https:\/\/sola.kau.se\/attundervisaommigration\/moment-3-v-2-varfor-migration\/","title":{"rendered":"Moment 3:  Varf\u00f6r migration?"},"content":{"rendered":"\n<p><strong>I det h\u00e4r momentet lyfts fr\u00e5gan kring varf\u00f6r m\u00e4nniskor migrerar, vilka orsaker som kan finnas till det!<\/strong><\/p>\n\n\n\n<p>Eleverna f\u00e5r h\u00e4r arbeta med tv\u00e5 \u00f6vningar.  Avstamp tas i tv\u00e5 migrationsbiografier, br\u00f6derna Peter och Miroslav. Vad formade deras migrationsbeslut? Detta \u00e4r den \u00f6vergripande fr\u00e5ga eleverna ska f\u00f6rs\u00f6ka besvara med hj\u00e4lp av ett antal k\u00e4llor. Den f\u00f6rsta \u00f6vningen \u00e4r l\u00e4rarledd f\u00f6r att eleverna ska f\u00f6rst\u00e5 hur de ska arbeta. Sedan \u00e4r det t\u00e4nkt att de i grupp sj\u00e4lva ska l\u00f6sa den andra \u00f6vningen.<\/p>\n\n\n\n<p><\/p>\n\n\n\n<p><\/p>\n\n\n\n<p><strong>Dokument:<\/strong><\/p>\n\n\n\n<ul class=\"wp-block-list\">\n<li><a href=\"https:\/\/kau.box.com\/s\/w08x5gz3k3pr1ul4pdmdu8dbq25s0f69\">Handledarnyckel<\/a><\/li>\n\n\n\n<li><a href=\"https:\/\/kau.box.com\/s\/sffyyoagxb046d22svxy62zt1t02xc5h\">Personkort Peter &amp; Miroslav<\/a><\/li>\n\n\n\n<li><a href=\"https:\/\/kau.box.com\/s\/2ftqc4zgucgaob1uxz7wiiczpsbu5gry\">\u00d6vning Peter &amp; Miroslav<\/a><\/li>\n\n\n\n<li><a href=\"https:\/\/kau.box.com\/s\/lgyryeollw80wjqpdsh0nr4asp7vtw11\">K\u00e4llor Peter<\/a><\/li>\n\n\n\n<li><a href=\"https:\/\/kau.box.com\/s\/zidf8umtb4wpj5r1weuuexmm4vc77j2h\">K\u00e4llor Miroslav<\/a><\/li>\n\n\n\n<li><a href=\"https:\/\/kau.box.com\/s\/bx8l343rsit08cgt6rg6aergjz9w0aer\">Presentation genomg\u00e5ng Miroslav<\/a><\/li>\n<\/ul>\n\n\n\n<p><\/p>\n","protected":false},"excerpt":{"rendered":"<p>I det h\u00e4r momentet lyfts fr\u00e5gan kring varf\u00f6r m\u00e4nniskor migrerar, vilka orsaker som kan finnas till det! Eleverna f\u00e5r h\u00e4r arbeta med tv\u00e5 \u00f6vningar. Avstamp tas i tv\u00e5 migrationsbiografier, br\u00f6derna Peter och Miroslav. Vad formade deras migrationsbeslut? Detta \u00e4r den \u00f6vergripande fr\u00e5ga eleverna ska f\u00f6rs\u00f6ka besvara med hj\u00e4lp av ett antal k\u00e4llor. Den f\u00f6rsta \u00f6vningen [&hellip;]<\/p>\n","protected":false},"author":5106,"featured_media":0,"parent":0,"menu_order":0,"comment_status":"closed","ping_status":"closed","template":"","meta":{"footnotes":""},"class_list":["post-99","page","type-page","status-publish","hentry","post-preview"],"_links":{"self":[{"href":"https:\/\/sola.kau.se\/attundervisaommigration\/wp-json\/wp\/v2\/pages\/99","targetHints":{"allow":["GET"]}}],"collection":[{"href":"https:\/\/sola.kau.se\/attundervisaommigration\/wp-json\/wp\/v2\/pages"}],"about":[{"href":"https:\/\/sola.kau.se\/attundervisaommigration\/wp-json\/wp\/v2\/types\/page"}],"author":[{"embeddable":true,"href":"https:\/\/sola.kau.se\/attundervisaommigration\/wp-json\/wp\/v2\/users\/5106"}],"replies":[{"embeddable":true,"href":"https:\/\/sola.kau.se\/attundervisaommigration\/wp-json\/wp\/v2\/comments?post=99"}],"version-history":[{"count":10,"href":"https:\/\/sola.kau.se\/attundervisaommigration\/wp-json\/wp\/v2\/pages\/99\/revisions"}],"predecessor-version":[{"id":302,"href":"https:\/\/sola.kau.se\/attundervisaommigration\/wp-json\/wp\/v2\/pages\/99\/revisions\/302"}],"wp:attachment":[{"href":"https:\/\/sola.kau.se\/attundervisaommigration\/wp-json\/wp\/v2\/media?parent=99"}],"curies":[{"name":"wp","href":"https:\/\/api.w.org\/{rel}","templated":true}]}}