 {"id":25,"date":"2021-02-04T14:06:15","date_gmt":"2021-02-04T14:06:15","guid":{"rendered":"https:\/\/sola.kau.se\/biokuma\/?page_id=25"},"modified":"2022-02-14T09:58:27","modified_gmt":"2022-02-14T09:58:27","slug":"om-biokuma","status":"publish","type":"page","link":"https:\/\/sola.kau.se\/biokuma\/om-biokuma\/","title":{"rendered":"Om Biokuma"},"content":{"rendered":"\n<p>Projektets m\u00e5l \u00e4r att st\u00e4rka m\u00f6jligheten f\u00f6r bevarandet och utvecklandet av omr\u00e5dets biokulturella arv genom att st\u00f6dja alternativ matproduktion som f\u00f6rvaltare av biokulturellt arv till gagn f\u00f6r boende och bes\u00f6kare.&nbsp;<\/p>\n\n\n\n<p>Detta ska g\u00f6ras genom att i projektet studere hvordan alternativ matproduksjon fungerer i praksis, med hensyn til forvaltning av biokulturellt arv, och att utarbeta rekommendationer f\u00f6r arbetsmetoder och processer gynnande det biokulturella arvet.&nbsp;<\/p>\n\n\n\n<p>Prosjektet vil sammenfatte flere felt og fagomr\u00e5der; biologi, botanikk, arkeologi, historie, kulturgeografi, geologi og landbruksfag &#8211; och framf\u00f6r allt belyse hur de h\u00e4nger samman och betingar varandra. Genom den \u00f6kade kunskapen, de nya och f\u00f6rst\u00e4rkta n\u00e4tverken och projektets rekommendationer uppn\u00e5s projektm\u00e5let.&nbsp;<\/p>\n\n\n\n<p>Biokuma v\u00e4nder sig till f\u00f6rvaltare av natur- och kulturarv, alternativa matproducenter, marknadsorganisation kring alternativ matproduktion och i f\u00f6rl\u00e4ngningen konsumenter av alternativ mat, utbildningsanordnare inom lantbruksutbildningar samt forsknings- och utvecklingsmilj\u00f6er inom natur- och kulturarv samt h\u00e5llbar samh\u00e4llsomst\u00e4llning,.&nbsp;<\/p>\n\n\n\n<p>Samarbetsparter \u00e4r L\u00e4nsstyrelsen i V\u00e4rmland, Skogsstyrelsen (V\u00e4rmland-\u00d6rebro), F\u00f6rbundet Svensk F\u00e4bodkultur och utmarksbruk, F\u00f6reningen V\u00e4rmlands S\u00e4terkultur, Hedmarken Landbrukskontor samt Innlandet fylkeskommune ved J\u00f8nsberg videreg\u00e5ende skole.<\/p>\n","protected":false},"excerpt":{"rendered":"<p>Projektets m\u00e5l \u00e4r att st\u00e4rka m\u00f6jligheten f\u00f6r bevarandet och utvecklandet av omr\u00e5dets biokulturella arv genom att st\u00f6dja alternativ matproduktion som f\u00f6rvaltare av biokulturellt arv till gagn f\u00f6r boende och bes\u00f6kare.&nbsp; Detta ska g\u00f6ras genom att i projektet studere hvordan alternativ matproduksjon fungerer i praksis, med hensyn til forvaltning av biokulturellt arv, och att utarbeta rekommendationer [&hellip;]<\/p>\n","protected":false},"author":201,"featured_media":46,"parent":0,"menu_order":0,"comment_status":"closed","ping_status":"closed","template":"","meta":{"footnotes":""},"class_list":["post-25","page","type-page","status-publish","has-post-thumbnail","hentry"],"_links":{"self":[{"href":"https:\/\/sola.kau.se\/biokuma\/wp-json\/wp\/v2\/pages\/25","targetHints":{"allow":["GET"]}}],"collection":[{"href":"https:\/\/sola.kau.se\/biokuma\/wp-json\/wp\/v2\/pages"}],"about":[{"href":"https:\/\/sola.kau.se\/biokuma\/wp-json\/wp\/v2\/types\/page"}],"author":[{"embeddable":true,"href":"https:\/\/sola.kau.se\/biokuma\/wp-json\/wp\/v2\/users\/201"}],"replies":[{"embeddable":true,"href":"https:\/\/sola.kau.se\/biokuma\/wp-json\/wp\/v2\/comments?post=25"}],"version-history":[{"count":4,"href":"https:\/\/sola.kau.se\/biokuma\/wp-json\/wp\/v2\/pages\/25\/revisions"}],"predecessor-version":[{"id":143,"href":"https:\/\/sola.kau.se\/biokuma\/wp-json\/wp\/v2\/pages\/25\/revisions\/143"}],"wp:featuredmedia":[{"embeddable":true,"href":"https:\/\/sola.kau.se\/biokuma\/wp-json\/wp\/v2\/media\/46"}],"wp:attachment":[{"href":"https:\/\/sola.kau.se\/biokuma\/wp-json\/wp\/v2\/media?parent=25"}],"curies":[{"name":"wp","href":"https:\/\/api.w.org\/{rel}","templated":true}]}}