 {"id":110,"date":"2021-06-21T15:23:11","date_gmt":"2021-06-21T15:23:11","guid":{"rendered":"https:\/\/sola.kau.se\/cslblog\/?page_id=110"},"modified":"2025-05-20T15:29:56","modified_gmt":"2025-05-20T15:29:56","slug":"aktuellt","status":"publish","type":"page","link":"https:\/\/sola.kau.se\/cslblog\/aktuellt\/","title":{"rendered":"Seminarier"},"content":{"rendered":"\n<div class=\"wp-block-columns is-layout-flex wp-container-core-columns-is-layout-9d6595d7 wp-block-columns-is-layout-flex\">\n<div class=\"wp-block-column is-layout-flow wp-block-column-is-layout-flow\" style=\"flex-basis:100%\">\n<div class=\"wp-block-group\"><div class=\"wp-block-group__inner-container is-layout-flow wp-block-group-is-layout-flow\">\n<p><strong>Seminarier inom Centrum f\u00f6r spr\u00e5k- och litteraturdidaktik, h\u00f6stterminen 2024:<\/strong><\/p>\n<\/div><\/div>\n\n\n\n<p><a href=\"https:\/\/www.kau.se\/csl\/aktiviteter\/seminarieprogram-varterminen-2025\">https:\/\/www.kau.se\/csl\/aktiviteter\/seminarieprogram-varterminen-2025<\/a><\/p>\n<\/div>\n<\/div>\n\n\n\n<p><\/p>\n","protected":false},"excerpt":{"rendered":"<p>Seminarier inom Centrum f\u00f6r spr\u00e5k- och litteraturdidaktik, h\u00f6stterminen 2024: https:\/\/www.kau.se\/csl\/aktiviteter\/seminarieprogram-varterminen-2025<\/p>\n","protected":false},"author":409,"featured_media":0,"parent":0,"menu_order":0,"comment_status":"closed","ping_status":"closed","template":"","meta":{"footnotes":""},"class_list":["post-110","page","type-page","status-publish","hentry"],"_links":{"self":[{"href":"https:\/\/sola.kau.se\/cslblog\/wp-json\/wp\/v2\/pages\/110","targetHints":{"allow":["GET"]}}],"collection":[{"href":"https:\/\/sola.kau.se\/cslblog\/wp-json\/wp\/v2\/pages"}],"about":[{"href":"https:\/\/sola.kau.se\/cslblog\/wp-json\/wp\/v2\/types\/page"}],"author":[{"embeddable":true,"href":"https:\/\/sola.kau.se\/cslblog\/wp-json\/wp\/v2\/users\/409"}],"replies":[{"embeddable":true,"href":"https:\/\/sola.kau.se\/cslblog\/wp-json\/wp\/v2\/comments?post=110"}],"version-history":[{"count":24,"href":"https:\/\/sola.kau.se\/cslblog\/wp-json\/wp\/v2\/pages\/110\/revisions"}],"predecessor-version":[{"id":910,"href":"https:\/\/sola.kau.se\/cslblog\/wp-json\/wp\/v2\/pages\/110\/revisions\/910"}],"wp:attachment":[{"href":"https:\/\/sola.kau.se\/cslblog\/wp-json\/wp\/v2\/media?parent=110"}],"curies":[{"name":"wp","href":"https:\/\/api.w.org\/{rel}","templated":true}]}}