 {"id":114,"date":"2021-06-21T15:30:54","date_gmt":"2021-06-21T15:30:54","guid":{"rendered":"https:\/\/sola.kau.se\/cslblog\/?page_id=114"},"modified":"2021-06-21T15:51:20","modified_gmt":"2021-06-21T15:51:20","slug":"om-oss-2","status":"publish","type":"page","link":"https:\/\/sola.kau.se\/cslblog\/om-oss-2\/","title":{"rendered":"Om oss"},"content":{"rendered":"\n<p>CSL best\u00e5r av forskare och l\u00e4rare i engelska, medie- och kommunikationsvetenskap, litteraturvetenskap, pedagogiskt arbete, spanska, svenska spr\u00e5ket och svenska som andraspr\u00e5k vid Karlstads Universitet som delar ett intresse f\u00f6r \u00e4mnesdidaktisk forskning.  CSL har ett v\u00e4l fungerande och \u00f6msesidigt givande samarbete med yrkesverksamma l\u00e4rare p\u00e5 olika utbildningsstadier fr\u00e5n f\u00f6rskola till universitet.<\/p>\n\n\n\n<p>M\u00e5len med CSL:s verksamhet \u00e4r:<br>&#8211; att bidra till nya kunskaper inom det spr\u00e5k- och litteraturdidaktiska f\u00e4ltet<br>&#8211; att arbeta med didaktisk forskning \u00f6ver \u00e4mnesgr\u00e4nser<br>&#8211; att stimulera till utvecklingsarbete<br>&#8211; att involvera l\u00e4rarna inom v\u00e5ra partneromr\u00e5den i klassrumsforskning<br>&#8211; att st\u00e4rka kvalit\u00e9n p\u00e5 l\u00e4rarstuderandes examensarbeten.<\/p>\n\n\n\n<p>L\u00e4s mer om oss p\u00e5 CSL:s hemsida: <a href=\"https:\/\/www.kau.se\/csl\">https:\/\/www.kau.se\/csl<\/a><\/p>\n","protected":false},"excerpt":{"rendered":"<p>CSL best\u00e5r av forskare och l\u00e4rare i engelska, medie- och kommunikationsvetenskap, litteraturvetenskap, pedagogiskt arbete, spanska, svenska spr\u00e5ket och svenska som andraspr\u00e5k vid Karlstads Universitet som delar ett intresse f\u00f6r \u00e4mnesdidaktisk forskning. CSL har ett v\u00e4l fungerande och \u00f6msesidigt givande samarbete med yrkesverksamma l\u00e4rare p\u00e5 olika utbildningsstadier fr\u00e5n f\u00f6rskola till universitet. M\u00e5len med CSL:s verksamhet \u00e4r:&#8211; &hellip; <\/p>\n<p class=\"link-more\"><a href=\"https:\/\/sola.kau.se\/cslblog\/om-oss-2\/\" class=\"more-link\">Forts\u00e4tt l\u00e4sa<span class=\"screen-reader-text\"> \u201dOm oss\u201d<\/span><\/a><\/p>\n","protected":false},"author":409,"featured_media":0,"parent":0,"menu_order":0,"comment_status":"closed","ping_status":"closed","template":"","meta":{"footnotes":""},"class_list":["post-114","page","type-page","status-publish","hentry"],"_links":{"self":[{"href":"https:\/\/sola.kau.se\/cslblog\/wp-json\/wp\/v2\/pages\/114","targetHints":{"allow":["GET"]}}],"collection":[{"href":"https:\/\/sola.kau.se\/cslblog\/wp-json\/wp\/v2\/pages"}],"about":[{"href":"https:\/\/sola.kau.se\/cslblog\/wp-json\/wp\/v2\/types\/page"}],"author":[{"embeddable":true,"href":"https:\/\/sola.kau.se\/cslblog\/wp-json\/wp\/v2\/users\/409"}],"replies":[{"embeddable":true,"href":"https:\/\/sola.kau.se\/cslblog\/wp-json\/wp\/v2\/comments?post=114"}],"version-history":[{"count":2,"href":"https:\/\/sola.kau.se\/cslblog\/wp-json\/wp\/v2\/pages\/114\/revisions"}],"predecessor-version":[{"id":133,"href":"https:\/\/sola.kau.se\/cslblog\/wp-json\/wp\/v2\/pages\/114\/revisions\/133"}],"wp:attachment":[{"href":"https:\/\/sola.kau.se\/cslblog\/wp-json\/wp\/v2\/media?parent=114"}],"curies":[{"name":"wp","href":"https:\/\/api.w.org\/{rel}","templated":true}]}}