 {"id":417,"date":"2022-03-24T10:55:02","date_gmt":"2022-03-24T10:55:02","guid":{"rendered":"https:\/\/sola.kau.se\/cslblog\/?page_id=417"},"modified":"2022-03-24T10:59:23","modified_gmt":"2022-03-24T10:59:23","slug":"vill-du-fa-meddelande-nar-det-finns-ett-nytt-inlagg-att-lasa-pa-bloggen-anmal-dig-har","status":"publish","type":"page","link":"https:\/\/sola.kau.se\/cslblog\/om-oss-2\/vill-du-fa-meddelande-nar-det-finns-ett-nytt-inlagg-att-lasa-pa-bloggen-anmal-dig-har\/","title":{"rendered":"Vill du f\u00e5 meddelande n\u00e4r det finns ett nytt inl\u00e4gg att l\u00e4sa p\u00e5 bloggen? Anm\u00e4l dig h\u00e4r:"},"content":{"rendered":"\n<div class=\"widget widget_text elp-widget\">\t\t\t\t<div class=\"email_posts_subscribers\" style=\"margin-bottom: var(--global--spacing-unit);\">\r\n\t\t\t\t\t\t<form action=\"#\" method=\"post\" class=\"elp_form\" id=\"elp_form_1776420563\">\r\n\t\t\t\t<p><span class=\"name\">Name<\/span><br \/><input type=\"text\" name=\"name\" id=\"name\" placeholder=\"Name\" value=\"\" maxlength=\"50\" required\/><\/p>\t\t\t\t<p><span class=\"email\">Email<\/span><br \/><input type=\"email\" id=\"email\" name=\"email\" value=\"\" placeholder=\"Email\"  maxlength=\"225\" required\/><\/p>\t\t\t\t\t\t\t\t<p style=\"margin-top:20px;\">\r\n\t\t\t\t<input name=\"submit\" id=\"elp_form_submit_1776420563\" value=\"Submit\" type=\"submit\" \/>\r\n\t\t\t\t<\/p>\r\n\t\t\t\t<span class=\"elp_form_spinner\" id=\"elp-loading-image\" style=\"display:none;\">\r\n\t\t\t\t\t<img decoding=\"async\" src=\"https:\/\/sola.kau.se\/cslblog\/wp-content\/plugins\/email-posts-to-subscribers\/inc\/ajax-loader.gif\" \/>\r\n\t\t\t\t<\/span>\r\n\t\t\t\t<input name=\"nonce\" id=\"nonce\" value=\"166d942061\" type=\"hidden\"\/>\r\n\t\t\t\t<input name=\"group\" id=\"group\" value=\"\" type=\"hidden\"\/>\r\n\t\t\t\t<input type=\"text\" style=\"display:none;\" id=\"email_name\" name=\"email_name\" value=\"\" type=\"hidden\"\/>\r\n\t\t\t<\/form>\t\r\n\t\t\t<span class=\"elp_form_message\" id=\"elp_form_message_1776420563\"><\/span>\r\n\t\t<\/div>\r\n\t\t<br \/>\r\n\t<\/div>\n\n\n\n<p><\/p>\n","protected":false},"excerpt":{"rendered":"","protected":false},"author":409,"featured_media":0,"parent":114,"menu_order":0,"comment_status":"closed","ping_status":"closed","template":"","meta":{"footnotes":""},"class_list":["post-417","page","type-page","status-publish","hentry"],"_links":{"self":[{"href":"https:\/\/sola.kau.se\/cslblog\/wp-json\/wp\/v2\/pages\/417","targetHints":{"allow":["GET"]}}],"collection":[{"href":"https:\/\/sola.kau.se\/cslblog\/wp-json\/wp\/v2\/pages"}],"about":[{"href":"https:\/\/sola.kau.se\/cslblog\/wp-json\/wp\/v2\/types\/page"}],"author":[{"embeddable":true,"href":"https:\/\/sola.kau.se\/cslblog\/wp-json\/wp\/v2\/users\/409"}],"replies":[{"embeddable":true,"href":"https:\/\/sola.kau.se\/cslblog\/wp-json\/wp\/v2\/comments?post=417"}],"version-history":[{"count":5,"href":"https:\/\/sola.kau.se\/cslblog\/wp-json\/wp\/v2\/pages\/417\/revisions"}],"predecessor-version":[{"id":424,"href":"https:\/\/sola.kau.se\/cslblog\/wp-json\/wp\/v2\/pages\/417\/revisions\/424"}],"up":[{"embeddable":true,"href":"https:\/\/sola.kau.se\/cslblog\/wp-json\/wp\/v2\/pages\/114"}],"wp:attachment":[{"href":"https:\/\/sola.kau.se\/cslblog\/wp-json\/wp\/v2\/media?parent=417"}],"curies":[{"name":"wp","href":"https:\/\/api.w.org\/{rel}","templated":true}]}}