 {"id":14,"date":"2020-11-02T10:14:29","date_gmt":"2020-11-02T10:14:29","guid":{"rendered":"https:\/\/sola.kau.se\/covid19\/?page_id=14"},"modified":"2021-09-02T13:00:56","modified_gmt":"2021-09-02T12:00:56","slug":"information-till-dig-som-projektdeltager","status":"publish","type":"page","link":"https:\/\/sola.kau.se\/digitalhalsa\/?page_id=14","title":{"rendered":"Information f\u00f6r dig som vill delta i projektet"},"content":{"rendered":"<p>P\u00e5 den h\u00e4r sidan f\u00e5r du information om projektet och om vad det inneb\u00e4r att delta. Du hittar ocks\u00e5 en <span style=\"color: #33cccc\"><a style=\"color: #33cccc\" href=\"https:\/\/sola.kau.se\/covid19\/wp-content\/uploads\/sites\/178\/2020\/11\/Samtyckeblankett.pdf\" target=\"_blank\" rel=\"noopener noreferrer\">samtyckeblankett<\/a><\/span> d\u00e4r all information har samlats.<\/p>\n<h4><strong>Vad \u00e4r det f\u00f6r projekt och varf\u00f6r vill ni att jag ska delta?<\/strong><\/h4>\n<p>Projektet utforskar vilka hinder transpersoner, invandrarkvinnor, och m\u00e4n inom hantverksyrken upplever n\u00e4r de s\u00f6ker v\u00e5rd och vilka strategier de anv\u00e4nder f\u00f6r att f\u00e5 den v\u00e5rd de beh\u00f6ver. M\u00e5let \u00e4r att f\u00e5 insikt i vilka digitala och icke-digitala plattformar som dessa tre grupper anv\u00e4nder f\u00f6r att navigera i det svenska sjukv\u00e5rdssystemet. Dessa insikter kommer att g\u00f6ra det m\u00f6jligt att utveckla framtidiga digitala sjukv\u00e5rdsl\u00f6sningar, som \u00e4r mer inkluderande oavsett en persons k\u00f6nsidentitet, klasstillh\u00f6righet eller etnisk identifiering. Vi vill g\u00e4rna ha med dig som projektdeltagare om du har erfarenheter av att s\u00f6ka v\u00e5rd som invandrarkvinna, som man inom hantverksyrken eller som transperson.<\/p>\n<p>Forskningshuvudman f\u00f6r projektet \u00e4r Karlstads Universitet.<\/p>\n<h4><strong>Hur g\u00e5r studien till?<\/strong><\/h4>\n<p>Som deltagare kommer du att medverka i projektet i tv\u00e5 faser. Den f\u00f6rsta fasen best\u00e5r av en individuell intervju, den andra fasen av ett fokusgruppsamtal. Syftet med den individuella intervjun \u00e4r att n\u00e5 insikt i hur projektdeltagarnas syn p\u00e5 h\u00e4lsa och sjukv\u00e5rd f\u00f6r\u00e4ndras genom digitala sjukv\u00e5rdsl\u00f6sningar. Intervjuerna tar cirka tv\u00e5 timmar och kommer att ske i digitalt. Intervjuerna f\u00f6ljer en semistrukturerad intervjuguide som inneh\u00e5ller mer \u00f6vergripande fr\u00e5gor. Dessutom kommer individuella uppf\u00f6ljningsfr\u00e5gor att st\u00e4llas beroende p\u00e5 de svar som ges. Intervjuns \u00f6vergripande fr\u00e5gor \u00e4r: 1) Vad skulle du s\u00e4ga \u00e4r god h\u00e4lsa? 2) Vad skulle du s\u00e4ga att god sjukv\u00e5rd best\u00e5r av? 3) Vad \u00e4r din b\u00e4sta och din v\u00e4rsta erfarenhet av att f\u00f6rs\u00f6ka f\u00e5 tillg\u00e5ng till sjukv\u00e5rd? 4) Vad skulle g\u00f6ra ditt liv l\u00e4ttare n\u00e4r det g\u00e4ller att f\u00e5 tillg\u00e5ng till sjukv\u00e5rd? 5) Vilka typer av (digitala) plattformar och andra l\u00f6sningar anv\u00e4nder du f\u00f6r att f\u00e5 tillg\u00e5ng till sjukv\u00e5rd? 6) Hur fick du k\u00e4nnedom om dem? 7) Vilka av dessa fungerar bra och vilka inte? Vi f\u00f6ljer upp dessa fr\u00e5gor med en gemensam genomg\u00e5ng av en digital h\u00e4lsoplattform, som intervjupersonen har valt och f\u00f6redrar, och reflekterar kring om vad som \u00e4r bra med denna plattform.<\/p>\n<p>I fas tv\u00e5 genomf\u00f6rs fokusgrupperna. Fokusgrupperna \u00e4r samtal mellan fem till sex personer fr\u00e5n samma anv\u00e4ndargrupp (invandrarkvinnor, m\u00e4n inom hantverksyrken, transpersoner) om de utmaningar, som kan uppst\u00e5 n\u00e4r man s\u00f6ker tillg\u00e5ng till v\u00e5rd samt de digitala verktyg och andra l\u00f6sningar, som anv\u00e4nds f\u00f6r att \u00f6vervinna dessa utmaningar. Fokusgruppen \u00e4r en endagsaktivitet och kommer att ske i ett bokat rum p\u00e5 universitetet. I fokusgruppen diskuteras tre fr\u00e5gor: 1) Vilka, tycker du, \u00e4r de st\u00f6rsta utm\u00e5ningarna n\u00e4r du s\u00f6ker sjukv\u00e5rd? 2) Vad g\u00f6r du f\u00f6r att f\u00e5 den sjukv\u00e5rd du beh\u00f6ver? 3) Hur skulle perfekt sjukv\u00e5rd se ut utifr\u00e5n ditt perspektiv? Dessa fr\u00e5gor f\u00f6ljs upp med diskussioner och f\u00f6ljdfr\u00e5gor. Som en del av fokusgruppen kommer alla deltagare ocks\u00e5 att anv\u00e4nda en digital plattform tillsammans f\u00f6r att fundera \u00f6ver, vilka f\u00f6rdelar och nackdelar denna plattform har.<\/p>\n<h4><strong>Vilka m\u00f6jliga f\u00f6ljder och risker finns med att delta i studien?<\/strong><\/h4>\n<p>Att prata om fr\u00e5gor som g\u00e4ller diskriminering p\u00e5 grund av k\u00f6n, klass och etnicitet kan vara k\u00e4nsliga. Studien inneb\u00e4rer d\u00e4rf\u00f6r en k\u00e4nslom\u00e4ssig risk f\u00f6r deltagarna eftersom den kan v\u00e4cka minnen av upplevelser av diskriminering och sv\u00e5righeter. Att dela med sig av s\u00e5dana minnen och erfarenheter i en grupp med andra, som ha haft liknande upplevelser, kan dock ocks\u00e5 vara gynnsamt och terapeutiskt eftersom det skapar en k\u00e4nsla av samh\u00f6righet och respondenter kan ge varandra st\u00f6d. Samtidigt kan deltagendet i projekter vara en v\u00e4rdefull process, som kan hj\u00e4lpa till att balansera sv\u00e5ra minnen och k\u00e4nslor. Genom att dela sina erfarenheter bidra projektdeltagarna ocks\u00e5 till utvecklingen av ett b\u00e4ttre och mer inkluderande sjukv\u00e5rdssystem i Sverige.<\/p>\n<h4><strong>Vad h\u00e4nder med mina uppgifter?<\/strong><\/h4>\n<p>Projektet kommer att samla in och registrera information om dig. Alla fokusgrupper och alla intervjuer spelas in p\u00e5 digital inspelningsutrustning, som inte \u00e4r uppkopplad mot n\u00e5gon molntj\u00e4nst. Alla inspelningar och skriftliga anteckningar, som g\u00f6rs under fokusgrupperna och intervjuerna, f\u00f6rvaras i en l\u00e5st l\u00e5da, som endast de medverkande forskarna har tillg\u00e5ng till i enlighet med Karlstads Universitets regler f\u00f6r forskning i \u201cBevarande- och gallringsplan f\u00f6r forskningsmaterial\u201d (Dnr 230\/02). Alla inspelningar transkriberas. Inspelningarna kommer att raderas p\u00e5 alla digitala enheter efter att transkriberingen \u00e4r klar. Transkribering kommer att utf\u00f6ras av ett externt f\u00f6retag, som har avtal med Karlstads universitet om att utf\u00f6ra transkriberingar efter adekvata s\u00e4kerhetsregler. Alla identifierande personuppgifter kommer att raderas under transkriberingen s\u00e5 att ingen person kan kopplas till den f\u00e4rdiga transkriberingen. N\u00e4r projektet har avslutats kommer f\u00e4ltanteckningarna att \u00f6verf\u00f6ras till ett l\u00e5st arkiv i enlighet med Karlstads Universitets riktlinjer. Allt material kommer att f\u00f6rst\u00f6ras efter 10 \u00e5r. Dina svar och dina resultat kommer allts\u00e5 att behandlas s\u00e5 att&nbsp; obeh\u00f6riga inte kan ta del av dem. Ansvarig f\u00f6r dina personuppgifter \u00e4r Karlstads Universitet. Enligt EU:s dataskyddsf\u00f6rordning har du r\u00e4tt att kostnadsfritt f\u00e5 ta del av de uppgifter om dig som hanteras i studien, och vid behov f\u00e5 eventuella fel r\u00e4ttade. Du kan ocks\u00e5 beg\u00e4ra att uppgifter om dig raderas samt att behandlingen av dina personuppgifter begr\u00e4nsas. Om du vill ta del av uppgifterna ska du kontakta Tara Mehrabi (<a href=\"mailto:tara.mehrabi@kau.se\">tara.mehrabi@kau.se<\/a>; tel: 054-7002647) och Wibke Straube (<a href=\"mailto:wibke.straube@kau.se\">wibke.straube@kau.se<\/a>). Dataskyddsombud Conny Claesson n\u00e5s p\u00e5 <a href=\"mailto:dpo@kau.se\">dpo@kau.se<\/a> eller Karlstads universitet, Dataskyddsombud, 651 88 Karlstad. Om du \u00e4r missn\u00f6jd med hur dina personuppgifter behandlas har du r\u00e4tt att ge in klagom\u00e5l till <span style=\"color: #33cccc\"><a style=\"color: #33cccc\" href=\"https:\/\/www.datainspektionen.se\/\">Datainspektionen<\/a>,<\/span> som \u00e4r tillsynsmyndighet.<\/p>\n<h4><strong>Hur f\u00e5r jag information om resultatet av studien?<\/strong><\/h4>\n<p>Studiens resultat kommer att publiceras i vetenskapliga tidskrifter. Som deltagare kan du ocks\u00e5 f\u00e5 tillg\u00e5ng till rapporten genom att kontakta <a href=\"http:\/\/tara.mehrabi@kau.se;\">Tara Mehrabi<\/a> (tel: 054-7002647) och <a href=\"wibke.straube@kau.se\">Wibke Straube<\/a>.<\/p>\n<h4><strong>\u00c4r mitt deltagande frivilligt?<\/strong><\/h4>\n<p>Ditt deltagande \u00e4r frivilligt och du kan n\u00e4r som helst v\u00e4lja att avbryta deltagandet. Om du v\u00e4ljer att inte delta eller vill avbryta ditt deltagande beh\u00f6ver du inte uppge varf\u00f6r, och det kommer inte heller att p\u00e5verka din framtida v\u00e5rd eller behandling. Om du vill avbryta ditt deltagande ska du kontakta den ansvariga f\u00f6r studien (se nedan).<\/p>\n<h4><strong>Vem \u00e4r ansvariga f\u00f6r studien?<\/strong><\/h4>\n<p>Ansvarig f\u00f6r studien \u00e4r Tara Mehrabi (<a href=\"mailto:tara.mehrabi@kau.se\">tara.mehrabi@kau.se<\/a>; tel: 054-7002647) och Wibke Straube (<a href=\"mailto:wibke.straube@kau.se\">wibke.straube@kau.se<\/a>).<\/p>\n","protected":false},"excerpt":{"rendered":"<p>P\u00e5 den h\u00e4r sidan f\u00e5r du information om projektet och om vad det inneb\u00e4r att delta. Du hittar ocks\u00e5 en samtyckeblankett d\u00e4r all information har samlats. Vad \u00e4r det f\u00f6r projekt och varf\u00f6r vill ni att jag ska delta? Projektet utforskar vilka hinder transpersoner, invandrarkvinnor, och m\u00e4n inom hantverksyrken upplever n\u00e4r de s\u00f6ker v\u00e5rd och [&hellip;]<\/p>\n","protected":false},"author":200,"featured_media":0,"parent":0,"menu_order":1,"comment_status":"closed","ping_status":"closed","template":"","meta":{"site-sidebar-layout":"default","site-content-layout":"default","ast-site-content-layout":"default","site-content-style":"default","site-sidebar-style":"default","ast-global-header-display":"","ast-banner-title-visibility":"","ast-main-header-display":"","ast-hfb-above-header-display":"","ast-hfb-below-header-display":"","ast-hfb-mobile-header-display":"","site-post-title":"","ast-breadcrumbs-content":"","ast-featured-img":"","footer-sml-layout":"","ast-disable-related-posts":"","theme-transparent-header-meta":"default","adv-header-id-meta":"","stick-header-meta":"","header-above-stick-meta":"","header-main-stick-meta":"","header-below-stick-meta":"","astra-migrate-meta-layouts":"default","ast-page-background-enabled":"default","ast-page-background-meta":{"desktop":{"background-color":"","background-image":"","background-repeat":"repeat","background-position":"center center","background-size":"auto","background-attachment":"scroll","background-type":"","background-media":"","overlay-type":"","overlay-color":"","overlay-opacity":"","overlay-gradient":""},"tablet":{"background-color":"","background-image":"","background-repeat":"repeat","background-position":"center center","background-size":"auto","background-attachment":"scroll","background-type":"","background-media":"","overlay-type":"","overlay-color":"","overlay-opacity":"","overlay-gradient":""},"mobile":{"background-color":"","background-image":"","background-repeat":"repeat","background-position":"center center","background-size":"auto","background-attachment":"scroll","background-type":"","background-media":"","overlay-type":"","overlay-color":"","overlay-opacity":"","overlay-gradient":""}},"ast-content-background-meta":{"desktop":{"background-color":"var(--ast-global-color-5)","background-image":"","background-repeat":"repeat","background-position":"center center","background-size":"auto","background-attachment":"scroll","background-type":"","background-media":"","overlay-type":"","overlay-color":"","overlay-opacity":"","overlay-gradient":""},"tablet":{"background-color":"var(--ast-global-color-5)","background-image":"","background-repeat":"repeat","background-position":"center center","background-size":"auto","background-attachment":"scroll","background-type":"","background-media":"","overlay-type":"","overlay-color":"","overlay-opacity":"","overlay-gradient":""},"mobile":{"background-color":"var(--ast-global-color-5)","background-image":"","background-repeat":"repeat","background-position":"center center","background-size":"auto","background-attachment":"scroll","background-type":"","background-media":"","overlay-type":"","overlay-color":"","overlay-opacity":"","overlay-gradient":""}},"footnotes":""},"class_list":["post-14","page","type-page","status-publish","hentry"],"_links":{"self":[{"href":"https:\/\/sola.kau.se\/digitalhalsa\/index.php?rest_route=\/wp\/v2\/pages\/14","targetHints":{"allow":["GET"]}}],"collection":[{"href":"https:\/\/sola.kau.se\/digitalhalsa\/index.php?rest_route=\/wp\/v2\/pages"}],"about":[{"href":"https:\/\/sola.kau.se\/digitalhalsa\/index.php?rest_route=\/wp\/v2\/types\/page"}],"author":[{"embeddable":true,"href":"https:\/\/sola.kau.se\/digitalhalsa\/index.php?rest_route=\/wp\/v2\/users\/200"}],"replies":[{"embeddable":true,"href":"https:\/\/sola.kau.se\/digitalhalsa\/index.php?rest_route=%2Fwp%2Fv2%2Fcomments&post=14"}],"version-history":[{"count":21,"href":"https:\/\/sola.kau.se\/digitalhalsa\/index.php?rest_route=\/wp\/v2\/pages\/14\/revisions"}],"predecessor-version":[{"id":309,"href":"https:\/\/sola.kau.se\/digitalhalsa\/index.php?rest_route=\/wp\/v2\/pages\/14\/revisions\/309"}],"wp:attachment":[{"href":"https:\/\/sola.kau.se\/digitalhalsa\/index.php?rest_route=%2Fwp%2Fv2%2Fmedia&parent=14"}],"curies":[{"name":"wp","href":"https:\/\/api.w.org\/{rel}","templated":true}]}}