 {"id":2,"date":"2020-10-29T12:14:22","date_gmt":"2020-10-29T12:14:22","guid":{"rendered":"https:\/\/sola.kau.se\/covid19\/?page_id=2"},"modified":"2021-09-02T12:59:50","modified_gmt":"2021-09-02T11:59:50","slug":"hem","status":"publish","type":"page","link":"https:\/\/sola.kau.se\/digitalhalsa\/","title":{"rendered":"Hem \/ Om Projektet"},"content":{"rendered":"<p>Vill du vara med och ber\u00e4tta om dina upplevelser av v\u00e5rden? Forskare vid Karlstads universitet s\u00f6ker deltagare till en pilotstudie om hur den digitala sjukv\u00e5rden kan f\u00f6rb\u00e4ttras och bli mer inkluderande. Tidigare studier visar n\u00e4mligen att digitaliseringen av sjukv\u00e5rden kan \u00f6ka h\u00e4lsorelaterad oj\u00e4mlikhet. Studien ska d\u00e4rf\u00f6r forska om den digitala v\u00e5rdens m\u00f6jligheter och utmaningar f\u00f6r trans- och icke-bin\u00e4re personer, kvinnor med migrationsbakgrund och m\u00e4n inom hantverksyrken.<\/p>\n<p>Om du vill vara med som deltagare i projektet anm\u00e4ler du dig under sidan <span style=\"color: #33cccc\"><a style=\"color: #33cccc\" href=\"https:\/\/sola.kau.se\/digitalhalsa\/?page_id=39\">Vill du delta i projektet?<\/a><\/span> \u00c4r du f\u00f6retagare eller entrepren\u00f6r och har en tj\u00e4nst eller app inom omr\u00e5det digital h\u00e4lsa som du vill ha hj\u00e4lp med att testa? D\u00e5 hittar du mer information under <span style=\"color: #33cccc\"><a style=\"color: #33cccc\" href=\"https:\/\/sola.kau.se\/digitalhalsa\/?page_id=258\">Information f\u00f6r f\u00f6retag och entrepren\u00f6rer<\/a>.<\/span><\/p>\n<p>\u00a0<\/p>\n\n\n<div class=\"wp-block-group\"><div class=\"wp-block-group__inner-container is-layout-flow wp-block-group-is-layout-flow\">\n<div class=\"wp-block-group\"><div class=\"wp-block-group__inner-container is-layout-flow wp-block-group-is-layout-flow\">\n<div class=\"wp-block-columns is-layout-flex wp-container-core-columns-is-layout-28f84493 wp-block-columns-is-layout-flex\">\n<div class=\"wp-block-column is-layout-flow wp-block-column-is-layout-flow\">\n<div class=\"wp-block-image\"><figure class=\"aligncenter size-large\"><img loading=\"lazy\" decoding=\"async\" width=\"1024\" height=\"681\" src=\"https:\/\/sola.kau.se\/covid19\/wp-content\/uploads\/sites\/178\/2020\/11\/markus-winkler-f2CPZZ2qcKs-unsplash-edited-1024x681.jpg\" alt=\"photo: markus winkler\" class=\"wp-image-195\" srcset=\"https:\/\/sola.kau.se\/digitalhalsa\/wp-content\/uploads\/sites\/178\/2020\/11\/markus-winkler-f2CPZZ2qcKs-unsplash-edited-1024x681.jpg 1024w, https:\/\/sola.kau.se\/digitalhalsa\/wp-content\/uploads\/sites\/178\/2020\/11\/markus-winkler-f2CPZZ2qcKs-unsplash-edited-300x200.jpg 300w, https:\/\/sola.kau.se\/digitalhalsa\/wp-content\/uploads\/sites\/178\/2020\/11\/markus-winkler-f2CPZZ2qcKs-unsplash-edited-768x511.jpg 768w, https:\/\/sola.kau.se\/digitalhalsa\/wp-content\/uploads\/sites\/178\/2020\/11\/markus-winkler-f2CPZZ2qcKs-unsplash-edited-1536x1022.jpg 1536w, https:\/\/sola.kau.se\/digitalhalsa\/wp-content\/uploads\/sites\/178\/2020\/11\/markus-winkler-f2CPZZ2qcKs-unsplash-edited-2048x1363.jpg 2048w\" sizes=\"auto, (max-width: 1024px) 100vw, 1024px\" \/><figcaption><a href=\"https:\/\/sola.kau.se\/digitalhalsa\/?page_id=14\"><span class=\"has-inline-color has-vivid-cyan-blue-color\">Information f\u00f6r projektdeltagare<\/span><\/a><\/figcaption><\/figure><\/div>\n<\/div>\n\n\n\n<div class=\"wp-block-column is-layout-flow wp-block-column-is-layout-flow\">\n<div class=\"wp-block-image\"><figure class=\"aligncenter size-large\"><img loading=\"lazy\" decoding=\"async\" width=\"1024\" height=\"682\" src=\"https:\/\/sola.kau.se\/covid19\/wp-content\/uploads\/sites\/178\/2020\/11\/daniel-romero-aiUAxBNe3Xk-unsplash-4-edited-1-1024x682.jpg\" alt=\"\" class=\"wp-image-196\" srcset=\"https:\/\/sola.kau.se\/digitalhalsa\/wp-content\/uploads\/sites\/178\/2020\/11\/daniel-romero-aiUAxBNe3Xk-unsplash-4-edited-1-1024x682.jpg 1024w, https:\/\/sola.kau.se\/digitalhalsa\/wp-content\/uploads\/sites\/178\/2020\/11\/daniel-romero-aiUAxBNe3Xk-unsplash-4-edited-1-300x200.jpg 300w, https:\/\/sola.kau.se\/digitalhalsa\/wp-content\/uploads\/sites\/178\/2020\/11\/daniel-romero-aiUAxBNe3Xk-unsplash-4-edited-1-768x512.jpg 768w, https:\/\/sola.kau.se\/digitalhalsa\/wp-content\/uploads\/sites\/178\/2020\/11\/daniel-romero-aiUAxBNe3Xk-unsplash-4-edited-1-1536x1023.jpg 1536w, https:\/\/sola.kau.se\/digitalhalsa\/wp-content\/uploads\/sites\/178\/2020\/11\/daniel-romero-aiUAxBNe3Xk-unsplash-4-edited-1-2048x1365.jpg 2048w\" sizes=\"auto, (max-width: 1024px) 100vw, 1024px\" \/><figcaption><a href=\"https:\/\/sola.kau.se\/digitalhalsa\/?page_id=39\"><span class=\"has-inline-color has-vivid-cyan-blue-color\">Vill du delta i projekte<\/span><span class=\"has-inline-color has-light-green-cyan-color\">t? <\/span><\/a><\/figcaption><\/figure><\/div>\n<\/div>\n<\/div>\n\n\n\n<p><\/p>\n<\/div><\/div>\n\n\n\n<p><\/p>\n<\/div><\/div>\n\n\n\n<div class=\"wp-block-columns is-layout-flex wp-container-core-columns-is-layout-28f84493 wp-block-columns-is-layout-flex\">\n<div class=\"wp-block-column is-layout-flow wp-block-column-is-layout-flow\">\n<div class=\"wp-block-image\"><figure class=\"aligncenter size-large\"><img loading=\"lazy\" decoding=\"async\" width=\"1024\" height=\"683\" src=\"https:\/\/sola.kau.se\/covid19\/wp-content\/uploads\/sites\/178\/2020\/11\/rodion-kutsaev-0VGG7cqTwCo-unsplash-1-1024x683.jpg\" alt=\"\" class=\"wp-image-175\" srcset=\"https:\/\/sola.kau.se\/digitalhalsa\/wp-content\/uploads\/sites\/178\/2020\/11\/rodion-kutsaev-0VGG7cqTwCo-unsplash-1-1024x683.jpg 1024w, https:\/\/sola.kau.se\/digitalhalsa\/wp-content\/uploads\/sites\/178\/2020\/11\/rodion-kutsaev-0VGG7cqTwCo-unsplash-1-300x200.jpg 300w, https:\/\/sola.kau.se\/digitalhalsa\/wp-content\/uploads\/sites\/178\/2020\/11\/rodion-kutsaev-0VGG7cqTwCo-unsplash-1-768x512.jpg 768w, https:\/\/sola.kau.se\/digitalhalsa\/wp-content\/uploads\/sites\/178\/2020\/11\/rodion-kutsaev-0VGG7cqTwCo-unsplash-1-1536x1024.jpg 1536w, https:\/\/sola.kau.se\/digitalhalsa\/wp-content\/uploads\/sites\/178\/2020\/11\/rodion-kutsaev-0VGG7cqTwCo-unsplash-1.jpg 1920w\" sizes=\"auto, (max-width: 1024px) 100vw, 1024px\" \/><figcaption><a href=\"https:\/\/sola.kau.se\/digitalhalsa\/?page_id=30\"><span class=\"has-inline-color has-vivid-cyan-blue-color\">Bakom projektet<\/span><\/a><\/figcaption><\/figure><\/div>\n<\/div>\n\n\n\n<div class=\"wp-block-column is-layout-flow wp-block-column-is-layout-flow\">\n<div class=\"wp-block-image\"><figure class=\"aligncenter size-large\"><img loading=\"lazy\" decoding=\"async\" width=\"1024\" height=\"684\" src=\"https:\/\/sola.kau.se\/covid19\/wp-content\/uploads\/sites\/178\/2020\/11\/alexander-sinn-KgLtFCgfC28-unsplash-1-1024x684.jpg\" alt=\"\" class=\"wp-image-142\" srcset=\"https:\/\/sola.kau.se\/digitalhalsa\/wp-content\/uploads\/sites\/178\/2020\/11\/alexander-sinn-KgLtFCgfC28-unsplash-1-1024x684.jpg 1024w, https:\/\/sola.kau.se\/digitalhalsa\/wp-content\/uploads\/sites\/178\/2020\/11\/alexander-sinn-KgLtFCgfC28-unsplash-1-300x200.jpg 300w, https:\/\/sola.kau.se\/digitalhalsa\/wp-content\/uploads\/sites\/178\/2020\/11\/alexander-sinn-KgLtFCgfC28-unsplash-1-768x513.jpg 768w, https:\/\/sola.kau.se\/digitalhalsa\/wp-content\/uploads\/sites\/178\/2020\/11\/alexander-sinn-KgLtFCgfC28-unsplash-1.jpg 1500w\" sizes=\"auto, (max-width: 1024px) 100vw, 1024px\" \/><figcaption><a href=\"https:\/\/sola.kau.se\/digitalhalsa\/?page_id=9\"><span class=\"has-inline-color has-vivid-cyan-blue-color\">Vilka \u00e4r vi? <\/span><\/a><\/figcaption><\/figure><\/div>\n<\/div>\n<\/div>\n\n\n\n<div class=\"wp-block-columns is-layout-flex wp-container-core-columns-is-layout-28f84493 wp-block-columns-is-layout-flex\">\n<div class=\"wp-block-column is-layout-flow wp-block-column-is-layout-flow\">\n<div class=\"wp-block-group\"><div class=\"wp-block-group__inner-container is-layout-flow wp-block-group-is-layout-flow\">\n<div class=\"wp-block-group\"><div class=\"wp-block-group__inner-container is-layout-flow wp-block-group-is-layout-flow\">\n<p><\/p>\n<\/div><\/div>\n<\/div><\/div>\n\n\n\n<div class=\"wp-block-group\"><div class=\"wp-block-group__inner-container is-layout-flow wp-block-group-is-layout-flow\">\n<div class=\"wp-block-group alignfull\"><div class=\"wp-block-group__inner-container is-layout-flow wp-block-group-is-layout-flow\">\n<div class=\"wp-block-image\"><figure class=\"aligncenter size-large\"><img loading=\"lazy\" decoding=\"async\" width=\"150\" height=\"150\" src=\"https:\/\/sola.kau.se\/digitalhalsa\/wp-content\/uploads\/sites\/178\/2020\/12\/KAU.png\" alt=\"\" class=\"wp-image-250\" \/><\/figure><\/div>\n\n\n\n<p><\/p>\n<\/div><\/div>\n\n\n\n<p><\/p>\n<\/div><\/div>\n\n\n\n<div class=\"wp-block-columns is-layout-flex wp-container-core-columns-is-layout-28f84493 wp-block-columns-is-layout-flex\">\n<div class=\"wp-block-column is-layout-flow wp-block-column-is-layout-flow\"><\/div>\n<\/div>\n<\/div>\n<\/div>\n","protected":false},"excerpt":{"rendered":"<p>Vill du vara med och ber\u00e4tta om dina upplevelser av v\u00e5rden? Forskare vid Karlstads universitet s\u00f6ker deltagare till en pilotstudie om hur den digitala sjukv\u00e5rden kan f\u00f6rb\u00e4ttras och bli mer inkluderande. Tidigare studier visar n\u00e4mligen att digitaliseringen av sjukv\u00e5rden kan \u00f6ka h\u00e4lsorelaterad oj\u00e4mlikhet. Studien ska d\u00e4rf\u00f6r forska om den digitala v\u00e5rdens m\u00f6jligheter och utmaningar f\u00f6r [&hellip;]<\/p>\n","protected":false},"author":200,"featured_media":45,"parent":0,"menu_order":0,"comment_status":"closed","ping_status":"closed","template":"","meta":{"site-sidebar-layout":"right-sidebar","site-content-layout":"content-boxed-container","ast-site-content-layout":"default","site-content-style":"default","site-sidebar-style":"default","ast-global-header-display":"","ast-banner-title-visibility":"","ast-main-header-display":"","ast-hfb-above-header-display":"","ast-hfb-below-header-display":"","ast-hfb-mobile-header-display":"","site-post-title":"disabled","ast-breadcrumbs-content":"","ast-featured-img":"","footer-sml-layout":"","ast-disable-related-posts":"","theme-transparent-header-meta":"disabled","adv-header-id-meta":"","stick-header-meta":"","header-above-stick-meta":"","header-main-stick-meta":"","header-below-stick-meta":"","astra-migrate-meta-layouts":"default","ast-page-background-enabled":"default","ast-page-background-meta":{"desktop":{"background-color":"","background-image":"","background-repeat":"repeat","background-position":"center center","background-size":"auto","background-attachment":"scroll","background-type":"","background-media":"","overlay-type":"","overlay-color":"","overlay-opacity":"","overlay-gradient":""},"tablet":{"background-color":"","background-image":"","background-repeat":"repeat","background-position":"center center","background-size":"auto","background-attachment":"scroll","background-type":"","background-media":"","overlay-type":"","overlay-color":"","overlay-opacity":"","overlay-gradient":""},"mobile":{"background-color":"","background-image":"","background-repeat":"repeat","background-position":"center center","background-size":"auto","background-attachment":"scroll","background-type":"","background-media":"","overlay-type":"","overlay-color":"","overlay-opacity":"","overlay-gradient":""}},"ast-content-background-meta":{"desktop":{"background-color":"var(--ast-global-color-5)","background-image":"","background-repeat":"repeat","background-position":"center center","background-size":"auto","background-attachment":"scroll","background-type":"","background-media":"","overlay-type":"","overlay-color":"","overlay-opacity":"","overlay-gradient":""},"tablet":{"background-color":"var(--ast-global-color-5)","background-image":"","background-repeat":"repeat","background-position":"center center","background-size":"auto","background-attachment":"scroll","background-type":"","background-media":"","overlay-type":"","overlay-color":"","overlay-opacity":"","overlay-gradient":""},"mobile":{"background-color":"var(--ast-global-color-5)","background-image":"","background-repeat":"repeat","background-position":"center center","background-size":"auto","background-attachment":"scroll","background-type":"","background-media":"","overlay-type":"","overlay-color":"","overlay-opacity":"","overlay-gradient":""}},"footnotes":""},"class_list":["post-2","page","type-page","status-publish","has-post-thumbnail","hentry"],"_links":{"self":[{"href":"https:\/\/sola.kau.se\/digitalhalsa\/index.php?rest_route=\/wp\/v2\/pages\/2","targetHints":{"allow":["GET"]}}],"collection":[{"href":"https:\/\/sola.kau.se\/digitalhalsa\/index.php?rest_route=\/wp\/v2\/pages"}],"about":[{"href":"https:\/\/sola.kau.se\/digitalhalsa\/index.php?rest_route=\/wp\/v2\/types\/page"}],"author":[{"embeddable":true,"href":"https:\/\/sola.kau.se\/digitalhalsa\/index.php?rest_route=\/wp\/v2\/users\/200"}],"replies":[{"embeddable":true,"href":"https:\/\/sola.kau.se\/digitalhalsa\/index.php?rest_route=%2Fwp%2Fv2%2Fcomments&post=2"}],"version-history":[{"count":51,"href":"https:\/\/sola.kau.se\/digitalhalsa\/index.php?rest_route=\/wp\/v2\/pages\/2\/revisions"}],"predecessor-version":[{"id":308,"href":"https:\/\/sola.kau.se\/digitalhalsa\/index.php?rest_route=\/wp\/v2\/pages\/2\/revisions\/308"}],"wp:featuredmedia":[{"embeddable":true,"href":"https:\/\/sola.kau.se\/digitalhalsa\/index.php?rest_route=\/wp\/v2\/media\/45"}],"wp:attachment":[{"href":"https:\/\/sola.kau.se\/digitalhalsa\/index.php?rest_route=%2Fwp%2Fv2%2Fmedia&parent=2"}],"curies":[{"name":"wp","href":"https:\/\/api.w.org\/{rel}","templated":true}]}}