 {"id":258,"date":"2021-01-05T11:39:22","date_gmt":"2021-01-05T10:39:22","guid":{"rendered":"https:\/\/sola.kau.se\/digitalhalsa\/?page_id=258"},"modified":"2021-04-15T15:35:49","modified_gmt":"2021-04-15T14:35:49","slug":"information-for-foretag-och-entreprenorer","status":"publish","type":"page","link":"https:\/\/sola.kau.se\/digitalhalsa\/?page_id=258","title":{"rendered":"Information f\u00f6r f\u00f6retag och entrepren\u00f6rer"},"content":{"rendered":"<p>Vill du testa en tj\u00e4nst eller app? Vill du utveckla inkluderande digitala h\u00e4lsotj\u00e4nster? Letar du efter en m\u00f6jlighet att f\u00f6rb\u00e4ttra dina tj\u00e4nster genom forskningsbaserade j\u00e4mst\u00e4lldhets- och m\u00e5ngfaldsperspektiv? D\u00e5 ger det h\u00e4r projektetdig chansen att g\u00f6ra just det!<\/p>\n<p>Vi s\u00f6ker entrepren\u00f6rer och f\u00f6retag, som vill testa sina tj\u00e4nster och appar f\u00f6r att f\u00f6rb\u00e4ttra och utveckla dem. Vi erbjuder m\u00f6jligheten att f\u00e5 insikter i, om din app eller tj\u00e4nst \u00e4r inkluderande utifr\u00e5n ett j\u00e4mst\u00e4lldhets- och m\u00e5ngfaldsperspektiv. Genom fokusgrupper med tre anv\u00e4ndargrupper, som oftast \u00f6verses i innovationsprocesser (invandrakvinnor, transpersoner, m\u00e4n inom hantverksyrken), producerar vi kunskap om hur just din app eller tj\u00e4nst kan f\u00f6r\u00e4ndras till att vara mer inkluderande.<\/p>\n<p>Vill du bidra till att g\u00f6ra digital h\u00e4lsa mer inkluderande? <span style=\"color: #33cccc\"><a style=\"color: #33cccc\" href=\"https:\/\/sola.kau.se\/digitalhalsa\/?page_id=39\">Ta kontakt med oss<\/a><\/span>.<\/p>\n","protected":false},"excerpt":{"rendered":"<p>Vill du testa en tj\u00e4nst eller app? Vill du utveckla inkluderande digitala h\u00e4lsotj\u00e4nster? Letar du efter en m\u00f6jlighet att f\u00f6rb\u00e4ttra dina tj\u00e4nster genom forskningsbaserade j\u00e4mst\u00e4lldhets- och m\u00e5ngfaldsperspektiv? D\u00e5 ger det h\u00e4r projektetdig chansen att g\u00f6ra just det! Vi s\u00f6ker entrepren\u00f6rer och f\u00f6retag, som vill testa sina tj\u00e4nster och appar f\u00f6r att f\u00f6rb\u00e4ttra och utveckla dem. [&hellip;]<\/p>\n","protected":false},"author":200,"featured_media":0,"parent":0,"menu_order":0,"comment_status":"closed","ping_status":"closed","template":"","meta":{"site-sidebar-layout":"default","site-content-layout":"default","ast-site-content-layout":"default","site-content-style":"default","site-sidebar-style":"default","ast-global-header-display":"","ast-banner-title-visibility":"","ast-main-header-display":"","ast-hfb-above-header-display":"","ast-hfb-below-header-display":"","ast-hfb-mobile-header-display":"","site-post-title":"","ast-breadcrumbs-content":"","ast-featured-img":"","footer-sml-layout":"","ast-disable-related-posts":"","theme-transparent-header-meta":"default","adv-header-id-meta":"","stick-header-meta":"","header-above-stick-meta":"","header-main-stick-meta":"","header-below-stick-meta":"","astra-migrate-meta-layouts":"default","ast-page-background-enabled":"default","ast-page-background-meta":{"desktop":{"background-color":"","background-image":"","background-repeat":"repeat","background-position":"center center","background-size":"auto","background-attachment":"scroll","background-type":"","background-media":"","overlay-type":"","overlay-color":"","overlay-opacity":"","overlay-gradient":""},"tablet":{"background-color":"","background-image":"","background-repeat":"repeat","background-position":"center center","background-size":"auto","background-attachment":"scroll","background-type":"","background-media":"","overlay-type":"","overlay-color":"","overlay-opacity":"","overlay-gradient":""},"mobile":{"background-color":"","background-image":"","background-repeat":"repeat","background-position":"center center","background-size":"auto","background-attachment":"scroll","background-type":"","background-media":"","overlay-type":"","overlay-color":"","overlay-opacity":"","overlay-gradient":""}},"ast-content-background-meta":{"desktop":{"background-color":"var(--ast-global-color-5)","background-image":"","background-repeat":"repeat","background-position":"center center","background-size":"auto","background-attachment":"scroll","background-type":"","background-media":"","overlay-type":"","overlay-color":"","overlay-opacity":"","overlay-gradient":""},"tablet":{"background-color":"var(--ast-global-color-5)","background-image":"","background-repeat":"repeat","background-position":"center center","background-size":"auto","background-attachment":"scroll","background-type":"","background-media":"","overlay-type":"","overlay-color":"","overlay-opacity":"","overlay-gradient":""},"mobile":{"background-color":"var(--ast-global-color-5)","background-image":"","background-repeat":"repeat","background-position":"center center","background-size":"auto","background-attachment":"scroll","background-type":"","background-media":"","overlay-type":"","overlay-color":"","overlay-opacity":"","overlay-gradient":""}},"footnotes":""},"class_list":["post-258","page","type-page","status-publish","hentry"],"_links":{"self":[{"href":"https:\/\/sola.kau.se\/digitalhalsa\/index.php?rest_route=\/wp\/v2\/pages\/258","targetHints":{"allow":["GET"]}}],"collection":[{"href":"https:\/\/sola.kau.se\/digitalhalsa\/index.php?rest_route=\/wp\/v2\/pages"}],"about":[{"href":"https:\/\/sola.kau.se\/digitalhalsa\/index.php?rest_route=\/wp\/v2\/types\/page"}],"author":[{"embeddable":true,"href":"https:\/\/sola.kau.se\/digitalhalsa\/index.php?rest_route=\/wp\/v2\/users\/200"}],"replies":[{"embeddable":true,"href":"https:\/\/sola.kau.se\/digitalhalsa\/index.php?rest_route=%2Fwp%2Fv2%2Fcomments&post=258"}],"version-history":[{"count":5,"href":"https:\/\/sola.kau.se\/digitalhalsa\/index.php?rest_route=\/wp\/v2\/pages\/258\/revisions"}],"predecessor-version":[{"id":288,"href":"https:\/\/sola.kau.se\/digitalhalsa\/index.php?rest_route=\/wp\/v2\/pages\/258\/revisions\/288"}],"wp:attachment":[{"href":"https:\/\/sola.kau.se\/digitalhalsa\/index.php?rest_route=%2Fwp%2Fv2%2Fmedia&parent=258"}],"curies":[{"name":"wp","href":"https:\/\/api.w.org\/{rel}","templated":true}]}}