 {"id":30,"date":"2020-11-03T08:53:02","date_gmt":"2020-11-03T08:53:02","guid":{"rendered":"https:\/\/sola.kau.se\/covid19\/?page_id=30"},"modified":"2021-09-02T12:49:11","modified_gmt":"2021-09-02T11:49:11","slug":"bakom-projektet","status":"publish","type":"page","link":"https:\/\/sola.kau.se\/digitalhalsa\/?page_id=30","title":{"rendered":"Bakom projektet"},"content":{"rendered":"<p>Digital h\u00e4lsa n\u00e4mns oftast som l\u00f6sning p\u00e5 sjukv\u00e5rdens nuvarande utmaningar n\u00e4r det g\u00e4ller inkluderande och j\u00e4mlik sjukv\u00e5rd. 2019 publicerade V\u00e4rldsh\u00e4lsoorganisationen (WHO) dock rapporten <span style=\"color: #33cccc\"><a style=\"color: #33cccc\" href=\"https:\/\/apps.who.int\/iris\/handle\/10665\/329032\">The Future of Digital Health Systems<\/a><\/span>, som omn\u00e4mner social r\u00e4ttvisa och inkludering som ett par av utmaningarna n\u00e4r det g\u00e4ller digital h\u00e4lsa. Samtidigt visar samh\u00e4llsvetenskapliga studier, att digitalisering av sjukv\u00e5rd faktiskt kan \u00f6ka h\u00e4lsorelaterad oj\u00e4mlikhet, om sociala kategorier, som till exempel genus, etnicitet och klass, inte beaktas i samband med utvecklings- och innovationsprocesser i digital h\u00e4lsa.<\/p>\n<p>Detta projekt forskar om m\u00f6jligheter och utmaningar n\u00e4r det g\u00e4ller att skapa ett inkluderande digitalt sjukv\u00e5rdssystem utifr\u00e5n ett j\u00e4mst\u00e4lldhets- och m\u00e5ngfaldsperspektiv. Projektet fokuserar p\u00e5 tre anv\u00e4ndargrupper och deras erfarenheter av tillg\u00e5ng till sjukv\u00e5rd, kartl\u00e4gger nuvarande m\u00f6jligheter och begr\u00e4nsningar i digital sjukv\u00e5rd, och str\u00e4var p\u00e5 s\u00e5 vis mot ett mer inkluderande sjukv\u00e5rdssystem. De tre anv\u00e4ndargrupperna \u00e4r invandrarkvinnor, svenska m\u00e4n inom hantverksyrken (som inte har invandrarbakgrund) och transpersoner.<\/p>\n<p>Genom att j\u00e4mf\u00f6ra dessa tre grupper syftar projektet till att studera hur de intersektionella sociala variablerna genus, klass och etnicitet p\u00e5verkar m\u00e4nniskors tillg\u00e5ng till sjukv\u00e5rd och kvaliteten p\u00e5 den v\u00e5rd de erh\u00e5ller genom ett digitaliserat sjukv\u00e5rdssystem. Med hj\u00e4lp av en kvalitativ metodmix &#8211; fokusgrupper, individuella intervjuer, living-lab workshops och digitala walk-throughs &#8211; utforskar projektet vilka hinder invandrarkvinnor, m\u00e4n inom hantverksyrken utan invandrarbakgrund och transpersoner upplever n\u00e4r de s\u00f6ker v\u00e5rd och vilka strategier de anv\u00e4nder f\u00f6r att f\u00e5 den v\u00e5rd de beh\u00f6ver. M\u00e5let \u00e4r att f\u00e5 insikt i vilka digitala och icke-digitala plattformar som de tre anv\u00e4ndargrupperna anv\u00e4nder f\u00f6r att navigera i det svenska sjukv\u00e5rdssystemet. Dessa insikter kommer att g\u00f6ra det m\u00f6jligt att utveckla framtida digitala sjukv\u00e5rdsl\u00f6sningar f\u00f6r mer m\u00e5ngfald och j\u00e4mst\u00e4lldhet genom en nedifr\u00e5n-och-upp-strategi.<\/p>\n","protected":false},"excerpt":{"rendered":"<p>Digital h\u00e4lsa n\u00e4mns oftast som l\u00f6sning p\u00e5 sjukv\u00e5rdens nuvarande utmaningar n\u00e4r det g\u00e4ller inkluderande och j\u00e4mlik sjukv\u00e5rd. 2019 publicerade V\u00e4rldsh\u00e4lsoorganisationen (WHO) dock rapporten The Future of Digital Health Systems, som omn\u00e4mner social r\u00e4ttvisa och inkludering som ett par av utmaningarna n\u00e4r det g\u00e4ller digital h\u00e4lsa. Samtidigt visar samh\u00e4llsvetenskapliga studier, att digitalisering av sjukv\u00e5rd faktiskt kan [&hellip;]<\/p>\n","protected":false},"author":200,"featured_media":0,"parent":0,"menu_order":3,"comment_status":"closed","ping_status":"closed","template":"","meta":{"site-sidebar-layout":"default","site-content-layout":"default","ast-site-content-layout":"default","site-content-style":"default","site-sidebar-style":"default","ast-global-header-display":"","ast-banner-title-visibility":"","ast-main-header-display":"","ast-hfb-above-header-display":"","ast-hfb-below-header-display":"","ast-hfb-mobile-header-display":"","site-post-title":"","ast-breadcrumbs-content":"","ast-featured-img":"","footer-sml-layout":"","ast-disable-related-posts":"","theme-transparent-header-meta":"default","adv-header-id-meta":"","stick-header-meta":"","header-above-stick-meta":"","header-main-stick-meta":"","header-below-stick-meta":"","astra-migrate-meta-layouts":"default","ast-page-background-enabled":"default","ast-page-background-meta":{"desktop":{"background-color":"","background-image":"","background-repeat":"repeat","background-position":"center center","background-size":"auto","background-attachment":"scroll","background-type":"","background-media":"","overlay-type":"","overlay-color":"","overlay-opacity":"","overlay-gradient":""},"tablet":{"background-color":"","background-image":"","background-repeat":"repeat","background-position":"center center","background-size":"auto","background-attachment":"scroll","background-type":"","background-media":"","overlay-type":"","overlay-color":"","overlay-opacity":"","overlay-gradient":""},"mobile":{"background-color":"","background-image":"","background-repeat":"repeat","background-position":"center center","background-size":"auto","background-attachment":"scroll","background-type":"","background-media":"","overlay-type":"","overlay-color":"","overlay-opacity":"","overlay-gradient":""}},"ast-content-background-meta":{"desktop":{"background-color":"var(--ast-global-color-5)","background-image":"","background-repeat":"repeat","background-position":"center center","background-size":"auto","background-attachment":"scroll","background-type":"","background-media":"","overlay-type":"","overlay-color":"","overlay-opacity":"","overlay-gradient":""},"tablet":{"background-color":"var(--ast-global-color-5)","background-image":"","background-repeat":"repeat","background-position":"center center","background-size":"auto","background-attachment":"scroll","background-type":"","background-media":"","overlay-type":"","overlay-color":"","overlay-opacity":"","overlay-gradient":""},"mobile":{"background-color":"var(--ast-global-color-5)","background-image":"","background-repeat":"repeat","background-position":"center center","background-size":"auto","background-attachment":"scroll","background-type":"","background-media":"","overlay-type":"","overlay-color":"","overlay-opacity":"","overlay-gradient":""}},"footnotes":""},"class_list":["post-30","page","type-page","status-publish","hentry"],"_links":{"self":[{"href":"https:\/\/sola.kau.se\/digitalhalsa\/index.php?rest_route=\/wp\/v2\/pages\/30","targetHints":{"allow":["GET"]}}],"collection":[{"href":"https:\/\/sola.kau.se\/digitalhalsa\/index.php?rest_route=\/wp\/v2\/pages"}],"about":[{"href":"https:\/\/sola.kau.se\/digitalhalsa\/index.php?rest_route=\/wp\/v2\/types\/page"}],"author":[{"embeddable":true,"href":"https:\/\/sola.kau.se\/digitalhalsa\/index.php?rest_route=\/wp\/v2\/users\/200"}],"replies":[{"embeddable":true,"href":"https:\/\/sola.kau.se\/digitalhalsa\/index.php?rest_route=%2Fwp%2Fv2%2Fcomments&post=30"}],"version-history":[{"count":6,"href":"https:\/\/sola.kau.se\/digitalhalsa\/index.php?rest_route=\/wp\/v2\/pages\/30\/revisions"}],"predecessor-version":[{"id":300,"href":"https:\/\/sola.kau.se\/digitalhalsa\/index.php?rest_route=\/wp\/v2\/pages\/30\/revisions\/300"}],"wp:attachment":[{"href":"https:\/\/sola.kau.se\/digitalhalsa\/index.php?rest_route=%2Fwp%2Fv2%2Fmedia&parent=30"}],"curies":[{"name":"wp","href":"https:\/\/api.w.org\/{rel}","templated":true}]}}