 {"id":9,"date":"2020-11-02T10:02:35","date_gmt":"2020-11-02T10:02:35","guid":{"rendered":"https:\/\/sola.kau.se\/covid19\/?page_id=9"},"modified":"2021-09-02T12:56:16","modified_gmt":"2021-09-02T11:56:16","slug":"vilka-ar-vi","status":"publish","type":"page","link":"https:\/\/sola.kau.se\/digitalhalsa\/?page_id=9","title":{"rendered":"Vilka \u00e4r vi?"},"content":{"rendered":"<p>Projektet \u00e4r en del av <span style=\"color: #33cccc\"><a style=\"color: #33cccc\" href=\"https:\/\/digitalwellarena.se\/\">Digtal Well Arena <\/a><\/span>och leds av Tara Mehrabi och Wibke Straube fr\u00e5n <span style=\"color: #33cccc\"><a style=\"color: #33cccc\" href=\"https:\/\/www.kau.se\/centrum-genusforskning\">Centrum f\u00f6r genusforskning<\/a> <\/span>p\u00e5 Karlstads universitet.<\/p>\n<p><img loading=\"lazy\" decoding=\"async\" class=\"wp-image-10 alignright\" src=\"https:\/\/sola.kau.se\/covid19\/wp-content\/uploads\/sites\/178\/2020\/11\/Tara-Pic-225x300.png\" alt=\"\" width=\"137\" height=\"182\" srcset=\"https:\/\/sola.kau.se\/digitalhalsa\/wp-content\/uploads\/sites\/178\/2020\/11\/Tara-Pic-225x300.png 225w, https:\/\/sola.kau.se\/digitalhalsa\/wp-content\/uploads\/sites\/178\/2020\/11\/Tara-Pic.png 480w\" sizes=\"auto, (max-width: 137px) 100vw, 137px\" \/><\/p>\n<p>Tara Mehrabi \u00e4r universitetslektor i genusvetenskap och forskar om kropp, h\u00e4lsa och teknologi med fokus p\u00e5 hur teknologi och h\u00e4lsa h\u00e4nger ihop med etnicitet och genus.<\/p>\n<p>Du hittar mer information om Tara p\u00e5 <span style=\"color: #33cccc\"><a style=\"color: #33cccc\" href=\"https:\/\/www.kau.se\/personal\/tara-mehrabi\">Karlstads universitets hemsida<\/a><\/span>.<\/p>\n<p>\u00a0<\/p>\n<p style=\"text-align: left\"><img loading=\"lazy\" decoding=\"async\" class=\"wp-image-296 alignleft\" src=\"https:\/\/sola.kau.se\/digitalhalsa\/wp-content\/uploads\/sites\/178\/2021\/09\/Wibke_Straube-300x184.jpg\" alt=\"\" width=\"211\" height=\"129\" srcset=\"https:\/\/sola.kau.se\/digitalhalsa\/wp-content\/uploads\/sites\/178\/2021\/09\/Wibke_Straube-300x184.jpg 300w, https:\/\/sola.kau.se\/digitalhalsa\/wp-content\/uploads\/sites\/178\/2021\/09\/Wibke_Straube-1024x629.jpg 1024w, https:\/\/sola.kau.se\/digitalhalsa\/wp-content\/uploads\/sites\/178\/2021\/09\/Wibke_Straube-768x472.jpg 768w, https:\/\/sola.kau.se\/digitalhalsa\/wp-content\/uploads\/sites\/178\/2021\/09\/Wibke_Straube-1536x944.jpg 1536w, https:\/\/sola.kau.se\/digitalhalsa\/wp-content\/uploads\/sites\/178\/2021\/09\/Wibke_Straube-2048x1259.jpg 2048w\" sizes=\"auto, (max-width: 211px) 100vw, 211px\" \/>Wibke Straube \u00e4r en icke-bin\u00e4r universitetslektor i genusvetenskap och forskar om genus, k\u00f6nsnormer, medier, konst och transpersoner med fokus p\u00e5 transv\u00e5rd bland annat.<\/p>\n<p style=\"text-align: left\">Du hittar mer information om Wibke p\u00e5 <a href=\"https:\/\/www.kau.se\/personal\/wibke-straube\">Karlstads universitetshemsida<\/a>.<\/p>\n<p>\u00a0<\/p>\n<p><a href=\"http:\/\/kau.se\"><img loading=\"lazy\" decoding=\"async\" class=\"alignnone  wp-image-250\" src=\"https:\/\/sola.kau.se\/digitalhalsa\/wp-content\/uploads\/sites\/178\/2020\/12\/KAU.png\" alt=\"\" width=\"129\" height=\"129\" \/><\/a><a href=\"https:\/\/digitalwellarena.se\/\"><img loading=\"lazy\" decoding=\"async\" class=\"size-medium wp-image-249 alignright\" src=\"https:\/\/sola.kau.se\/digitalhalsa\/wp-content\/uploads\/sites\/178\/2020\/12\/digitalwell-arena-logotyp-vit-300x116.png\" alt=\"\" width=\"300\" height=\"116\" srcset=\"https:\/\/sola.kau.se\/digitalhalsa\/wp-content\/uploads\/sites\/178\/2020\/12\/digitalwell-arena-logotyp-vit-300x116.png 300w, https:\/\/sola.kau.se\/digitalhalsa\/wp-content\/uploads\/sites\/178\/2020\/12\/digitalwell-arena-logotyp-vit-1024x397.png 1024w, https:\/\/sola.kau.se\/digitalhalsa\/wp-content\/uploads\/sites\/178\/2020\/12\/digitalwell-arena-logotyp-vit-768x298.png 768w, https:\/\/sola.kau.se\/digitalhalsa\/wp-content\/uploads\/sites\/178\/2020\/12\/digitalwell-arena-logotyp-vit-1536x596.png 1536w, https:\/\/sola.kau.se\/digitalhalsa\/wp-content\/uploads\/sites\/178\/2020\/12\/digitalwell-arena-logotyp-vit.png 1912w\" sizes=\"auto, (max-width: 300px) 100vw, 300px\" \/><\/a><\/p>\n\n\n<p>&nbsp;<\/p>\n","protected":false},"excerpt":{"rendered":"<p>Projektet \u00e4r en del av Digtal Well Arena och leds av Tara Mehrabi och Wibke Straube fr\u00e5n Centrum f\u00f6r genusforskning p\u00e5 Karlstads universitet. Tara Mehrabi \u00e4r universitetslektor i genusvetenskap och forskar om kropp, h\u00e4lsa och teknologi med fokus p\u00e5 hur teknologi och h\u00e4lsa h\u00e4nger ihop med etnicitet och genus. Du hittar mer information om Tara [&hellip;]<\/p>\n","protected":false},"author":200,"featured_media":0,"parent":0,"menu_order":4,"comment_status":"closed","ping_status":"closed","template":"","meta":{"site-sidebar-layout":"default","site-content-layout":"default","ast-site-content-layout":"default","site-content-style":"default","site-sidebar-style":"default","ast-global-header-display":"","ast-banner-title-visibility":"","ast-main-header-display":"","ast-hfb-above-header-display":"","ast-hfb-below-header-display":"","ast-hfb-mobile-header-display":"","site-post-title":"","ast-breadcrumbs-content":"","ast-featured-img":"","footer-sml-layout":"","ast-disable-related-posts":"","theme-transparent-header-meta":"default","adv-header-id-meta":"","stick-header-meta":"","header-above-stick-meta":"","header-main-stick-meta":"","header-below-stick-meta":"","astra-migrate-meta-layouts":"default","ast-page-background-enabled":"default","ast-page-background-meta":{"desktop":{"background-color":"","background-image":"","background-repeat":"repeat","background-position":"center center","background-size":"auto","background-attachment":"scroll","background-type":"","background-media":"","overlay-type":"","overlay-color":"","overlay-opacity":"","overlay-gradient":""},"tablet":{"background-color":"","background-image":"","background-repeat":"repeat","background-position":"center center","background-size":"auto","background-attachment":"scroll","background-type":"","background-media":"","overlay-type":"","overlay-color":"","overlay-opacity":"","overlay-gradient":""},"mobile":{"background-color":"","background-image":"","background-repeat":"repeat","background-position":"center center","background-size":"auto","background-attachment":"scroll","background-type":"","background-media":"","overlay-type":"","overlay-color":"","overlay-opacity":"","overlay-gradient":""}},"ast-content-background-meta":{"desktop":{"background-color":"var(--ast-global-color-5)","background-image":"","background-repeat":"repeat","background-position":"center center","background-size":"auto","background-attachment":"scroll","background-type":"","background-media":"","overlay-type":"","overlay-color":"","overlay-opacity":"","overlay-gradient":""},"tablet":{"background-color":"var(--ast-global-color-5)","background-image":"","background-repeat":"repeat","background-position":"center center","background-size":"auto","background-attachment":"scroll","background-type":"","background-media":"","overlay-type":"","overlay-color":"","overlay-opacity":"","overlay-gradient":""},"mobile":{"background-color":"var(--ast-global-color-5)","background-image":"","background-repeat":"repeat","background-position":"center center","background-size":"auto","background-attachment":"scroll","background-type":"","background-media":"","overlay-type":"","overlay-color":"","overlay-opacity":"","overlay-gradient":""}},"footnotes":""},"class_list":["post-9","page","type-page","status-publish","hentry"],"_links":{"self":[{"href":"https:\/\/sola.kau.se\/digitalhalsa\/index.php?rest_route=\/wp\/v2\/pages\/9","targetHints":{"allow":["GET"]}}],"collection":[{"href":"https:\/\/sola.kau.se\/digitalhalsa\/index.php?rest_route=\/wp\/v2\/pages"}],"about":[{"href":"https:\/\/sola.kau.se\/digitalhalsa\/index.php?rest_route=\/wp\/v2\/types\/page"}],"author":[{"embeddable":true,"href":"https:\/\/sola.kau.se\/digitalhalsa\/index.php?rest_route=\/wp\/v2\/users\/200"}],"replies":[{"embeddable":true,"href":"https:\/\/sola.kau.se\/digitalhalsa\/index.php?rest_route=%2Fwp%2Fv2%2Fcomments&post=9"}],"version-history":[{"count":13,"href":"https:\/\/sola.kau.se\/digitalhalsa\/index.php?rest_route=\/wp\/v2\/pages\/9\/revisions"}],"predecessor-version":[{"id":307,"href":"https:\/\/sola.kau.se\/digitalhalsa\/index.php?rest_route=\/wp\/v2\/pages\/9\/revisions\/307"}],"wp:attachment":[{"href":"https:\/\/sola.kau.se\/digitalhalsa\/index.php?rest_route=%2Fwp%2Fv2%2Fmedia&parent=9"}],"curies":[{"name":"wp","href":"https:\/\/api.w.org\/{rel}","templated":true}]}}