 {"id":18,"date":"2020-12-02T16:00:11","date_gmt":"2020-12-02T16:00:11","guid":{"rendered":"https:\/\/sola.kau.se\/digitalisering\/?page_id=18"},"modified":"2021-03-20T08:50:48","modified_gmt":"2021-03-20T08:50:48","slug":"studenter","status":"publish","type":"page","link":"https:\/\/sola.kau.se\/digitalisering\/fokusomraden\/studenter\/","title":{"rendered":"Student"},"content":{"rendered":"\n<h2 class=\"wp-block-heading\">\u00c4r du student? \/ Are you a student?<\/h2>\n\n\n\n<div class=\"wp-block-cover alignwide has-background-dim is-position-center-center\" style=\"background-image:url(https:\/\/sola.kau.se\/digitalisering\/wp-content\/uploads\/sites\/189\/2020\/12\/Studenter-scaled.jpg);min-height:422px;aspect-ratio:unset;\"><div class=\"wp-block-cover__inner-container is-layout-flow wp-block-cover-is-layout-flow\">\n<div class=\"wp-block-columns alignwide is-layout-flex wp-container-core-columns-is-layout-9d6595d7 wp-block-columns-is-layout-flex\">\n<div class=\"wp-block-column is-layout-flow wp-block-column-is-layout-flow\">\n<p class=\"has-text-align-left has-text-color\" style=\"color:#fffffa;font-size:68px;line-height:1.2\"><strong>Digital utveckling av studentrelaterade fr\u00e5gor \/ Digital Development in student-related issues <\/strong><\/p>\n<\/div>\n<\/div>\n<\/div><\/div>\n\n\n\n<div class=\"wp-block-columns is-layout-flex wp-container-core-columns-is-layout-9d6595d7 wp-block-columns-is-layout-flex\">\n<div class=\"wp-block-column is-layout-flow wp-block-column-is-layout-flow\">\n<h3 class=\"wp-block-heading\">Om fokusomr\u00e5det<\/h3>\n\n\n\n<p>Universitetets vision och strategi pekar ut att vi ska ha en v\u00e4l fungerande utbildningsmilj\u00f6 och att studenterna ska ha f\u00f6ruts\u00e4ttningar f\u00f6r att lyckas oavsett studieform. De senaste \u00e5rens arbete med digitala l\u00f6sningar f\u00f6r studenters administrativa tj\u00e4nster och de nu uppkomna l\u00f6sningarna med flexibel studiev\u00e4gledning, samtalsst\u00f6d och skrivhandledning visar p\u00e5 stora m\u00f6jligheter f\u00f6r digitala l\u00f6sningar som medel att hj\u00e4lpa och st\u00f6tta studenter. De krav som framtidens studenter har p\u00e5 sin studiemilj\u00f6, tillg\u00e4ngligheten till undervisning och st\u00f6d samt sitt l\u00e4rande inneb\u00e4r att universitetet m\u00e5ste h\u00e5lla sig uppdaterad med studenternas behov och de s\u00e4tt att m\u00f6ta behoven som bl.a. digitalisering kan medf\u00f6ra.<\/p>\n\n\n\n<h3 class=\"wp-block-heading\">Upplevelser och behov<\/h3>\n\n\n\n<p>H\u00e4r ser du vilka upplevelser och behov som vi f\u00e5tt fram i f\u00f6rsta workshopen. <\/p>\n\n\n\n<figure class=\"wp-block-gallery columns-1 is-cropped wp-block-gallery-1 is-layout-flex wp-block-gallery-is-layout-flex\"><ul class=\"blocks-gallery-grid\"><li class=\"blocks-gallery-item\"><figure><a href=\"https:\/\/sola.kau.se\/digitalisering\/wp-content\/uploads\/sites\/189\/2021\/02\/Bild07.png\"><img loading=\"lazy\" decoding=\"async\" width=\"1024\" height=\"576\" src=\"https:\/\/sola.kau.se\/digitalisering\/wp-content\/uploads\/sites\/189\/2021\/02\/Bild07-1024x576.png\" alt=\"\" data-id=\"888\" data-full-url=\"https:\/\/sola.kau.se\/digitalisering\/wp-content\/uploads\/sites\/189\/2021\/02\/Bild07.png\" data-link=\"https:\/\/sola.kau.se\/digitalisering\/upplevelser-och-behov\/bild07\/\" class=\"wp-image-888\" srcset=\"https:\/\/sola.kau.se\/digitalisering\/wp-content\/uploads\/sites\/189\/2021\/02\/Bild07-1024x576.png 1024w, https:\/\/sola.kau.se\/digitalisering\/wp-content\/uploads\/sites\/189\/2021\/02\/Bild07-300x169.png 300w, https:\/\/sola.kau.se\/digitalisering\/wp-content\/uploads\/sites\/189\/2021\/02\/Bild07-768x432.png 768w, https:\/\/sola.kau.se\/digitalisering\/wp-content\/uploads\/sites\/189\/2021\/02\/Bild07.png 1440w\" sizes=\"auto, (max-width: 1024px) 100vw, 1024px\" \/><\/a><figcaption class=\"blocks-gallery-item__caption\"><a href=\"https:\/\/sola.kau.se\/digitalisering\/wp-content\/uploads\/sites\/189\/2021\/02\/Bild07.png\">Klicka f\u00f6r att se upplevelser och behov fr\u00e5n <strong>studenter<\/strong><\/a><\/figcaption><\/figure><\/li><\/ul><\/figure>\n<\/div>\n\n\n\n<div class=\"wp-block-column is-layout-flow wp-block-column-is-layout-flow\">\n<h3 class=\"wp-block-heading\"><em>About the Focus Area<\/em><\/h3>\n\n\n\n<p><em>The university\u2019s vision and strategy point out that we must have a well-functioning educational environment and that students must have the conditions to succeed regardless of their form of study. The recent years \u2018work with digital solutions for students\u2019 administrative services and the now emerging solutions with flexible study guidance, conversation support and writing guidance show great opportunities for digital solutions as a means of helping and supporting students. The demands that future students have on their study environment, the availability of teaching and support and their learning means that the university must stay up to date with the students\u2019 needs and the ways of meeting the needs that, among other things digitization can bring.<\/em><\/p>\n\n\n\n<h3 class=\"wp-block-heading\">Experiences and Needs<\/h3>\n\n\n\n<p>Below are the experiences and needs which we found in the first workshop.<\/p>\n\n\n\n<figure class=\"wp-block-gallery columns-1 is-cropped wp-block-gallery-2 is-layout-flex wp-block-gallery-is-layout-flex\"><ul class=\"blocks-gallery-grid\"><li class=\"blocks-gallery-item\"><figure><a href=\"https:\/\/sola.kau.se\/digitalisering\/wp-content\/uploads\/sites\/189\/2021\/02\/Bild4.png\"><img loading=\"lazy\" decoding=\"async\" width=\"1024\" height=\"576\" src=\"https:\/\/sola.kau.se\/digitalisering\/wp-content\/uploads\/sites\/189\/2021\/02\/Bild4-1024x576.png\" alt=\"Experiences and Needs from Students\" data-id=\"922\" data-full-url=\"https:\/\/sola.kau.se\/digitalisering\/wp-content\/uploads\/sites\/189\/2021\/02\/Bild4.png\" data-link=\"https:\/\/sola.kau.se\/digitalisering\/bild4\/\" class=\"wp-image-922\" srcset=\"https:\/\/sola.kau.se\/digitalisering\/wp-content\/uploads\/sites\/189\/2021\/02\/Bild4-1024x576.png 1024w, https:\/\/sola.kau.se\/digitalisering\/wp-content\/uploads\/sites\/189\/2021\/02\/Bild4-300x169.png 300w, https:\/\/sola.kau.se\/digitalisering\/wp-content\/uploads\/sites\/189\/2021\/02\/Bild4-768x432.png 768w, https:\/\/sola.kau.se\/digitalisering\/wp-content\/uploads\/sites\/189\/2021\/02\/Bild4.png 1440w\" sizes=\"auto, (max-width: 1024px) 100vw, 1024px\" \/><\/a><figcaption class=\"blocks-gallery-item__caption\"><a href=\"https:\/\/sola.kau.se\/digitalisering\/wp-content\/uploads\/sites\/189\/2021\/02\/Bild4.png\">Click to see experiences and needs from <strong>students<\/strong><\/a><\/figcaption><\/figure><\/li><\/ul><\/figure>\n<\/div>\n<\/div>\n\n\n\n<p><\/p>\n","protected":false},"excerpt":{"rendered":"<p>\u00c4r du student? \/ Are you a student? Om fokusomr\u00e5det Universitetets vision och strategi pekar ut att vi ska ha en v\u00e4l fungerande utbildningsmilj\u00f6 och att studenterna ska ha f\u00f6ruts\u00e4ttningar f\u00f6r att lyckas oavsett studieform. De senaste \u00e5rens arbete med digitala l\u00f6sningar f\u00f6r studenters administrativa tj\u00e4nster och de nu uppkomna l\u00f6sningarna med flexibel studiev\u00e4gledning, samtalsst\u00f6d [&hellip;]<\/p>\n","protected":false},"author":83,"featured_media":0,"parent":226,"menu_order":-4,"comment_status":"closed","ping_status":"closed","template":"","meta":{"footnotes":""},"class_list":["post-18","page","type-page","status-publish","hentry"],"_links":{"self":[{"href":"https:\/\/sola.kau.se\/digitalisering\/wp-json\/wp\/v2\/pages\/18","targetHints":{"allow":["GET"]}}],"collection":[{"href":"https:\/\/sola.kau.se\/digitalisering\/wp-json\/wp\/v2\/pages"}],"about":[{"href":"https:\/\/sola.kau.se\/digitalisering\/wp-json\/wp\/v2\/types\/page"}],"author":[{"embeddable":true,"href":"https:\/\/sola.kau.se\/digitalisering\/wp-json\/wp\/v2\/users\/83"}],"replies":[{"embeddable":true,"href":"https:\/\/sola.kau.se\/digitalisering\/wp-json\/wp\/v2\/comments?post=18"}],"version-history":[{"count":35,"href":"https:\/\/sola.kau.se\/digitalisering\/wp-json\/wp\/v2\/pages\/18\/revisions"}],"predecessor-version":[{"id":1028,"href":"https:\/\/sola.kau.se\/digitalisering\/wp-json\/wp\/v2\/pages\/18\/revisions\/1028"}],"up":[{"embeddable":true,"href":"https:\/\/sola.kau.se\/digitalisering\/wp-json\/wp\/v2\/pages\/226"}],"wp:attachment":[{"href":"https:\/\/sola.kau.se\/digitalisering\/wp-json\/wp\/v2\/media?parent=18"}],"curies":[{"name":"wp","href":"https:\/\/api.w.org\/{rel}","templated":true}]}}