 {"id":310,"date":"2020-12-15T15:49:51","date_gmt":"2020-12-15T15:49:51","guid":{"rendered":"https:\/\/sola.kau.se\/digitalisering\/?page_id=310"},"modified":"2024-02-26T07:08:55","modified_gmt":"2024-02-26T07:08:55","slug":"om-initiativet","status":"publish","type":"page","link":"https:\/\/sola.kau.se\/digitalisering\/om-initiativet\/","title":{"rendered":"Om initiativet"},"content":{"rendered":"\n<h2 class=\"wp-block-heading\">Samlad digitalisering inom Kau<\/h2>\n\n\n\n<p>Universitets vision och strategi 2030 har ledorden vi utmanar det etablerade och utforskar det ok\u00e4nda. I visionen lyfts bl.a. vikten av att v\u00e5r arbetsmilj\u00f6 och studiemilj\u00f6 pr\u00e4glas av tillg\u00e4nglighet och flexibilitet. Just flexibilitet i undervisning, forskning samt studie-och arbetsf\u00f6rh\u00e5llanden har satts p\u00e5 prov under de r\u00e5dande omst\u00e4ndigheterna i samh\u00e4llet och universitetets digitaliseringsarbete har tvingats fram\u00e5t.&nbsp;<\/p>\n\n\n\n<p>F\u00f6r att bibeh\u00e5lla och forts\u00e4tta utveckla den flexibilitet som vi lagt grunden f\u00f6r ska vi arbeta mot fyra fokusomr\u00e5den f\u00f6r fortsatt samlat arbete med digitalisering. Fokusomr\u00e5dena ska med utg\u00e5ngspunkt i universitetets vision och strategiska m\u00e5l skapa f\u00f6ruts\u00e4ttningar f\u00f6r ett v\u00e4l integrerat och st\u00e4ndigt p\u00e5g\u00e5ende arbete med att se m\u00f6jligheterna till hur digitalisering kan st\u00e4rka universitetets utveckling, kvalitet och attraktivitet, inte minst n\u00e4r det g\u00e4ller v\u00e5rt uppdrag om samverkan.&nbsp;<\/p>\n\n\n\n<p>F\u00f6r varje fokusomr\u00e5de ska behov identifieras och en aktivitetsplan fastst\u00e4llas. L\u00e4rdomar fr\u00e5n \u00e5rets framtvingade omst\u00e4llning ska beaktas inom samtliga fokusomr\u00e5den.&nbsp;<\/p>\n\n\n\n<p>Arbetet leds av en arbetsgrupp best\u00e5ende av J\u00f6rg Pareigis, Frida Gr\u00e5sj\u00f6, Mats M\u00f6ller, Claes Asker, Sandra Berginge, Fredrik Kessler och Anders Sahlin. Inledningsvis kommer workshop h\u00e5llas f\u00f6r varje fokusomr\u00e5de som tar fram l\u00e4rdomar, behov och framtidsutsikter inom omr\u00e5det. D\u00e4refter sker en ny workshop d\u00e4r m\u00e5lbild och aktiviteter arbetas fram. Arbetet p\u00e5b\u00f6rjas december 2020 och en aktivitetsplan ber\u00e4knas kunna fastst\u00e4llas av rektor i april 2021.&nbsp;<\/p>\n\n\n\n<p class=\"rethink-text-p\">Kontakta projektet genom: <a href=\"mailto:digitalisering@kau.se\">rethink@kau.se<\/a>.<\/p>\n","protected":false},"excerpt":{"rendered":"<p>Samlad digitalisering inom Kau Universitets vision och strategi 2030 har ledorden vi utmanar det etablerade och utforskar det ok\u00e4nda. I visionen lyfts bl.a. vikten av att v\u00e5r arbetsmilj\u00f6 och studiemilj\u00f6 pr\u00e4glas av tillg\u00e4nglighet och flexibilitet. Just flexibilitet i undervisning, forskning samt studie-och arbetsf\u00f6rh\u00e5llanden har satts p\u00e5 prov under de r\u00e5dande omst\u00e4ndigheterna i samh\u00e4llet och universitetets [&hellip;]<\/p>\n","protected":false},"author":83,"featured_media":0,"parent":0,"menu_order":0,"comment_status":"closed","ping_status":"closed","template":"page-templates\/right-sidebar.php","meta":{"footnotes":""},"class_list":["post-310","page","type-page","status-publish","hentry"],"_links":{"self":[{"href":"https:\/\/sola.kau.se\/digitalisering\/wp-json\/wp\/v2\/pages\/310","targetHints":{"allow":["GET"]}}],"collection":[{"href":"https:\/\/sola.kau.se\/digitalisering\/wp-json\/wp\/v2\/pages"}],"about":[{"href":"https:\/\/sola.kau.se\/digitalisering\/wp-json\/wp\/v2\/types\/page"}],"author":[{"embeddable":true,"href":"https:\/\/sola.kau.se\/digitalisering\/wp-json\/wp\/v2\/users\/83"}],"replies":[{"embeddable":true,"href":"https:\/\/sola.kau.se\/digitalisering\/wp-json\/wp\/v2\/comments?post=310"}],"version-history":[{"count":5,"href":"https:\/\/sola.kau.se\/digitalisering\/wp-json\/wp\/v2\/pages\/310\/revisions"}],"predecessor-version":[{"id":1273,"href":"https:\/\/sola.kau.se\/digitalisering\/wp-json\/wp\/v2\/pages\/310\/revisions\/1273"}],"wp:attachment":[{"href":"https:\/\/sola.kau.se\/digitalisering\/wp-json\/wp\/v2\/media?parent=310"}],"curies":[{"name":"wp","href":"https:\/\/api.w.org\/{rel}","templated":true}]}}