 {"id":38,"date":"2020-12-08T13:13:03","date_gmt":"2020-12-08T13:13:03","guid":{"rendered":"https:\/\/sola.kau.se\/digitalisering\/?page_id=38"},"modified":"2024-02-26T07:08:19","modified_gmt":"2024-02-26T07:08:19","slug":"start","status":"publish","type":"page","link":"https:\/\/sola.kau.se\/digitalisering\/","title":{"rendered":"Startsida"},"content":{"rendered":"\n<p><\/p>\n\n\n\n<div class=\"wp-block-cover alignwide is-position-center-center\" style=\"min-height:575px;aspect-ratio:unset;\"><span aria-hidden=\"true\" class=\"wp-block-cover__background has-cyan-bluish-gray-background-color has-background-dim-30 has-background-dim\"><\/span><img loading=\"lazy\" decoding=\"async\" width=\"2560\" height=\"1440\" class=\"wp-block-cover__image-background wp-image-199\" alt=\"\" src=\"https:\/\/sola.kau.se\/digitalisering\/wp-content\/uploads\/sites\/189\/2020\/12\/testa-prototyp-scaled.jpg\" data-object-fit=\"cover\" srcset=\"https:\/\/sola.kau.se\/digitalisering\/wp-content\/uploads\/sites\/189\/2020\/12\/testa-prototyp-scaled.jpg 2560w, https:\/\/sola.kau.se\/digitalisering\/wp-content\/uploads\/sites\/189\/2020\/12\/testa-prototyp-300x169.jpg 300w, https:\/\/sola.kau.se\/digitalisering\/wp-content\/uploads\/sites\/189\/2020\/12\/testa-prototyp-1024x576.jpg 1024w, https:\/\/sola.kau.se\/digitalisering\/wp-content\/uploads\/sites\/189\/2020\/12\/testa-prototyp-768x432.jpg 768w, https:\/\/sola.kau.se\/digitalisering\/wp-content\/uploads\/sites\/189\/2020\/12\/testa-prototyp-1536x864.jpg 1536w, https:\/\/sola.kau.se\/digitalisering\/wp-content\/uploads\/sites\/189\/2020\/12\/testa-prototyp-2048x1152.jpg 2048w\" sizes=\"auto, (max-width: 2560px) 100vw, 2560px\" \/><div class=\"wp-block-cover__inner-container is-layout-flow wp-block-cover-is-layout-flow\">\n<div class=\"wp-block-columns alignwide is-layout-flex wp-container-core-columns-is-layout-9d6595d7 wp-block-columns-is-layout-flex\">\n<div class=\"wp-block-column is-layout-flow wp-block-column-is-layout-flow\" style=\"flex-basis:12%\">\n<div style=\"height:100px\" aria-hidden=\"true\" class=\"wp-block-spacer\"><\/div>\n<\/div>\n\n\n\n<div class=\"wp-block-column is-layout-flow wp-block-column-is-layout-flow\">\n<div style=\"height:100px\" aria-hidden=\"true\" class=\"wp-block-spacer\"><\/div>\n\n\n\n<p class=\"has-text-align-left has-text-color\" style=\"color:#fffffa;font-size:68px;line-height:1.2\"><strong>Nu utvecklar vi Karlstads universitets digitalisering<\/strong><\/p>\n\n\n\n<div class=\"wp-block-buttons is-layout-flex wp-block-buttons-is-layout-flex\"><\/div>\n\n\n\n<div style=\"height:100px\" aria-hidden=\"true\" class=\"wp-block-spacer\"><\/div>\n<\/div>\n\n\n\n<div class=\"wp-block-column is-layout-flow wp-block-column-is-layout-flow\" style=\"flex-basis:12%\">\n<div style=\"height:100px\" aria-hidden=\"true\" class=\"wp-block-spacer\"><\/div>\n<\/div>\n<\/div>\n<\/div><\/div>\n\n\n\n<hr class=\"wp-block-separator has-css-opacity\" \/>\n\n\n\n<div class=\"wp-block-cover is-light rethink-status-block\" style=\"min-height:231px;aspect-ratio:unset;\"><span aria-hidden=\"true\" class=\"wp-block-cover__background has-luminous-vivid-amber-background-color has-background-dim-100 has-background-dim\"><\/span><div class=\"wp-block-cover__inner-container is-layout-flow wp-block-cover-is-layout-flow\">\n<p class=\"has-text-align-center has-black-color has-text-color has-large-font-size\">Status i arbetet<\/p>\n\n\n\n<p class=\"has-black-color has-text-color has-medium-font-size\">Aktiviteter utifr\u00e5n arbetet i projektet fastst\u00e4lldes av universitetsledningen. Arbete p\u00e5g\u00e5r eller har avslutats f\u00f6r alla aktiviteter. Status f\u00f6r varje aktivitet g\u00e5r att f\u00f6lja p\u00e5 sidan nedan:<\/p>\n\n\n\n<ul class=\"wp-block-list\">\n<li><a href=\"https:\/\/sola.kau.se\/digitalisering\/aktiviteter-for-digitalisering\/\" data-type=\"page\" data-id=\"1224\">Alla digitaliseringsaktiviteter och status<\/a><\/li>\n<\/ul>\n<\/div><\/div>\n\n\n\n<hr class=\"wp-block-separator has-css-opacity\" \/>\n\n\n\n<div class=\"wp-block-cover is-light goals-padding\"><span aria-hidden=\"true\" class=\"wp-block-cover__background has-luminous-vivid-orange-background-color has-background-dim-100 has-background-dim\"><\/span><div class=\"wp-block-cover__inner-container is-layout-flow wp-block-cover-is-layout-flow\">\n<h2 class=\"wp-block-heading has-text-color\" id=\"digitaliseringsmal-2024\" style=\"color:#222222\">Digitaliseringsm\u00e5l 2024 <\/h2>\n\n\n\n<p class=\"has-text-color\" style=\"color:#222222\">M\u00e5len har arbetats fram p\u00e5 workshopar inom de olika fokusomr\u00e5dena och d\u00e4refter f\u00f6rankrats i organisationen.<\/p>\n\n\n\n<h4 class=\"wp-block-heading has-text-color\" id=\"arbetsform-och-arbetsmiljo\" style=\"color:#222222\">Arbetsform och arbetsmilj\u00f6<\/h4>\n\n\n\n<p class=\"has-text-color has-medium-font-size\" style=\"color:#222222\">\u00c5r 2024 har Karlstads universitet rutiner, regelverk och strukturer som m\u00f6jligg\u00f6r en flexibel arbetsform och st\u00f6djer en god arbetsmilj\u00f6. Medarbetare \u00e4r trygga i digitala arbetss\u00e4tt och digitala normer.<\/p>\n\n\n\n<h4 class=\"wp-block-heading has-text-color\" id=\"tekniska-forutsattningar\" style=\"color:#222222\">Tekniska f\u00f6ruts\u00e4ttningar<\/h4>\n\n\n\n<p class=\"has-text-color has-medium-font-size\" style=\"color:#222222\">\u00c5r 2024 har medarbetare och studenter p\u00e5 Karlstads universitet p\u00e5 ett enkelt s\u00e4tt tillg\u00e5ng till och kunskap i om digitala system, verktyg och processer samt kan arbeta effektivt och kvalitetss\u00e4kert i dessa.<\/p>\n\n\n\n<h4 class=\"wp-block-heading has-text-color\" id=\"information-och-kommunikation\" style=\"color:#222222\">Information och kommunikation<\/h4>\n\n\n\n<p class=\"has-text-color has-medium-font-size\" style=\"color:#222222\">\u00c5r 2024 har Karlstads universitet ett gemensamt ramverk och gemensamma verktyg f\u00f6r information och kommunikation vilket st\u00f6djer medarbetares lika m\u00f6jligheter till att ta del av information och hantera den p\u00e5 ett korrekt och s\u00e4kert s\u00e4tt.<\/p>\n\n\n\n<h4 class=\"wp-block-heading has-text-color\" id=\"undervisning\" style=\"color:#222222\">Undervisning<\/h4>\n\n\n\n<p class=\"has-text-color has-medium-font-size\" style=\"color:#222222\">\u00c5r 2024 \u00e4r digitaliseringens m\u00f6jligheter naturliga n\u00e4r undervisning planeras och genomf\u00f6rs och det finns en grundtrygghet i att veta vilka delar av undervisning som l\u00e4mpar sig b\u00e4st att genomf\u00f6ras digitalt respektive p\u00e5 plats. V\u00e5ra utbildningar inneh\u00e5ller relevanta moment som m\u00f6ter arbetsmarknadens krav p\u00e5 digital kompetens.<\/p>\n\n\n\n<h4 class=\"wp-block-heading has-text-color\" id=\"forskning\" style=\"color:#222222\">Forskning<\/h4>\n\n\n\n<p class=\"has-text-color has-medium-font-size\" style=\"color:#222222\">\u00c5r 2024 har universitetets forskare kunskap om hantering av \u00f6ppen vetenskap och tillg\u00e5ng till digital support f\u00f6r hela forskningsprocessen, fr\u00e5n initiering till uppf\u00f6ljning och kvalitetsutveckling.<\/p>\n<\/div><\/div>\n\n\n\n<hr class=\"wp-block-separator has-css-opacity\" \/>\n\n\n\n<div class=\"wp-block-columns is-layout-flex wp-container-core-columns-is-layout-9d6595d7 wp-block-columns-is-layout-flex\">\n<div class=\"wp-block-column is-layout-flow wp-block-column-is-layout-flow\">\n<div class=\"wp-block-cover is-light has-custom-content-position is-position-bottom-right rethink-stora-gula-block\" style=\"min-height:487px;aspect-ratio:unset;\"><span aria-hidden=\"true\" class=\"wp-block-cover__background has-luminous-vivid-amber-background-color has-background-dim-0 has-background-dim\"><\/span><img loading=\"lazy\" decoding=\"async\" width=\"1788\" height=\"1566\" class=\"wp-block-cover__image-background wp-image-1158\" alt=\"\" src=\"https:\/\/sola.kau.se\/digitalisering\/wp-content\/uploads\/sites\/189\/2021\/05\/Puzzel-Face-has-an-Idea.png\" style=\"object-position:NaN% NaN%\" data-object-fit=\"cover\" data-object-position=\"NaN% NaN%\" srcset=\"https:\/\/sola.kau.se\/digitalisering\/wp-content\/uploads\/sites\/189\/2021\/05\/Puzzel-Face-has-an-Idea.png 1788w, https:\/\/sola.kau.se\/digitalisering\/wp-content\/uploads\/sites\/189\/2021\/05\/Puzzel-Face-has-an-Idea-300x263.png 300w, https:\/\/sola.kau.se\/digitalisering\/wp-content\/uploads\/sites\/189\/2021\/05\/Puzzel-Face-has-an-Idea-1024x897.png 1024w, https:\/\/sola.kau.se\/digitalisering\/wp-content\/uploads\/sites\/189\/2021\/05\/Puzzel-Face-has-an-Idea-768x673.png 768w, https:\/\/sola.kau.se\/digitalisering\/wp-content\/uploads\/sites\/189\/2021\/05\/Puzzel-Face-has-an-Idea-1536x1345.png 1536w\" sizes=\"auto, (max-width: 1788px) 100vw, 1788px\" \/><div class=\"wp-block-cover__inner-container is-layout-flow wp-block-cover-is-layout-flow\">\n<p class=\"has-text-align-center rethink-id-ideas-front has-text-color has-large-font-size\" style=\"color:#444444\"><a href=\"https:\/\/sola.kau.se\/digitalisering\/aktiviteter-for-digitalisering\/\" data-type=\"page\" data-id=\"1105\">L\u00e4s om<br>alla<br>aktiviteter!<\/a><\/p>\n<\/div><\/div>\n<\/div>\n\n\n\n<div class=\"wp-block-column is-layout-flow wp-block-column-is-layout-flow\">\n<h2 class=\"wp-block-heading\" id=\"aktiviteter\">Aktiviteter<\/h2>\n\n\n\n<p class=\"has-medium-font-size\">Nu har arbetet med att genomf\u00f6ra aktiviteter som leder till \u00f6kad digitalisering p\u00e5b\u00f6rjats. P\u00e5 l\u00e4nken till v\u00e4nster kan du l\u00e4sa mer om de olika aktiviteterna. <\/p>\n<\/div>\n<\/div>\n\n\n\n<hr class=\"wp-block-separator has-css-opacity\" \/>\n\n\n\n<h2 class=\"wp-block-heading\" id=\"fokusomrade\">Fokusomr\u00e5de!<\/h2>\n\n\n\n<div class=\"wp-block-columns is-layout-flex wp-container-core-columns-is-layout-9d6595d7 wp-block-columns-is-layout-flex\">\n<div class=\"wp-block-column is-layout-flow wp-block-column-is-layout-flow\">\n<div class=\"wp-block-cover is-light rethink-stora-gula-block\" style=\"min-height:200px;aspect-ratio:unset;\"><span aria-hidden=\"true\" class=\"wp-block-cover__background has-background-dim-30 has-background-dim\"><\/span><img loading=\"lazy\" decoding=\"async\" width=\"2560\" height=\"1097\" class=\"wp-block-cover__image-background wp-image-344\" alt=\"\" src=\"https:\/\/sola.kau.se\/digitalisering\/wp-content\/uploads\/sites\/189\/2020\/12\/Studenter-scaled.jpg\" style=\"object-position:82% 24%\" data-object-fit=\"cover\" data-object-position=\"82% 24%\" srcset=\"https:\/\/sola.kau.se\/digitalisering\/wp-content\/uploads\/sites\/189\/2020\/12\/Studenter-scaled.jpg 2560w, https:\/\/sola.kau.se\/digitalisering\/wp-content\/uploads\/sites\/189\/2020\/12\/Studenter-300x129.jpg 300w, https:\/\/sola.kau.se\/digitalisering\/wp-content\/uploads\/sites\/189\/2020\/12\/Studenter-1024x439.jpg 1024w, https:\/\/sola.kau.se\/digitalisering\/wp-content\/uploads\/sites\/189\/2020\/12\/Studenter-768x329.jpg 768w, https:\/\/sola.kau.se\/digitalisering\/wp-content\/uploads\/sites\/189\/2020\/12\/Studenter-1536x658.jpg 1536w, https:\/\/sola.kau.se\/digitalisering\/wp-content\/uploads\/sites\/189\/2020\/12\/Studenter-2048x878.jpg 2048w\" sizes=\"auto, (max-width: 2560px) 100vw, 2560px\" \/><div class=\"wp-block-cover__inner-container is-layout-flow wp-block-cover-is-layout-flow\">\n<p class=\"has-text-align-center has-large-font-size\"><a href=\"https:\/\/sola.kau.se\/digitalisering\/fokusomraden\/studenter\/\" data-type=\"page\" data-id=\"18\">Student<\/a><\/p>\n<\/div><\/div>\n<\/div>\n\n\n\n<div class=\"wp-block-column is-layout-flow wp-block-column-is-layout-flow\">\n<div class=\"wp-block-cover is-light rethink-stora-gula-block\" style=\"min-height:200px;aspect-ratio:unset;\"><span aria-hidden=\"true\" class=\"wp-block-cover__background has-background-dim-30 has-background-dim\"><\/span><img loading=\"lazy\" decoding=\"async\" width=\"1200\" height=\"500\" class=\"wp-block-cover__image-background wp-image-356\" alt=\"\" src=\"https:\/\/sola.kau.se\/digitalisering\/wp-content\/uploads\/sites\/189\/2020\/12\/Undervisning.jpg\" style=\"object-position:43% 67%\" data-object-fit=\"cover\" data-object-position=\"43% 67%\" srcset=\"https:\/\/sola.kau.se\/digitalisering\/wp-content\/uploads\/sites\/189\/2020\/12\/Undervisning.jpg 1200w, https:\/\/sola.kau.se\/digitalisering\/wp-content\/uploads\/sites\/189\/2020\/12\/Undervisning-300x125.jpg 300w, https:\/\/sola.kau.se\/digitalisering\/wp-content\/uploads\/sites\/189\/2020\/12\/Undervisning-1024x427.jpg 1024w, https:\/\/sola.kau.se\/digitalisering\/wp-content\/uploads\/sites\/189\/2020\/12\/Undervisning-768x320.jpg 768w\" sizes=\"auto, (max-width: 1200px) 100vw, 1200px\" \/><div class=\"wp-block-cover__inner-container is-layout-flow wp-block-cover-is-layout-flow\">\n<p class=\"has-text-align-center has-large-font-size\"><a href=\"https:\/\/sola.kau.se\/digitalisering\/fokusomraden\/larare\/\" data-type=\"page\" data-id=\"64\">L\u00e4rare<\/a><\/p>\n<\/div><\/div>\n<\/div>\n\n\n\n<div class=\"wp-block-column is-layout-flow wp-block-column-is-layout-flow\">\n<div class=\"wp-block-cover is-light rethink-stora-gula-block\" style=\"min-height:200px;aspect-ratio:unset;\"><span aria-hidden=\"true\" class=\"wp-block-cover__background has-background-dim-30 has-background-dim\"><\/span><img loading=\"lazy\" decoding=\"async\" width=\"1201\" height=\"500\" class=\"wp-block-cover__image-background wp-image-353\" alt=\"\" src=\"https:\/\/sola.kau.se\/digitalisering\/wp-content\/uploads\/sites\/189\/2020\/12\/forskning.jpg\" data-object-fit=\"cover\" srcset=\"https:\/\/sola.kau.se\/digitalisering\/wp-content\/uploads\/sites\/189\/2020\/12\/forskning.jpg 1201w, https:\/\/sola.kau.se\/digitalisering\/wp-content\/uploads\/sites\/189\/2020\/12\/forskning-300x125.jpg 300w, https:\/\/sola.kau.se\/digitalisering\/wp-content\/uploads\/sites\/189\/2020\/12\/forskning-1024x426.jpg 1024w, https:\/\/sola.kau.se\/digitalisering\/wp-content\/uploads\/sites\/189\/2020\/12\/forskning-768x320.jpg 768w\" sizes=\"auto, (max-width: 1201px) 100vw, 1201px\" \/><div class=\"wp-block-cover__inner-container is-layout-flow wp-block-cover-is-layout-flow\">\n<p class=\"has-text-align-center has-large-font-size\"><a href=\"https:\/\/sola.kau.se\/digitalisering\/fokusomraden\/forskare\/\" data-type=\"page\" data-id=\"67\">Forskare<\/a><\/p>\n<\/div><\/div>\n<\/div>\n\n\n\n<div class=\"wp-block-column is-layout-flow wp-block-column-is-layout-flow\">\n<div class=\"wp-block-cover is-light rethink-stora-gula-block\" style=\"min-height:200px;aspect-ratio:unset;\"><span aria-hidden=\"true\" class=\"wp-block-cover__background has-background-dim-30 has-background-dim\"><\/span><img loading=\"lazy\" decoding=\"async\" width=\"1200\" height=\"500\" class=\"wp-block-cover__image-background wp-image-366\" alt=\"\" src=\"https:\/\/sola.kau.se\/digitalisering\/wp-content\/uploads\/sites\/189\/2020\/12\/arbetsgivare.jpg\" data-object-fit=\"cover\" srcset=\"https:\/\/sola.kau.se\/digitalisering\/wp-content\/uploads\/sites\/189\/2020\/12\/arbetsgivare.jpg 1200w, https:\/\/sola.kau.se\/digitalisering\/wp-content\/uploads\/sites\/189\/2020\/12\/arbetsgivare-300x125.jpg 300w, https:\/\/sola.kau.se\/digitalisering\/wp-content\/uploads\/sites\/189\/2020\/12\/arbetsgivare-1024x427.jpg 1024w, https:\/\/sola.kau.se\/digitalisering\/wp-content\/uploads\/sites\/189\/2020\/12\/arbetsgivare-768x320.jpg 768w\" sizes=\"auto, (max-width: 1200px) 100vw, 1200px\" \/><div class=\"wp-block-cover__inner-container is-layout-flow wp-block-cover-is-layout-flow\">\n<p class=\"has-text-align-center has-large-font-size\"><a href=\"https:\/\/sola.kau.se\/digitalisering\/fokusomraden\/medarbetare\/\" data-type=\"page\" data-id=\"68\">Medarbetare<\/a><\/p>\n<\/div><\/div>\n<\/div>\n<\/div>\n\n\n\n<hr class=\"wp-block-separator has-css-opacity\" \/>\n\n\n\n<h2 class=\"wp-block-heading\" id=\"processen\">Processen<\/h2>\n\n\n\n<div class=\"wp-block-columns is-layout-flex wp-container-core-columns-is-layout-9d6595d7 wp-block-columns-is-layout-flex\">\n<div class=\"wp-block-column is-layout-flow wp-block-column-is-layout-flow\">\n<div class=\"wp-block-cover is-light\" style=\"min-height:200px;aspect-ratio:unset;\"><span aria-hidden=\"true\" class=\"wp-block-cover__background has-luminous-vivid-orange-background-color has-background-dim-100 has-background-dim\"><\/span><div class=\"wp-block-cover__inner-container is-layout-flow wp-block-cover-is-layout-flow\">\n<h2 class=\"wp-block-heading has-text-align-center has-text-color\" id=\"workshopar\" style=\"color:#222222\">Workshopar<\/h2>\n\n\n\n<p class=\"has-text-align-center has-text-color\" style=\"color:#222222\">Jan-mar 2021<\/p>\n<\/div><\/div>\n<\/div>\n\n\n\n<div class=\"wp-block-column is-layout-flow wp-block-column-is-layout-flow\">\n<div class=\"wp-block-cover is-light\" style=\"min-height:200px;aspect-ratio:unset;\"><span aria-hidden=\"true\" class=\"wp-block-cover__background has-luminous-vivid-amber-background-color has-background-dim-100 has-background-dim\"><\/span><div class=\"wp-block-cover__inner-container is-layout-flow wp-block-cover-is-layout-flow\">\n<h2 class=\"wp-block-heading has-text-align-center has-text-color\" id=\"mal-och-ideer\" style=\"color:#444444\">M\u00e5l och id\u00e9er<\/h2>\n\n\n\n<p class=\"has-text-align-center has-text-color\" style=\"color:#444444\">Mar-maj 2021<\/p>\n<\/div><\/div>\n<\/div>\n\n\n\n<div class=\"wp-block-column is-layout-flow wp-block-column-is-layout-flow\">\n<div class=\"wp-block-cover\" style=\"min-height:200px;aspect-ratio:unset;\"><span aria-hidden=\"true\" class=\"wp-block-cover__background has-vivid-purple-background-color has-background-dim-100 has-background-dim\"><\/span><div class=\"wp-block-cover__inner-container is-layout-flow wp-block-cover-is-layout-flow\">\n<h2 class=\"wp-block-heading has-text-align-center\" id=\"plan-framat\">Plan fram\u00e5t<\/h2>\n\n\n\n<p class=\"has-text-align-center\">Jun-aug 2021<\/p>\n<\/div><\/div>\n<\/div>\n\n\n\n<div class=\"wp-block-column is-layout-flow wp-block-column-is-layout-flow\">\n<div class=\"wp-block-cover\" style=\"min-height:200px;aspect-ratio:unset;\"><span aria-hidden=\"true\" class=\"wp-block-cover__background has-vivid-red-background-color has-background-dim-100 has-background-dim\"><\/span><div class=\"wp-block-cover__inner-container is-layout-flow wp-block-cover-is-layout-flow\">\n<h2 class=\"wp-block-heading has-text-align-center\" id=\"verksamhets-uppdrag\">Verksamhets-uppdrag<\/h2>\n\n\n\n<p class=\"has-text-align-center\">Sep 2021 -&gt;<\/p>\n<\/div><\/div>\n<\/div>\n<\/div>\n\n\n\n<p><\/p>\n\n\n\n<div class=\"wp-block-group\"><div class=\"wp-block-group__inner-container is-layout-flow wp-block-group-is-layout-flow\">\n<hr class=\"wp-block-separator has-css-opacity\" \/>\n\n\n\n<div class=\"wp-block-columns is-layout-flex wp-container-core-columns-is-layout-9d6595d7 wp-block-columns-is-layout-flex\">\n<div class=\"wp-block-column is-layout-flow wp-block-column-is-layout-flow\">\n<figure class=\"wp-block-image size-large\"><img loading=\"lazy\" decoding=\"async\" width=\"1024\" height=\"682\" src=\"https:\/\/sola.kau.se\/digitalisering\/wp-content\/uploads\/sites\/189\/2020\/12\/post-it-1024x682.jpg\" alt=\"\" class=\"wp-image-12\" srcset=\"https:\/\/sola.kau.se\/digitalisering\/wp-content\/uploads\/sites\/189\/2020\/12\/post-it-1024x682.jpg 1024w, https:\/\/sola.kau.se\/digitalisering\/wp-content\/uploads\/sites\/189\/2020\/12\/post-it-300x200.jpg 300w, https:\/\/sola.kau.se\/digitalisering\/wp-content\/uploads\/sites\/189\/2020\/12\/post-it-768x512.jpg 768w, https:\/\/sola.kau.se\/digitalisering\/wp-content\/uploads\/sites\/189\/2020\/12\/post-it-1536x1024.jpg 1536w, https:\/\/sola.kau.se\/digitalisering\/wp-content\/uploads\/sites\/189\/2020\/12\/post-it.jpg 2000w\" sizes=\"auto, (max-width: 1024px) 100vw, 1024px\" \/><\/figure>\n<\/div>\n\n\n\n<div class=\"wp-block-column is-layout-flow wp-block-column-is-layout-flow\">\n<h2 class=\"wp-block-heading\" id=\"sa-har-jobbar-vi\">S\u00e5 h\u00e4r jobbar vi<\/h2>\n\n\n\n<p>Tillsammans ska vi arbeta fram en m\u00e5lbild som kopplar ihop fokusomr\u00e5den med universitetets strategi och vision 2030. Arbetet utf\u00f6rs i tv\u00e5 workshops d\u00e4r den f\u00f6rsta identifierar studenter, l\u00e4rares, forskares och medarbetares l\u00e4rdomar i pandemin, behov och framtidsspaning. Den andra tar avstamp i resultatet fr\u00e5n den f\u00f6rsta och arbetar med en m\u00e5lbild f\u00f6r fokusomr\u00e5det och aktiviteter som f\u00f6r oss n\u00e4rmare strategi och vision 2030.<\/p>\n<\/div>\n<\/div>\n\n\n\n<hr class=\"wp-block-separator has-css-opacity\" \/>\n<\/div><\/div>\n\n\n\n<div class=\"wp-block-columns is-layout-flex wp-container-core-columns-is-layout-9d6595d7 wp-block-columns-is-layout-flex\">\n<div class=\"wp-block-column is-layout-flow wp-block-column-is-layout-flow\">\n<h2 class=\"wp-block-heading\" id=\"arbetsgrupp\">Arbetsgrupp<\/h2>\n\n\n\n<ul class=\"wp-block-list\">\n<li>Frida Gr\u00e5sj\u00f6<\/li>\n\n\n\n<li>J\u00f6rg Pareigis<\/li>\n\n\n\n<li>Claes Asker<\/li>\n\n\n\n<li>Mats M\u00f6ller<\/li>\n\n\n\n<li>Sandra Berginge<\/li>\n\n\n\n<li>Fredrik Kessler<\/li>\n\n\n\n<li>Anders Sahlin<\/li>\n<\/ul>\n\n\n\n<p class=\"rethink-text-p\">Kontakta projektet genom <a href=\"mailto:digitalisering@kau.se\">rethink@kau.se<\/a>.<\/p>\n<\/div>\n\n\n\n<div class=\"wp-block-column is-layout-flow wp-block-column-is-layout-flow\">\n<figure class=\"wp-block-image size-large\"><img loading=\"lazy\" decoding=\"async\" width=\"1024\" height=\"517\" src=\"https:\/\/sola.kau.se\/digitalisering\/wp-content\/uploads\/sites\/189\/2020\/12\/Arbetsgrupp-1-1024x517.png\" alt=\"\" class=\"wp-image-377\" srcset=\"https:\/\/sola.kau.se\/digitalisering\/wp-content\/uploads\/sites\/189\/2020\/12\/Arbetsgrupp-1-1024x517.png 1024w, https:\/\/sola.kau.se\/digitalisering\/wp-content\/uploads\/sites\/189\/2020\/12\/Arbetsgrupp-1-300x151.png 300w, https:\/\/sola.kau.se\/digitalisering\/wp-content\/uploads\/sites\/189\/2020\/12\/Arbetsgrupp-1-768x388.png 768w, https:\/\/sola.kau.se\/digitalisering\/wp-content\/uploads\/sites\/189\/2020\/12\/Arbetsgrupp-1.png 1454w\" sizes=\"auto, (max-width: 1024px) 100vw, 1024px\" \/><\/figure>\n<\/div>\n<\/div>\n\n\n\n<div class=\"wp-block-group\"><div class=\"wp-block-group__inner-container is-layout-flow wp-block-group-is-layout-flow\">\n<hr class=\"wp-block-separator has-css-opacity\" \/>\n<\/div><\/div>\n\n\n\n<div class=\"wp-block-columns is-layout-flex wp-container-core-columns-is-layout-9d6595d7 wp-block-columns-is-layout-flex\">\n<div class=\"wp-block-column is-layout-flow wp-block-column-is-layout-flow\">\n<h2 class=\"wp-block-heading\" id=\"varfor-ska-vi-arbeta-med-digitalisering\">Varf\u00f6r ska vi arbeta med digitalisering?<\/h2>\n\n\n\n<p>F\u00f6r att ta tillvara p\u00e5 l\u00e4rdomar efter pandemin och f\u00f6r att utveckla v\u00e5rt digitaliseringsarbete f\u00f6r att st\u00f6dja universitetets strategi och vision 2030 p\u00e5b\u00f6rjar vi nu ett arbete med att ta fram m\u00e5lbilder och aktiviteter f\u00f6r ett samlat digitaliseringarbete. Utifr\u00e5n fyra fokusomr\u00e5den ska vi identifiera l\u00e4rdomar, behov och framtidsspaningar som utg\u00e5r ifr\u00e5n studenters, l\u00e4rare, forskare och medarbetares vardag.<\/p>\n<\/div>\n\n\n\n<div class=\"wp-block-column is-layout-flow wp-block-column-is-layout-flow\">\n<figure class=\"wp-block-embed is-type-video is-provider-youtube wp-block-embed-youtube wp-embed-aspect-16-9 wp-has-aspect-ratio\"><div class=\"wp-block-embed__wrapper\">\n<iframe loading=\"lazy\" title=\"Johan Sterte om digitalisering vid Karlstads universitet\" width=\"500\" height=\"281\" src=\"https:\/\/www.youtube.com\/embed\/AisDekrZkxA?feature=oembed\" frameborder=\"0\" allow=\"accelerometer; autoplay; clipboard-write; encrypted-media; gyroscope; picture-in-picture; web-share\" referrerpolicy=\"strict-origin-when-cross-origin\" allowfullscreen><\/iframe>\n<\/div><\/figure>\n<\/div>\n<\/div>\n","protected":false},"excerpt":{"rendered":"<p>Aktiviteter Nu har arbetet med att genomf\u00f6ra aktiviteter som leder till \u00f6kad digitalisering p\u00e5b\u00f6rjats. P\u00e5 l\u00e4nken till v\u00e4nster kan du l\u00e4sa mer om de olika aktiviteterna. Fokusomr\u00e5de! Processen S\u00e5 h\u00e4r jobbar vi Tillsammans ska vi arbeta fram en m\u00e5lbild som kopplar ihop fokusomr\u00e5den med universitetets strategi och vision 2030. Arbetet utf\u00f6rs i tv\u00e5 workshops d\u00e4r [&hellip;]<\/p>\n","protected":false},"author":83,"featured_media":0,"parent":0,"menu_order":-100,"comment_status":"closed","ping_status":"closed","template":"page-templates\/full-width.php","meta":{"footnotes":""},"class_list":["post-38","page","type-page","status-publish","hentry"],"_links":{"self":[{"href":"https:\/\/sola.kau.se\/digitalisering\/wp-json\/wp\/v2\/pages\/38","targetHints":{"allow":["GET"]}}],"collection":[{"href":"https:\/\/sola.kau.se\/digitalisering\/wp-json\/wp\/v2\/pages"}],"about":[{"href":"https:\/\/sola.kau.se\/digitalisering\/wp-json\/wp\/v2\/types\/page"}],"author":[{"embeddable":true,"href":"https:\/\/sola.kau.se\/digitalisering\/wp-json\/wp\/v2\/users\/83"}],"replies":[{"embeddable":true,"href":"https:\/\/sola.kau.se\/digitalisering\/wp-json\/wp\/v2\/comments?post=38"}],"version-history":[{"count":126,"href":"https:\/\/sola.kau.se\/digitalisering\/wp-json\/wp\/v2\/pages\/38\/revisions"}],"predecessor-version":[{"id":1272,"href":"https:\/\/sola.kau.se\/digitalisering\/wp-json\/wp\/v2\/pages\/38\/revisions\/1272"}],"wp:attachment":[{"href":"https:\/\/sola.kau.se\/digitalisering\/wp-json\/wp\/v2\/media?parent=38"}],"curies":[{"name":"wp","href":"https:\/\/api.w.org\/{rel}","templated":true}]}}