 {"id":67,"date":"2020-12-08T15:29:36","date_gmt":"2020-12-08T15:29:36","guid":{"rendered":"https:\/\/sola.kau.se\/digitalisering\/?page_id=67"},"modified":"2021-03-20T08:51:48","modified_gmt":"2021-03-20T08:51:48","slug":"forskare","status":"publish","type":"page","link":"https:\/\/sola.kau.se\/digitalisering\/fokusomraden\/forskare\/","title":{"rendered":"Forskare"},"content":{"rendered":"\n<h2 class=\"wp-block-heading\">\u00c4r du forskare? \/ Are you a researcher?<\/h2>\n\n\n\n<div class=\"wp-block-cover alignwide has-background-dim is-position-center-center\" style=\"background-image:url(https:\/\/sola.kau.se\/digitalisering\/wp-content\/uploads\/sites\/189\/2020\/12\/forskning.jpg);min-height:472px;aspect-ratio:unset;\"><div class=\"wp-block-cover__inner-container is-layout-flow wp-block-cover-is-layout-flow\">\n<div class=\"wp-block-columns alignwide is-layout-flex wp-container-core-columns-is-layout-9d6595d7 wp-block-columns-is-layout-flex\">\n<div class=\"wp-block-column is-layout-flow wp-block-column-is-layout-flow\">\n<p class=\"has-text-align-left has-text-color\" style=\"color:#fffffa;font-size:68px;line-height:1.2\"><strong>Digital utveckling i forskningsfr\u00e5gor \/ Digital development in research issues<\/strong><\/p>\n<\/div>\n\n\n\n<div class=\"wp-block-column is-layout-flow wp-block-column-is-layout-flow\" style=\"flex-basis:12%\">\n<div style=\"height:100px\" aria-hidden=\"true\" class=\"wp-block-spacer\"><\/div>\n<\/div>\n<\/div>\n<\/div><\/div>\n\n\n\n<div class=\"wp-block-columns is-layout-flex wp-container-core-columns-is-layout-9d6595d7 wp-block-columns-is-layout-flex\">\n<div class=\"wp-block-column is-layout-flow wp-block-column-is-layout-flow\">\n<h3 class=\"wp-block-heading\">Om fokusomr\u00e5det<\/h3>\n\n\n\n<p>Universitetets forskning ska enligt visionen vara av h\u00f6g kvalitet och bidra till ny forskning. Allt eftersom samh\u00e4llet utvecklas kommer nya m\u00f6jligheter och nya krav p\u00e5 strukturer omkring forskningen s\u00e5som hur forskningsdata ska hanteras, hur ans\u00f6kningar om medel ska utformas o.s.v. Forskningssamarbeten \u00f6ver organisations-och landsgr\u00e4nser st\u00e4ller krav p\u00e5 nya digitala st\u00f6d som st\u00f6djer forskningen. En god kunskap om forskares behov och f\u00f6ruts\u00e4ttningar och ett utvecklingsinriktat arbete kring hur behoven och f\u00f6ruts\u00e4ttningarna kan m\u00f6tas och st\u00e4rkas beh\u00f6ver mot d\u00e4rf\u00f6r inneh\u00e5lla aspekten digital utveckling.<\/p>\n\n\n\n<h3 class=\"wp-block-heading\">Upplevelser och behov<\/h3>\n\n\n\n<p>H\u00e4r ser du vilka upplevelser och behov som vi f\u00e5tt fram i f\u00f6rsta workshopen.<\/p>\n\n\n\n<figure class=\"wp-block-gallery columns-2 is-cropped wp-block-gallery-1 is-layout-flex wp-block-gallery-is-layout-flex\"><ul class=\"blocks-gallery-grid\"><li class=\"blocks-gallery-item\"><figure><a href=\"https:\/\/sola.kau.se\/digitalisering\/wp-content\/uploads\/sites\/189\/2021\/02\/Bild06.png\"><img loading=\"lazy\" decoding=\"async\" width=\"1024\" height=\"576\" src=\"https:\/\/sola.kau.se\/digitalisering\/wp-content\/uploads\/sites\/189\/2021\/02\/Bild06-1024x576.png\" alt=\"\" data-id=\"887\" data-full-url=\"https:\/\/sola.kau.se\/digitalisering\/wp-content\/uploads\/sites\/189\/2021\/02\/Bild06.png\" data-link=\"https:\/\/sola.kau.se\/digitalisering\/upplevelser-och-behov\/bild06\/\" class=\"wp-image-887\" srcset=\"https:\/\/sola.kau.se\/digitalisering\/wp-content\/uploads\/sites\/189\/2021\/02\/Bild06-1024x576.png 1024w, https:\/\/sola.kau.se\/digitalisering\/wp-content\/uploads\/sites\/189\/2021\/02\/Bild06-300x169.png 300w, https:\/\/sola.kau.se\/digitalisering\/wp-content\/uploads\/sites\/189\/2021\/02\/Bild06-768x432.png 768w, https:\/\/sola.kau.se\/digitalisering\/wp-content\/uploads\/sites\/189\/2021\/02\/Bild06.png 1440w\" sizes=\"auto, (max-width: 1024px) 100vw, 1024px\" \/><\/a><figcaption class=\"blocks-gallery-item__caption\"><a href=\"https:\/\/sola.kau.se\/digitalisering\/wp-content\/uploads\/sites\/189\/2021\/02\/Bild06.png\">Klicka f\u00f6r att se upplevelser och behov fr\u00e5n <strong>forskare<\/strong><\/a><\/figcaption><\/figure><\/li><li class=\"blocks-gallery-item\"><figure><a href=\"https:\/\/sola.kau.se\/digitalisering\/wp-content\/uploads\/sites\/189\/2021\/02\/Bild04.png\"><img loading=\"lazy\" decoding=\"async\" width=\"1024\" height=\"576\" src=\"https:\/\/sola.kau.se\/digitalisering\/wp-content\/uploads\/sites\/189\/2021\/02\/Bild04-1024x576.png\" alt=\"\" data-id=\"885\" data-full-url=\"https:\/\/sola.kau.se\/digitalisering\/wp-content\/uploads\/sites\/189\/2021\/02\/Bild04.png\" data-link=\"https:\/\/sola.kau.se\/digitalisering\/upplevelser-och-behov\/bild04\/\" class=\"wp-image-885\" srcset=\"https:\/\/sola.kau.se\/digitalisering\/wp-content\/uploads\/sites\/189\/2021\/02\/Bild04-1024x576.png 1024w, https:\/\/sola.kau.se\/digitalisering\/wp-content\/uploads\/sites\/189\/2021\/02\/Bild04-300x169.png 300w, https:\/\/sola.kau.se\/digitalisering\/wp-content\/uploads\/sites\/189\/2021\/02\/Bild04-768x432.png 768w, https:\/\/sola.kau.se\/digitalisering\/wp-content\/uploads\/sites\/189\/2021\/02\/Bild04.png 1440w\" sizes=\"auto, (max-width: 1024px) 100vw, 1024px\" \/><\/a><figcaption class=\"blocks-gallery-item__caption\"><a href=\"https:\/\/sola.kau.se\/digitalisering\/wp-content\/uploads\/sites\/189\/2021\/02\/Bild04.png\">Klicka f\u00f6r att se upplevelser och behov fr\u00e5n <strong>medarbetare<\/strong><\/a><\/figcaption><\/figure><\/li><\/ul><\/figure>\n<\/div>\n\n\n\n<div class=\"wp-block-column is-layout-flow wp-block-column-is-layout-flow\">\n<h3 class=\"wp-block-heading\"><em>About the Focus Area<\/em><\/h3>\n\n\n\n<p><em>According to the vision, the university&#8217;s research must be of high quality and contribute to new research. As society develops, new opportunities and new requirements for structures around research arise, such as how research data should be handled, how applications for funding should be designed, and so on. Research collaborations across organizational and national boundaries place demands on new digital supports that support research. Good knowledge of researchers&#8217; needs and conditions and a development-oriented work on how the needs and conditions can be met and strengthened need therefore contain the aspect digital development.<\/em><\/p>\n\n\n\n<h3 class=\"wp-block-heading\">Experiences and Needs<\/h3>\n\n\n\n<p>Below are the experiences and needs which we found in the first workshop.<\/p>\n\n\n\n<figure class=\"wp-block-gallery columns-2 is-cropped wp-block-gallery-2 is-layout-flex wp-block-gallery-is-layout-flex\"><ul class=\"blocks-gallery-grid\"><li class=\"blocks-gallery-item\"><figure><a href=\"https:\/\/sola.kau.se\/digitalisering\/wp-content\/uploads\/sites\/189\/2021\/02\/Bild3.png\"><img loading=\"lazy\" decoding=\"async\" width=\"1024\" height=\"576\" src=\"https:\/\/sola.kau.se\/digitalisering\/wp-content\/uploads\/sites\/189\/2021\/02\/Bild3-1024x576.png\" alt=\"Experiences and Needs from Researchers\" data-id=\"921\" data-full-url=\"https:\/\/sola.kau.se\/digitalisering\/wp-content\/uploads\/sites\/189\/2021\/02\/Bild3.png\" data-link=\"https:\/\/sola.kau.se\/digitalisering\/bild3\/\" class=\"wp-image-921\" srcset=\"https:\/\/sola.kau.se\/digitalisering\/wp-content\/uploads\/sites\/189\/2021\/02\/Bild3-1024x576.png 1024w, https:\/\/sola.kau.se\/digitalisering\/wp-content\/uploads\/sites\/189\/2021\/02\/Bild3-300x169.png 300w, https:\/\/sola.kau.se\/digitalisering\/wp-content\/uploads\/sites\/189\/2021\/02\/Bild3-768x432.png 768w, https:\/\/sola.kau.se\/digitalisering\/wp-content\/uploads\/sites\/189\/2021\/02\/Bild3.png 1440w\" sizes=\"auto, (max-width: 1024px) 100vw, 1024px\" \/><\/a><figcaption class=\"blocks-gallery-item__caption\"><a href=\"https:\/\/sola.kau.se\/digitalisering\/wp-content\/uploads\/sites\/189\/2021\/02\/Bild3.png\">Click to see experiences and needs from <strong>researchers<\/strong><\/a><\/figcaption><\/figure><\/li><li class=\"blocks-gallery-item\"><figure><a href=\"https:\/\/sola.kau.se\/digitalisering\/wp-content\/uploads\/sites\/189\/2021\/02\/Bild1.png\"><img loading=\"lazy\" decoding=\"async\" width=\"1024\" height=\"576\" src=\"https:\/\/sola.kau.se\/digitalisering\/wp-content\/uploads\/sites\/189\/2021\/02\/Bild1-1024x576.png\" alt=\"Experiences and Needs from Coworker\" data-id=\"919\" data-full-url=\"https:\/\/sola.kau.se\/digitalisering\/wp-content\/uploads\/sites\/189\/2021\/02\/Bild1.png\" data-link=\"https:\/\/sola.kau.se\/digitalisering\/bild1\/\" class=\"wp-image-919\" srcset=\"https:\/\/sola.kau.se\/digitalisering\/wp-content\/uploads\/sites\/189\/2021\/02\/Bild1-1024x576.png 1024w, https:\/\/sola.kau.se\/digitalisering\/wp-content\/uploads\/sites\/189\/2021\/02\/Bild1-300x169.png 300w, https:\/\/sola.kau.se\/digitalisering\/wp-content\/uploads\/sites\/189\/2021\/02\/Bild1-768x432.png 768w, https:\/\/sola.kau.se\/digitalisering\/wp-content\/uploads\/sites\/189\/2021\/02\/Bild1.png 1440w\" sizes=\"auto, (max-width: 1024px) 100vw, 1024px\" \/><\/a><figcaption class=\"blocks-gallery-item__caption\"><a href=\"https:\/\/sola.kau.se\/digitalisering\/wp-content\/uploads\/sites\/189\/2021\/02\/Bild1.png\">Click to see experiences and needs from <strong>coworkers<\/strong><\/a><\/figcaption><\/figure><\/li><\/ul><\/figure>\n<\/div>\n<\/div>\n\n\n\n<p><\/p>\n","protected":false},"excerpt":{"rendered":"<p>\u00c4r du forskare? \/ Are you a researcher? Om fokusomr\u00e5det Universitetets forskning ska enligt visionen vara av h\u00f6g kvalitet och bidra till ny forskning. Allt eftersom samh\u00e4llet utvecklas kommer nya m\u00f6jligheter och nya krav p\u00e5 strukturer omkring forskningen s\u00e5som hur forskningsdata ska hanteras, hur ans\u00f6kningar om medel ska utformas o.s.v. Forskningssamarbeten \u00f6ver organisations-och landsgr\u00e4nser st\u00e4ller [&hellip;]<\/p>\n","protected":false},"author":83,"featured_media":0,"parent":226,"menu_order":-2,"comment_status":"closed","ping_status":"closed","template":"","meta":{"footnotes":""},"class_list":["post-67","page","type-page","status-publish","hentry"],"_links":{"self":[{"href":"https:\/\/sola.kau.se\/digitalisering\/wp-json\/wp\/v2\/pages\/67","targetHints":{"allow":["GET"]}}],"collection":[{"href":"https:\/\/sola.kau.se\/digitalisering\/wp-json\/wp\/v2\/pages"}],"about":[{"href":"https:\/\/sola.kau.se\/digitalisering\/wp-json\/wp\/v2\/types\/page"}],"author":[{"embeddable":true,"href":"https:\/\/sola.kau.se\/digitalisering\/wp-json\/wp\/v2\/users\/83"}],"replies":[{"embeddable":true,"href":"https:\/\/sola.kau.se\/digitalisering\/wp-json\/wp\/v2\/comments?post=67"}],"version-history":[{"count":23,"href":"https:\/\/sola.kau.se\/digitalisering\/wp-json\/wp\/v2\/pages\/67\/revisions"}],"predecessor-version":[{"id":1030,"href":"https:\/\/sola.kau.se\/digitalisering\/wp-json\/wp\/v2\/pages\/67\/revisions\/1030"}],"up":[{"embeddable":true,"href":"https:\/\/sola.kau.se\/digitalisering\/wp-json\/wp\/v2\/pages\/226"}],"wp:attachment":[{"href":"https:\/\/sola.kau.se\/digitalisering\/wp-json\/wp\/v2\/media?parent=67"}],"curies":[{"name":"wp","href":"https:\/\/api.w.org\/{rel}","templated":true}]}}