 {"id":68,"date":"2020-12-08T15:29:42","date_gmt":"2020-12-08T15:29:42","guid":{"rendered":"https:\/\/sola.kau.se\/digitalisering\/?page_id=68"},"modified":"2021-03-20T08:52:11","modified_gmt":"2021-03-20T08:52:11","slug":"medarbetare","status":"publish","type":"page","link":"https:\/\/sola.kau.se\/digitalisering\/fokusomraden\/medarbetare\/","title":{"rendered":"Medarbetare"},"content":{"rendered":"\n<h2 class=\"wp-block-heading\"><br>\u00c4r du medarbetare? \/ Are you a coworker?<\/h2>\n\n\n\n<div class=\"wp-block-cover alignwide has-background-dim is-position-center-center\" style=\"background-image:url(https:\/\/sola.kau.se\/digitalisering\/wp-content\/uploads\/sites\/189\/2020\/12\/arbetsgivare.jpg);min-height:472px;aspect-ratio:unset;\"><div class=\"wp-block-cover__inner-container is-layout-flow wp-block-cover-is-layout-flow\">\n<div class=\"wp-block-columns alignwide is-layout-flex wp-container-core-columns-is-layout-9d6595d7 wp-block-columns-is-layout-flex\">\n<div class=\"wp-block-column is-layout-flow wp-block-column-is-layout-flow\">\n<p class=\"has-text-align-left has-text-color\" style=\"color:#fffffa;font-size:68px;line-height:1.2\"><strong>Digital utveckling som arbetsgivare \/ Digital development as employer<\/strong><\/p>\n<\/div>\n\n\n\n<div class=\"wp-block-column is-layout-flow wp-block-column-is-layout-flow\" style=\"flex-basis:12%\">\n<div style=\"height:100px\" aria-hidden=\"true\" class=\"wp-block-spacer\"><\/div>\n<\/div>\n<\/div>\n<\/div><\/div>\n\n\n\n<div class=\"wp-block-columns is-layout-flex wp-container-core-columns-is-layout-9d6595d7 wp-block-columns-is-layout-flex\">\n<div class=\"wp-block-column is-layout-flow wp-block-column-is-layout-flow\">\n<h3 class=\"wp-block-heading\">Om fokusomr\u00e5det<\/h3>\n\n\n\n<p>Universitetets arbetsmilj\u00f6 och kompetensf\u00f6rs\u00f6rjning \u00e4r centrala f\u00f6ruts\u00e4ttningar f\u00f6r v\u00e5r vision. De utvecklingskliv som vi tvingats ta betr\u00e4ffande digitalisering i arbetsf\u00f6rh\u00e5llanden m\u00e5ste tas tillvara och ing\u00e5 i organisationens ordinarie verksamhet p\u00e5 s\u00e4tt som st\u00e4rker kvaliteten och m\u00f6ter behoven hos de anst\u00e4lla. Genom den flexibilitet och tillg\u00e4nglighet som digital utveckling kan ge st\u00e4rker vi v\u00e5r attraktivitet som arbetsgivare.<\/p>\n\n\n\n<h3 class=\"wp-block-heading\">Upplevelser och behov<\/h3>\n\n\n\n<p>H\u00e4r ser du vilka upplevelser och behov som vi f\u00e5tt fram i f\u00f6rsta workshopen.<\/p>\n\n\n\n<figure class=\"wp-block-gallery columns-1 is-cropped wp-block-gallery-1 is-layout-flex wp-block-gallery-is-layout-flex\"><ul class=\"blocks-gallery-grid\"><li class=\"blocks-gallery-item\"><figure><a href=\"https:\/\/sola.kau.se\/digitalisering\/wp-content\/uploads\/sites\/189\/2021\/02\/Bild04.png\"><img loading=\"lazy\" decoding=\"async\" width=\"1024\" height=\"576\" src=\"https:\/\/sola.kau.se\/digitalisering\/wp-content\/uploads\/sites\/189\/2021\/02\/Bild04-1024x576.png\" alt=\"\" data-id=\"885\" data-full-url=\"https:\/\/sola.kau.se\/digitalisering\/wp-content\/uploads\/sites\/189\/2021\/02\/Bild04.png\" data-link=\"https:\/\/sola.kau.se\/digitalisering\/upplevelser-och-behov\/bild04\/\" class=\"wp-image-885\" srcset=\"https:\/\/sola.kau.se\/digitalisering\/wp-content\/uploads\/sites\/189\/2021\/02\/Bild04-1024x576.png 1024w, https:\/\/sola.kau.se\/digitalisering\/wp-content\/uploads\/sites\/189\/2021\/02\/Bild04-300x169.png 300w, https:\/\/sola.kau.se\/digitalisering\/wp-content\/uploads\/sites\/189\/2021\/02\/Bild04-768x432.png 768w, https:\/\/sola.kau.se\/digitalisering\/wp-content\/uploads\/sites\/189\/2021\/02\/Bild04.png 1440w\" sizes=\"auto, (max-width: 1024px) 100vw, 1024px\" \/><\/a><figcaption class=\"blocks-gallery-item__caption\"><a href=\"https:\/\/sola.kau.se\/digitalisering\/wp-content\/uploads\/sites\/189\/2021\/02\/Bild04.png\">Klicka f\u00f6r att se upplevelser och behov fr\u00e5n <strong>medarbetare<\/strong><\/a><\/figcaption><\/figure><\/li><\/ul><\/figure>\n<\/div>\n\n\n\n<div class=\"wp-block-column is-layout-flow wp-block-column-is-layout-flow\">\n<h3 class=\"wp-block-heading\"><em>About the Focus Area<\/em><\/h3>\n\n\n\n<p><em>The university&#8217;s work environment and competence supply are central prerequisites for our vision. The development steps that we have been forced to take with regard to digitalization in working conditions must be utilized and included in the organization&#8217;s regular activities in a way that strengthens the quality and meets the needs of the employees. Through the flexibility and accessibility that digital development can provide, we strengthen our attractiveness as an employer.<\/em><\/p>\n\n\n\n<h3 class=\"wp-block-heading\">Experiences and Needs<\/h3>\n\n\n\n<p>Below are the experiences and needs which we found in the first workshop.<\/p>\n\n\n\n<figure class=\"wp-block-gallery columns-1 is-cropped wp-block-gallery-2 is-layout-flex wp-block-gallery-is-layout-flex\"><ul class=\"blocks-gallery-grid\"><li class=\"blocks-gallery-item\"><figure><a href=\"https:\/\/sola.kau.se\/digitalisering\/wp-content\/uploads\/sites\/189\/2021\/02\/Bild1.png\"><img loading=\"lazy\" decoding=\"async\" width=\"1024\" height=\"576\" src=\"https:\/\/sola.kau.se\/digitalisering\/wp-content\/uploads\/sites\/189\/2021\/02\/Bild1-1024x576.png\" alt=\"Experiences and Needs from Coworker\" data-id=\"919\" data-full-url=\"https:\/\/sola.kau.se\/digitalisering\/wp-content\/uploads\/sites\/189\/2021\/02\/Bild1.png\" data-link=\"https:\/\/sola.kau.se\/digitalisering\/bild1\/\" class=\"wp-image-919\" srcset=\"https:\/\/sola.kau.se\/digitalisering\/wp-content\/uploads\/sites\/189\/2021\/02\/Bild1-1024x576.png 1024w, https:\/\/sola.kau.se\/digitalisering\/wp-content\/uploads\/sites\/189\/2021\/02\/Bild1-300x169.png 300w, https:\/\/sola.kau.se\/digitalisering\/wp-content\/uploads\/sites\/189\/2021\/02\/Bild1-768x432.png 768w, https:\/\/sola.kau.se\/digitalisering\/wp-content\/uploads\/sites\/189\/2021\/02\/Bild1.png 1440w\" sizes=\"auto, (max-width: 1024px) 100vw, 1024px\" \/><\/a><figcaption class=\"blocks-gallery-item__caption\"><a href=\"https:\/\/sola.kau.se\/digitalisering\/wp-content\/uploads\/sites\/189\/2021\/02\/Bild1.png\">Click to see experiences and needs from <strong>coworkers<\/strong><\/a><\/figcaption><\/figure><\/li><\/ul><\/figure>\n<\/div>\n<\/div>\n\n\n\n<p><\/p>\n","protected":false},"excerpt":{"rendered":"<p>\u00c4r du medarbetare? \/ Are you a coworker? Om fokusomr\u00e5det Universitetets arbetsmilj\u00f6 och kompetensf\u00f6rs\u00f6rjning \u00e4r centrala f\u00f6ruts\u00e4ttningar f\u00f6r v\u00e5r vision. De utvecklingskliv som vi tvingats ta betr\u00e4ffande digitalisering i arbetsf\u00f6rh\u00e5llanden m\u00e5ste tas tillvara och ing\u00e5 i organisationens ordinarie verksamhet p\u00e5 s\u00e4tt som st\u00e4rker kvaliteten och m\u00f6ter behoven hos de anst\u00e4lla. Genom den flexibilitet och tillg\u00e4nglighet [&hellip;]<\/p>\n","protected":false},"author":83,"featured_media":0,"parent":226,"menu_order":-1,"comment_status":"closed","ping_status":"closed","template":"","meta":{"footnotes":""},"class_list":["post-68","page","type-page","status-publish","hentry"],"_links":{"self":[{"href":"https:\/\/sola.kau.se\/digitalisering\/wp-json\/wp\/v2\/pages\/68","targetHints":{"allow":["GET"]}}],"collection":[{"href":"https:\/\/sola.kau.se\/digitalisering\/wp-json\/wp\/v2\/pages"}],"about":[{"href":"https:\/\/sola.kau.se\/digitalisering\/wp-json\/wp\/v2\/types\/page"}],"author":[{"embeddable":true,"href":"https:\/\/sola.kau.se\/digitalisering\/wp-json\/wp\/v2\/users\/83"}],"replies":[{"embeddable":true,"href":"https:\/\/sola.kau.se\/digitalisering\/wp-json\/wp\/v2\/comments?post=68"}],"version-history":[{"count":29,"href":"https:\/\/sola.kau.se\/digitalisering\/wp-json\/wp\/v2\/pages\/68\/revisions"}],"predecessor-version":[{"id":1031,"href":"https:\/\/sola.kau.se\/digitalisering\/wp-json\/wp\/v2\/pages\/68\/revisions\/1031"}],"up":[{"embeddable":true,"href":"https:\/\/sola.kau.se\/digitalisering\/wp-json\/wp\/v2\/pages\/226"}],"wp:attachment":[{"href":"https:\/\/sola.kau.se\/digitalisering\/wp-json\/wp\/v2\/media?parent=68"}],"curies":[{"name":"wp","href":"https:\/\/api.w.org\/{rel}","templated":true}]}}