 {"id":4,"date":"2023-02-27T05:41:23","date_gmt":"2023-02-27T05:41:23","guid":{"rendered":"https:\/\/sola.kau.se\/cophs\/?page_id=4"},"modified":"2026-05-07T08:16:20","modified_gmt":"2026-05-07T08:16:20","slug":"home","status":"publish","type":"page","link":"https:\/\/sola.kau.se\/epics\/","title":{"rendered":"Home"},"content":{"rendered":"\n<div class=\"wp-block-cover alignfull\" style=\"min-height:561px;aspect-ratio:unset;\"><img loading=\"lazy\" decoding=\"async\" width=\"1500\" height=\"554\" class=\"wp-block-cover__image-background wp-image-592\" alt=\"\" src=\"https:\/\/sola.kau.se\/cophs\/wp-content\/uploads\/sites\/869\/2024\/05\/Morgonbild-huvudentre\u0301n1.jpg\" style=\"object-position:34% 48%\" data-object-fit=\"cover\" data-object-position=\"34% 48%\" srcset=\"https:\/\/sola.kau.se\/epics\/wp-content\/uploads\/sites\/1325\/2024\/05\/Morgonbild-huvudentre\u0301n1.jpg 1500w, https:\/\/sola.kau.se\/epics\/wp-content\/uploads\/sites\/1325\/2024\/05\/Morgonbild-huvudentre\u0301n1-300x111.jpg 300w, https:\/\/sola.kau.se\/epics\/wp-content\/uploads\/sites\/1325\/2024\/05\/Morgonbild-huvudentre\u0301n1-1024x378.jpg 1024w, https:\/\/sola.kau.se\/epics\/wp-content\/uploads\/sites\/1325\/2024\/05\/Morgonbild-huvudentre\u0301n1-768x284.jpg 768w\" sizes=\"auto, (max-width: 1500px) 100vw, 1500px\" \/><span aria-hidden=\"true\" class=\"wp-block-cover__background has-background-dim-40 has-background-dim\" style=\"background-color:#6f828b\"><\/span><div class=\"wp-block-cover__inner-container is-layout-flow wp-block-cover-is-layout-flow\">\n<div class=\"wp-block-columns alignfull is-layout-flex wp-container-core-columns-is-layout-9d6595d7 wp-block-columns-is-layout-flex\">\n<div class=\"wp-block-column is-vertically-aligned-center is-layout-flow wp-block-column-is-layout-flow\">\n<div class=\"wp-block-columns alignwide is-layout-flex wp-container-core-columns-is-layout-9d6595d7 wp-block-columns-is-layout-flex\">\n<div class=\"wp-block-column is-vertically-aligned-stretch is-layout-flow wp-block-column-is-layout-flow\" style=\"flex-basis:100%\">\n<div id=\"cover-container\">\n<br>\n<img loading=\"lazy\" decoding=\"async\" src=\"https:\/\/sola.kau.se\/epics\/wp-content\/uploads\/sites\/1325\/2026\/01\/epics_logo_header.png\" width=\"300\" height=\"200\">\n<img loading=\"lazy\" decoding=\"async\" src=\"https:\/\/sola.kau.se\/epics\/wp-content\/uploads\/sites\/1325\/2026\/05\/Computer-science.png\" width=\"400\" height=\"200\">\n<div id=\"cover-text\">\n<p style=\"font-size:44px\"><b>E<\/b>xam <b>P<\/b>resentations <b>i<\/b>n <b>C<\/b>omputer <b>S<\/b>cience<\/p>\n<p style=\"font-size:30px\"><b>26:e maj 2026<\/b><\/p>\n<p><b>Fryxell, Sj\u00f6str\u00f6m och Fr\u00f6dingsalen, Karlstads universitet<\/b><\/p>\n<\/div><\/div>\n<\/div>\n<\/div>\n<\/div>\n<\/div>\n<\/div><\/div>\n\n\n\n<div class=\"wp-block-columns alignfull is-layout-flex wp-container-core-columns-is-layout-9d6595d7 wp-block-columns-is-layout-flex\">\n<div class=\"wp-block-column is-layout-flow wp-block-column-is-layout-flow\" style=\"flex-basis:66.66%\">\n<p>EPiCS \u00e4r ett heldagsevent d\u00e4r studenter presenterar sina examensarbeten f\u00f6r f\u00f6retag, examinatorer, l\u00e4rare, studenter och sist men inte minst anh\u00f6riga, n\u00e4ra och k\u00e4ra. Alla \u00e4r hj\u00e4rtligt v\u00e4lkomna!<\/p>\n\n\n\n<p>Man kan komma och lyssna p\u00e5 en enstaka presentation eller en grupp av presentationer. Presentationerna sker i tre olika salar men presentationerna \u00e4r synkade och det \u00e4r d\u00e4rf\u00f6r m\u00f6jligt att g\u00e5 p\u00e5 de presentationer man vill. Det prelimin\u00e4ra programmet \u00e4r l\u00e4nkat i meny till h\u00f6ger. Det slutliga programmet ansl\u00e5s utanf\u00f6r salarna och \u00e4ven p\u00e5 denna sida n\u00e5gon dag innan eventet.<\/p>\n\n\n\n<p>Vill man stanna kvar och knyta kontakt med andra g\u00e5r det bra det finns n\u00e4mligen gott om plats utanf\u00f6r salarna d\u00e4r presentationerna h\u00e5lls. I dessa utrymmen kan man hela dagen mingla \u00f6ver en kopp kaffe och en enklare kaka. Dagen avslutas med en rej\u00e4l fest f\u00f6r studenterna och s\u00e4rskilt inbjudna g\u00e4ster.<\/p>\n\n\n\n<p><\/p>\n\n\n\n<br>\n\n\n\n<p><\/p>\n\n\n\n<p><strong>Lokaler<\/strong><\/p>\n\n\n\n<p>EPiCS startar 08:15 och p\u00e5g\u00e5r till ca 17:00. Fryxellsalen (1B306) och Sj\u00f6str\u00f6msalen (1B309) rymmer 70 personer vardera. Fr\u00f6dingsalen (1B364) rymmer 130 personer. Det finns s\u00e5ledes gott om plats f\u00f6r alla intresserade.<\/p>\n\n\n\n<br>\n\n\n\n<p><strong>M\u00e5l<\/strong><\/p>\n\n\n\n<p>M\u00e5let \u00e4r att EPiCS ska var en m\u00f6tesplats f\u00f6r de som p\u00e5 ett eller annat s\u00e4tt \u00e4r kopplade till eller intresserade av datavetenskaplig utbildning och vad dessa studenter kan \u00e5stadkomma. <\/p>\n\n\n\n<br>\n\n\n\n<p><\/p>\n\n\n\n<p><\/p>\n\n\n\n<p><\/p>\n<\/div>\n\n\n\n<div class=\"wp-block-column is-layout-flow wp-block-column-is-layout-flow\" style=\"flex-basis:33.33%\">\n<div class=\"left-side\">\n<h3>Kontakter<\/h3>\n<p>\n<a href=\"mailto:roger.renstrom@kau.se\">Roger Renstr\u00f6m<\/a>, ansvarig f\u00f6r helheten\n<p>\n<a href=\"mailto:caj.rollny@kau.se\">Caj Rollny<\/a>, leder arbetet med f\u00f6retagskontakter\n<p>\n    Jenny Adamson, Administrat\u00f6r och ansvarig f\u00f6r allt det goda \n<p>\nHans Hedbom, Programledare f\u00f6r Civilingenj\u00f6rs- och Masterprogrammen\n<p>\nSebastian Herold, Kursexaminator f\u00f6r examensarbeten p\u00e5 master- och civilingenj\u00f6rsniv\u00e5 \n<p>\nJonathan Vestin, Programansvarig H\u00f6gskoleingenj\u00f6rer och Kandidatprogram\n<\/p>\n<p>\nPer Hurtig, Kursexaminator f\u00f6r examensarbeten p\u00e5 kandidatniv\u00e5\n<br>\n<p>\nKatarina Asplund, Kursansvarig f\u00f6r examensarbeten kandidat- och h\u00f6gskoleingenj\u00f6rsniv\u00e5\n<br>\n<div class=\"left-side\">\n<h3>Program<\/h3>\n<br>\n<p>\n<a href=\"https:\/\/sola.kau.se\/epics\/wp-content\/uploads\/sites\/1325\/2026\/05\/Presentationsschema-1.pdf\" target=\"_blank\" rel=\"noopener noreferrer\">\n    Prelimin\u00e4rt program\n<\/a>\n<p><div class=\"left-side\">\n<h3>Huvudsponsorer<\/h3>\n<br>\n<img loading=\"lazy\" decoding=\"async\" src=\"https:\/\/sola.kau.se\/epics\/wp-content\/uploads\/sites\/1325\/2026\/05\/prevas_logo_cmyk_1_.png\" width=\"300\" height=\"100\">\n<br><br>\n<img loading=\"lazy\" decoding=\"async\" src=\"https:\/\/sola.kau.se\/epics\/wp-content\/uploads\/sites\/1325\/2026\/05\/Logo20BAES20logo.png\" width=\"400\" height=\"100\">\n<br><br>\n<img loading=\"lazy\" decoding=\"async\" src=\"https:\/\/sola.kau.se\/epics\/wp-content\/uploads\/sites\/1325\/2026\/05\/Uddeholm_Voestalpine_logo_for_digitalt_RGB.jpg\" width=\"400\" height=\"100\">\n<p><div class=\"left-side\">\n<h3>Sponsorer<\/h3>\n<br>\n<img loading=\"lazy\" decoding=\"async\" src=\"https:\/\/sola.kau.se\/epics\/wp-content\/uploads\/sites\/1325\/2026\/05\/tieto_logo_blue_rgb-scaled.png\" width=\"120\" height=\"30\">\n<br>\n<br><img loading=\"lazy\" decoding=\"async\" src=\"https:\/\/sola.kau.se\/epics\/wp-content\/uploads\/sites\/1325\/2026\/05\/Digital-Primary-Logo.jpg\" width=\"150\" height=\"30\">\n<br>\n<br><img loading=\"lazy\" decoding=\"async\" src=\"https:\/\/sola.kau.se\/epics\/wp-content\/uploads\/sites\/1325\/2026\/05\/CGI.png\" width=\"120\" height=\"30\">\n<br>\n<p>\n<\/div>\n<\/div>\n\n\n\n<p><\/p>\n","protected":false},"excerpt":{"rendered":"<p>EPiCS \u00e4r ett heldagsevent d\u00e4r studenter presenterar sina examensarbeten f\u00f6r f\u00f6retag, examinatorer, l\u00e4rare, studenter och sist men inte minst anh\u00f6riga, n\u00e4ra och k\u00e4ra. Alla \u00e4r hj\u00e4rtligt v\u00e4lkomna! Man kan komma och lyssna p\u00e5 en enstaka presentation eller en grupp av presentationer. Presentationerna sker i tre olika salar men presentationerna \u00e4r synkade och det \u00e4r d\u00e4rf\u00f6r&hellip; <a class=\"more-link\" href=\"https:\/\/sola.kau.se\/epics\/\">Forts\u00e4tt l\u00e4sa <span class=\"screen-reader-text\">Home<\/span><\/a><\/p>\n","protected":false},"author":569,"featured_media":0,"parent":0,"menu_order":0,"comment_status":"closed","ping_status":"closed","template":"","meta":{"footnotes":""},"class_list":["post-4","page","type-page","status-publish","hentry","entry"],"_links":{"self":[{"href":"https:\/\/sola.kau.se\/epics\/wp-json\/wp\/v2\/pages\/4","targetHints":{"allow":["GET"]}}],"collection":[{"href":"https:\/\/sola.kau.se\/epics\/wp-json\/wp\/v2\/pages"}],"about":[{"href":"https:\/\/sola.kau.se\/epics\/wp-json\/wp\/v2\/types\/page"}],"author":[{"embeddable":true,"href":"https:\/\/sola.kau.se\/epics\/wp-json\/wp\/v2\/users\/569"}],"replies":[{"embeddable":true,"href":"https:\/\/sola.kau.se\/epics\/wp-json\/wp\/v2\/comments?post=4"}],"version-history":[{"count":103,"href":"https:\/\/sola.kau.se\/epics\/wp-json\/wp\/v2\/pages\/4\/revisions"}],"predecessor-version":[{"id":1047,"href":"https:\/\/sola.kau.se\/epics\/wp-json\/wp\/v2\/pages\/4\/revisions\/1047"}],"wp:attachment":[{"href":"https:\/\/sola.kau.se\/epics\/wp-json\/wp\/v2\/media?parent=4"}],"curies":[{"name":"wp","href":"https:\/\/api.w.org\/{rel}","templated":true}]}}