 {"id":282,"date":"2025-03-31T10:26:37","date_gmt":"2025-03-31T08:26:37","guid":{"rendered":"https:\/\/sola.kau.se\/fiktivforskola89\/?page_id=282"},"modified":"2025-04-10T09:34:23","modified_gmt":"2025-04-10T07:34:23","slug":"information-om-utvecklingssamtal","status":"publish","type":"page","link":"https:\/\/sola.kau.se\/fiktivforskola89\/information-om-utvecklingssamtal\/","title":{"rendered":"V\u00e4lkommen p\u00e5 utvecklingssamtal."},"content":{"rendered":"\n<p>Vi erbjuder utvecklingssamtal en g\u00e5ng varje l\u00e4s\u00e5r d\u00e4r vi pedagoger och ni v\u00e5rdnadshavare samtalar om ert barns utveckling och l\u00e4rande under tiden p\u00e5 f\u00f6rskolan utifr\u00e5n den undervisning vi erbjudit.<\/p>\n\n\n\n<p>Nedan finner du dokument med fr\u00e5gor kopplade till utvecklingssamtal f\u00f6r ditt barn. <\/p>\n\n\n\n<div class=\"wp-block-file\"><a id=\"wp-block-file--media-f4591650-5f2a-44c2-88e2-d30f00845524\" href=\"https:\/\/sola.kau.se\/fiktivforskola89\/wp-content\/uploads\/sites\/1310\/2025\/03\/Va\u0308lkommen-pa\u030a-utvecklingssamtal^-1.docx\">Va\u0308lkommen pa\u030a utvecklingssamtal^<\/a><a href=\"https:\/\/sola.kau.se\/fiktivforskola89\/wp-content\/uploads\/sites\/1310\/2025\/03\/Va\u0308lkommen-pa\u030a-utvecklingssamtal^-1.docx\" class=\"wp-block-file__button wp-element-button\" download aria-describedby=\"wp-block-file--media-f4591650-5f2a-44c2-88e2-d30f00845524\">Ladda ner<\/a><\/div>\n","protected":false},"excerpt":{"rendered":"<p>Vi erbjuder utvecklingssamtal en g\u00e5ng varje l\u00e4s\u00e5r d\u00e4r vi pedagoger och ni v\u00e5rdnadshavare samtalar om ert barns utveckling och l\u00e4rande under tiden p\u00e5 f\u00f6rskolan utifr\u00e5n den undervisning vi erbjudit. Nedan finner du dokument med fr\u00e5gor kopplade till utvecklingssamtal f\u00f6r ditt barn.<\/p>\n","protected":false},"author":6661,"featured_media":0,"parent":0,"menu_order":0,"comment_status":"closed","ping_status":"closed","template":"","meta":{"footnotes":""},"class_list":["post-282","page","type-page","status-publish","hentry","no-featured-image"],"_links":{"self":[{"href":"https:\/\/sola.kau.se\/fiktivforskola89\/wp-json\/wp\/v2\/pages\/282","targetHints":{"allow":["GET"]}}],"collection":[{"href":"https:\/\/sola.kau.se\/fiktivforskola89\/wp-json\/wp\/v2\/pages"}],"about":[{"href":"https:\/\/sola.kau.se\/fiktivforskola89\/wp-json\/wp\/v2\/types\/page"}],"author":[{"embeddable":true,"href":"https:\/\/sola.kau.se\/fiktivforskola89\/wp-json\/wp\/v2\/users\/6661"}],"replies":[{"embeddable":true,"href":"https:\/\/sola.kau.se\/fiktivforskola89\/wp-json\/wp\/v2\/comments?post=282"}],"version-history":[{"count":3,"href":"https:\/\/sola.kau.se\/fiktivforskola89\/wp-json\/wp\/v2\/pages\/282\/revisions"}],"predecessor-version":[{"id":426,"href":"https:\/\/sola.kau.se\/fiktivforskola89\/wp-json\/wp\/v2\/pages\/282\/revisions\/426"}],"wp:attachment":[{"href":"https:\/\/sola.kau.se\/fiktivforskola89\/wp-json\/wp\/v2\/media?parent=282"}],"curies":[{"name":"wp","href":"https:\/\/api.w.org\/{rel}","templated":true}]}}