 {"id":294,"date":"2025-03-31T10:48:01","date_gmt":"2025-03-31T08:48:01","guid":{"rendered":"https:\/\/sola.kau.se\/fiktivforskola89\/?page_id=294"},"modified":"2025-11-10T12:10:22","modified_gmt":"2025-11-10T11:10:22","slug":"valkommen-till-forskolan-skogsglantan","status":"publish","type":"page","link":"https:\/\/sola.kau.se\/fiktivforskola89\/valkommen-till-forskolan-skogsglantan\/","title":{"rendered":"V\u00e4lkommen till f\u00f6rskolan Skogsgl\u00e4ntan"},"content":{"rendered":"\n<p>F\u00f6r att v\u00e4lkomna barn och v\u00e5rdnadshavare till f\u00f6rskolan genomf\u00f6r vi tv\u00e5 veckors introduktion d\u00e4r fokus ligger p\u00e5 att l\u00e5ta ert barn bekanta sig i f\u00f6rskolans milj\u00f6 samt f\u00f6r oss pedagoger att l\u00e4ra k\u00e4nna och bygga upp en trygg anknytning och relation till er barn. Ett par veckor innan introduktionens start bjuder vi in till ett introduktionssamtal d\u00e4r vi presenterar v\u00e5r verksamhet och d\u00e4r ni som v\u00e5rdnadshavare beskriver barnet och dess situation. H\u00e4r f\u00e5r ni \u00e4ven viktig och relevant information kring f\u00f6rskolans verksamhet, som exempelvis v\u00e5ra styrdokument och rutiner samt vilka f\u00f6rv\u00e4ntningar vi och ni har p\u00e5 varandra. H\u00e4r l\u00e4gger vi ocks\u00e5 upp en plan f\u00f6r introduktionen. I anknytning till introduktionens slut sker ett uppf\u00f6ljningssamtal d\u00e4r vi pratar om hur ni som v\u00e5rdnadshavare och vi som pedagoger upplever att introduktionen har g\u00e5tt.<\/p>\n\n\n\n<p><\/p>\n\n\n\n<p>Nedan finner du information om den avdelningen ditt barn f\u00e5tt placering p\u00e5.<\/p>\n\n\n\n<div class=\"wp-block-buttons is-layout-flex wp-block-buttons-is-layout-flex\">\n<div class=\"wp-block-button\"><a class=\"wp-block-button__link wp-element-button\" href=\"https:\/\/sola.kau.se\/fiktivforskola89\/valkommen-till-introduktion-pa-avdelningen-haren\/\">Avdelningen Haren<\/a><\/div>\n\n\n\n<div class=\"wp-block-button\"><a class=\"wp-block-button__link wp-element-button\" href=\"https:\/\/sola.kau.se\/fiktivforskola89\/valkommen-pa-introduktion-pa-avdelningen-ekorren\/\">Avdelningen Ekorren<\/a><\/div>\n<\/div>\n\n\n\n<p><\/p>\n","protected":false},"excerpt":{"rendered":"<p>F\u00f6r att v\u00e4lkomna barn och v\u00e5rdnadshavare till f\u00f6rskolan genomf\u00f6r vi tv\u00e5 veckors introduktion d\u00e4r fokus ligger p\u00e5 att l\u00e5ta ert barn bekanta sig i f\u00f6rskolans milj\u00f6 samt f\u00f6r oss pedagoger att l\u00e4ra k\u00e4nna och bygga upp en trygg anknytning och relation till er barn. Ett par veckor innan introduktionens start bjuder vi in till ett [&hellip;]<\/p>\n","protected":false},"author":6664,"featured_media":0,"parent":0,"menu_order":0,"comment_status":"closed","ping_status":"closed","template":"","meta":{"footnotes":""},"class_list":["post-294","page","type-page","status-publish","hentry","no-featured-image"],"_links":{"self":[{"href":"https:\/\/sola.kau.se\/fiktivforskola89\/wp-json\/wp\/v2\/pages\/294","targetHints":{"allow":["GET"]}}],"collection":[{"href":"https:\/\/sola.kau.se\/fiktivforskola89\/wp-json\/wp\/v2\/pages"}],"about":[{"href":"https:\/\/sola.kau.se\/fiktivforskola89\/wp-json\/wp\/v2\/types\/page"}],"author":[{"embeddable":true,"href":"https:\/\/sola.kau.se\/fiktivforskola89\/wp-json\/wp\/v2\/users\/6664"}],"replies":[{"embeddable":true,"href":"https:\/\/sola.kau.se\/fiktivforskola89\/wp-json\/wp\/v2\/comments?post=294"}],"version-history":[{"count":11,"href":"https:\/\/sola.kau.se\/fiktivforskola89\/wp-json\/wp\/v2\/pages\/294\/revisions"}],"predecessor-version":[{"id":659,"href":"https:\/\/sola.kau.se\/fiktivforskola89\/wp-json\/wp\/v2\/pages\/294\/revisions\/659"}],"wp:attachment":[{"href":"https:\/\/sola.kau.se\/fiktivforskola89\/wp-json\/wp\/v2\/media?parent=294"}],"curies":[{"name":"wp","href":"https:\/\/api.w.org\/{rel}","templated":true}]}}