 {"id":4,"date":"2025-02-24T10:54:31","date_gmt":"2025-02-24T09:54:31","guid":{"rendered":"https:\/\/sola.kau.se\/fiktivforskola89\/your-first-page-on-sola\/"},"modified":"2025-10-20T10:26:56","modified_gmt":"2025-10-20T08:26:56","slug":"your-first-page-on-sola","status":"publish","type":"page","link":"https:\/\/sola.kau.se\/fiktivforskola89\/","title":{"rendered":"V\u00e4lkommen till Skogsgl\u00e4ntans f\u00f6rskola!"},"content":{"rendered":"\n<figure class=\"wp-block-image size-full is-style-rounded\"><img loading=\"lazy\" decoding=\"async\" width=\"800\" height=\"600\" src=\"https:\/\/sola.kau.se\/fiktivforskola89\/wp-content\/uploads\/sites\/1310\/2025\/03\/image.png\" alt=\"\" class=\"wp-image-80\" srcset=\"https:\/\/sola.kau.se\/fiktivforskola89\/wp-content\/uploads\/sites\/1310\/2025\/03\/image.png 800w, https:\/\/sola.kau.se\/fiktivforskola89\/wp-content\/uploads\/sites\/1310\/2025\/03\/image-300x225.png 300w, https:\/\/sola.kau.se\/fiktivforskola89\/wp-content\/uploads\/sites\/1310\/2025\/03\/image-768x576.png 768w\" sizes=\"auto, (max-width: 800px) 100vw, 800px\" \/><\/figure>\n\n\n\n<div class=\"wp-block-columns is-layout-flex wp-container-core-columns-is-layout-9d6595d7 wp-block-columns-is-layout-flex\">\n<div class=\"wp-block-column is-layout-flow wp-block-column-is-layout-flow\">\n<div class=\"wp-block-columns is-layout-flex wp-container-core-columns-is-layout-9d6595d7 wp-block-columns-is-layout-flex\">\n<div class=\"wp-block-column is-layout-flow wp-block-column-is-layout-flow\">\n<p><\/p>\n<\/div>\n<\/div>\n<\/div>\n<\/div>\n\n\n\n<p class=\"has-white-color has-accent-background-color has-text-color has-background has-link-color wp-elements-79ec9727c9770506c8570520103d14bf\">Skogsgl\u00e4ntan \u00e4r en naturn\u00e4ra kommunal f\u00f6rskola med plats f\u00f6r 30 barn, f\u00f6rdelat p\u00e5 avdelningarna Ekorren och Haren. F\u00f6rskolan \u00e4r bel\u00e4gen i ett villaomr\u00e5de i utkanten av centralorten i n\u00e4ra anslutning till skog och promenadslingor, offentliga lekparker samt n\u00e4rliggande kommunalt bibliotek. <\/p>\n\n\n\n<p><strong>Skogsgl\u00e4ntans vision. <\/strong> <\/p>\n\n\n\n<p class=\"has-text-align-center\">&#8221; <em>F\u00f6rskolan ska stimulera varje barns utveckling och l\u00e4rande. Utbildningen ska alltid vila p\u00e5 vetenskaplig grund och bepr\u00f6vad erfarenhet n\u00e4r det g\u00e4ller s\u00e5v\u00e4l inneh\u00e5ll som arbetss\u00e4tt&#8221;. &#8220;Barnen ska ges f\u00f6ruts\u00e4ttningar f\u00f6r bildning, t\u00e4nkande och kunskapsutveckling utifr\u00e5n olika aspekter s\u00e5som intellektuella, spr\u00e5kliga, etiska, praktiska, sinnliga och estetisk<\/em>&#8221; (Skolverket, 2018, rev. 2025, s.12) .<\/p>\n\n\n\n<p>P\u00e5 f\u00f6rskolan Skogsgl\u00e4ntan v\u00e4rnar vi om en likv\u00e4rdig f\u00f6rskola och barnets b\u00e4sta, v\u00e5r vision \u00e4r att ta vara p\u00e5 m\u00e5ngfalden som finns hos barn, v\u00e5rdnadshavare och pedagoger. Skogsgl\u00e4ntan \u00e4r m\u00f6jligheternas f\u00f6rskola, d\u00e4r nyfikenhet, kreativitet och lusten att leka och l\u00e4ra m\u00f6ter varandra. Vi ser fram emot v\u00e5r gemensamma uppt\u00e4cktsf\u00e4rd tillsammans med er och era barn.<\/p>\n\n\n\n<p class=\"has-text-align-center\"><em>&#8220;F\u00f6rskolan \u00e4r en social och kulturell m\u00f6tesplats som<br>ska fr\u00e4mja barnens f\u00f6rst\u00e5else f\u00f6r v\u00e4rdet av m\u00e5ngfald. K\u00e4nnedom om olika<br>levnadsf\u00f6rh\u00e5llanden och kulturer kan bidra till att utveckla en f\u00f6rm\u00e5ga att<br>f\u00f6rst\u00e5 och leva sig in i andra m\u00e4nniskors villkor och v\u00e4rderingar&#8221; (Skolverket, 2018, rev. 2025, s.5).<\/em><\/p>\n\n\n\n<p>Nedan finner ni l\u00e4nk fr\u00e5n Skolverket med allm\u00e4n information kopplad till f\u00f6rskolan:<\/p>\n\n\n\n<p> <a href=\"https:\/\/utbildningsguiden.skolverket.se\/forskolan\/om-forskolan#h-Forskolanartillfordittbarn\" data-type=\"link\" data-id=\"https:\/\/utbildningsguiden.skolverket.se\/forskolan\/om-forskolan#h-Forskolanartillfordittbarn\">Om f\u00f6rskolan &#8211; Skolverket <\/a><\/p>\n\n\n\n<p><strong>Skogsgl\u00e4ntans kvalitetsarbete <\/strong><\/p>\n\n\n\n<p>Nedan finner ni information kring hur vi p\u00e5 Skogsgl\u00e4ntan arbetar med systematiskt kvalitetsarbete.<\/p>\n\n\n\n<div class=\"wp-block-buttons is-layout-flex wp-block-buttons-is-layout-flex\">\n<div class=\"wp-block-button has-custom-width wp-block-button__width-100\"><a class=\"wp-block-button__link has-accent-background-color has-background wp-element-button\" href=\"https:\/\/sola.kau.se\/fiktivforskola89\/sa-arbetar-vi-pa-skogsglantan\/\">Kvalitetsarbete p\u00e5 Skogsgl\u00e4ntan<\/a><\/div>\n<\/div>\n\n\n\n<p><\/p>\n\n\n\n<p>Nedan finner ni f\u00f6rskolans plan f\u00f6r att fr\u00e4mja likabehandling och f\u00f6rebygga diskriminering, trakasserier och kr\u00e4nkande behandling. <\/p>\n\n\n\n<div class=\"wp-block-buttons has-custom-font-size has-small-font-size is-content-justification-center is-layout-flex wp-container-core-buttons-is-layout-16018d1d wp-block-buttons-is-layout-flex\">\n<div class=\"wp-block-button has-custom-width wp-block-button__width-100 is-style-fill\"><a class=\"wp-block-button__link has-accent-background-color has-background has-text-align-center wp-element-button\" href=\"https:\/\/sola.kau.se\/fiktivforskola89\/skogsglantan\/\"><sub>Skogsgl\u00e4ntans plan f\u00f6r likabehandling<\/sub><\/a><\/div>\n<\/div>\n","protected":false},"excerpt":{"rendered":"<p>Skogsgl\u00e4ntan \u00e4r en naturn\u00e4ra kommunal f\u00f6rskola med plats f\u00f6r 30 barn, f\u00f6rdelat p\u00e5 avdelningarna Ekorren och Haren. F\u00f6rskolan \u00e4r bel\u00e4gen i ett villaomr\u00e5de i utkanten av centralorten i n\u00e4ra anslutning till skog och promenadslingor, offentliga lekparker samt n\u00e4rliggande kommunalt bibliotek. Skogsgl\u00e4ntans vision. &#8221; F\u00f6rskolan ska stimulera varje barns utveckling och l\u00e4rande. Utbildningen ska alltid vila [&hellip;]<\/p>\n","protected":false},"author":6664,"featured_media":0,"parent":0,"menu_order":0,"comment_status":"closed","ping_status":"closed","template":"","meta":{"footnotes":""},"class_list":["post-4","page","type-page","status-publish","hentry","no-featured-image"],"_links":{"self":[{"href":"https:\/\/sola.kau.se\/fiktivforskola89\/wp-json\/wp\/v2\/pages\/4","targetHints":{"allow":["GET"]}}],"collection":[{"href":"https:\/\/sola.kau.se\/fiktivforskola89\/wp-json\/wp\/v2\/pages"}],"about":[{"href":"https:\/\/sola.kau.se\/fiktivforskola89\/wp-json\/wp\/v2\/types\/page"}],"author":[{"embeddable":true,"href":"https:\/\/sola.kau.se\/fiktivforskola89\/wp-json\/wp\/v2\/users\/6664"}],"replies":[{"embeddable":true,"href":"https:\/\/sola.kau.se\/fiktivforskola89\/wp-json\/wp\/v2\/comments?post=4"}],"version-history":[{"count":30,"href":"https:\/\/sola.kau.se\/fiktivforskola89\/wp-json\/wp\/v2\/pages\/4\/revisions"}],"predecessor-version":[{"id":559,"href":"https:\/\/sola.kau.se\/fiktivforskola89\/wp-json\/wp\/v2\/pages\/4\/revisions\/559"}],"wp:attachment":[{"href":"https:\/\/sola.kau.se\/fiktivforskola89\/wp-json\/wp\/v2\/media?parent=4"}],"curies":[{"name":"wp","href":"https:\/\/api.w.org\/{rel}","templated":true}]}}