 {"id":415,"date":"2025-04-10T09:27:34","date_gmt":"2025-04-10T07:27:34","guid":{"rendered":"https:\/\/sola.kau.se\/fiktivforskola89\/?page_id=415"},"modified":"2025-04-10T09:30:15","modified_gmt":"2025-04-10T07:30:15","slug":"valkommen-till-introduktion-pa-avdelningen-haren","status":"publish","type":"page","link":"https:\/\/sola.kau.se\/fiktivforskola89\/valkommen-till-introduktion-pa-avdelningen-haren\/","title":{"rendered":"V\u00e4lkommen p\u00e5 introduktion p\u00e5 avdelningen Haren."},"content":{"rendered":"\n<p>V\u00e4nligen ladda ned informationsblankett p\u00e5 l\u00e4nken nedan. <\/p>\n\n\n\n<div class=\"wp-block-file\"><a id=\"wp-block-file--media-e6588b05-52e8-4178-b848-dbdba9ef58a5\" href=\"https:\/\/sola.kau.se\/fiktivforskola89\/wp-content\/uploads\/sites\/1310\/2025\/04\/Va\u0308lkommen-pa\u030a-introduktion.docx\">Va\u0308lkommen pa\u030a introduktion<\/a><a href=\"https:\/\/sola.kau.se\/fiktivforskola89\/wp-content\/uploads\/sites\/1310\/2025\/04\/Va\u0308lkommen-pa\u030a-introduktion.docx\" class=\"wp-block-file__button wp-element-button\" download aria-describedby=\"wp-block-file--media-e6588b05-52e8-4178-b848-dbdba9ef58a5\">Ladda ner<\/a><\/div>\n","protected":false},"excerpt":{"rendered":"<p>V\u00e4nligen ladda ned informationsblankett p\u00e5 l\u00e4nken nedan.<\/p>\n","protected":false},"author":6661,"featured_media":0,"parent":0,"menu_order":0,"comment_status":"closed","ping_status":"closed","template":"","meta":{"footnotes":""},"class_list":["post-415","page","type-page","status-publish","hentry","no-featured-image"],"_links":{"self":[{"href":"https:\/\/sola.kau.se\/fiktivforskola89\/wp-json\/wp\/v2\/pages\/415","targetHints":{"allow":["GET"]}}],"collection":[{"href":"https:\/\/sola.kau.se\/fiktivforskola89\/wp-json\/wp\/v2\/pages"}],"about":[{"href":"https:\/\/sola.kau.se\/fiktivforskola89\/wp-json\/wp\/v2\/types\/page"}],"author":[{"embeddable":true,"href":"https:\/\/sola.kau.se\/fiktivforskola89\/wp-json\/wp\/v2\/users\/6661"}],"replies":[{"embeddable":true,"href":"https:\/\/sola.kau.se\/fiktivforskola89\/wp-json\/wp\/v2\/comments?post=415"}],"version-history":[{"count":2,"href":"https:\/\/sola.kau.se\/fiktivforskola89\/wp-json\/wp\/v2\/pages\/415\/revisions"}],"predecessor-version":[{"id":420,"href":"https:\/\/sola.kau.se\/fiktivforskola89\/wp-json\/wp\/v2\/pages\/415\/revisions\/420"}],"wp:attachment":[{"href":"https:\/\/sola.kau.se\/fiktivforskola89\/wp-json\/wp\/v2\/media?parent=415"}],"curies":[{"name":"wp","href":"https:\/\/api.w.org\/{rel}","templated":true}]}}