 {"id":419,"date":"2025-04-10T09:31:21","date_gmt":"2025-04-10T07:31:21","guid":{"rendered":"https:\/\/sola.kau.se\/fiktivforskola89\/?page_id=419"},"modified":"2025-04-10T09:31:21","modified_gmt":"2025-04-10T07:31:21","slug":"valkommen-pa-introduktion-pa-avdelningen-ekorren","status":"publish","type":"page","link":"https:\/\/sola.kau.se\/fiktivforskola89\/valkommen-pa-introduktion-pa-avdelningen-ekorren\/","title":{"rendered":"V\u00e4lkommen p\u00e5 introduktion p\u00e5 avdelningen Ekorren."},"content":{"rendered":"\n<p>V\u00e4nligen ladda ned informationsblankett nedan. <\/p>\n\n\n\n<div class=\"wp-block-file\"><a id=\"wp-block-file--media-3d2bf166-77cd-43a5-b8a0-51459503054a\" href=\"https:\/\/sola.kau.se\/fiktivforskola89\/wp-content\/uploads\/sites\/1310\/2025\/04\/Va\u0308lkommen-pa\u030a-introduktion-1.docx\">Va\u0308lkommen pa\u030a introduktion<\/a><a href=\"https:\/\/sola.kau.se\/fiktivforskola89\/wp-content\/uploads\/sites\/1310\/2025\/04\/Va\u0308lkommen-pa\u030a-introduktion-1.docx\" class=\"wp-block-file__button wp-element-button\" download aria-describedby=\"wp-block-file--media-3d2bf166-77cd-43a5-b8a0-51459503054a\">Ladda ner<\/a><\/div>\n","protected":false},"excerpt":{"rendered":"<p>V\u00e4nligen ladda ned informationsblankett nedan.<\/p>\n","protected":false},"author":6661,"featured_media":0,"parent":0,"menu_order":0,"comment_status":"closed","ping_status":"closed","template":"","meta":{"footnotes":""},"class_list":["post-419","page","type-page","status-publish","hentry","no-featured-image"],"_links":{"self":[{"href":"https:\/\/sola.kau.se\/fiktivforskola89\/wp-json\/wp\/v2\/pages\/419","targetHints":{"allow":["GET"]}}],"collection":[{"href":"https:\/\/sola.kau.se\/fiktivforskola89\/wp-json\/wp\/v2\/pages"}],"about":[{"href":"https:\/\/sola.kau.se\/fiktivforskola89\/wp-json\/wp\/v2\/types\/page"}],"author":[{"embeddable":true,"href":"https:\/\/sola.kau.se\/fiktivforskola89\/wp-json\/wp\/v2\/users\/6661"}],"replies":[{"embeddable":true,"href":"https:\/\/sola.kau.se\/fiktivforskola89\/wp-json\/wp\/v2\/comments?post=419"}],"version-history":[{"count":1,"href":"https:\/\/sola.kau.se\/fiktivforskola89\/wp-json\/wp\/v2\/pages\/419\/revisions"}],"predecessor-version":[{"id":422,"href":"https:\/\/sola.kau.se\/fiktivforskola89\/wp-json\/wp\/v2\/pages\/419\/revisions\/422"}],"wp:attachment":[{"href":"https:\/\/sola.kau.se\/fiktivforskola89\/wp-json\/wp\/v2\/media?parent=419"}],"curies":[{"name":"wp","href":"https:\/\/api.w.org\/{rel}","templated":true}]}}