 {"id":52,"date":"2025-03-04T09:25:31","date_gmt":"2025-03-04T08:25:31","guid":{"rendered":"https:\/\/sola.kau.se\/fiktivforskola89\/?page_id=52"},"modified":"2025-10-20T10:20:16","modified_gmt":"2025-10-20T08:20:16","slug":"samverkan","status":"publish","type":"page","link":"https:\/\/sola.kau.se\/fiktivforskola89\/samverkan\/","title":{"rendered":"Samverkan"},"content":{"rendered":"\n<p>P\u00e5 Skogsgl\u00e4ntan v\u00e4rdes\u00e4tter vi ett n\u00e4ra och f\u00f6rtroendefullt samarbete mellan f\u00f6rskolan och hemmet. Ett av v\u00e5ra m\u00e5l \u00e4r att skapa en arena d\u00e4r alla barn oavsett bakgrund kan k\u00e4nna igen sig och vara representerad. F\u00f6r att \u00e5stadkomma det, l\u00e4gger vi stor vikt vid samarbetet med er v\u00e5rdnadshavare. Vi vill att v\u00e5ran relation ska pr\u00e4glas av nyfikenhet, \u00f6ppenhet och respekt, d\u00e4r ni som v\u00e5rdnadshavare sitter p\u00e5 stora kunskaper om ert barn och barnets bakgrund. Vi hoppas p\u00e5 att detta arbetet kommer bidra till att vi lyckas utforma en verksamhet d\u00e4r alla barn k\u00e4nner att de \u00e4r en del av den. <\/p>\n\n\n\n<p class=\"has-text-align-center\">&#8220;<em>F\u00f6rskolan ska samarbeta med hemmen f\u00f6r att ge barnen m\u00f6jlighet att utvecklas efter sina f\u00f6ruts\u00e4ttningar. F\u00f6rskolan ska tydligg\u00f6ra f\u00f6r barnen och barnens v\u00e5rdnadshavare vilka m\u00e5l utbildningen har.<\/em>&#8220;<\/p>\n\n\n\n<p class=\"has-text-align-center\">(Skolverket, 2018, rev. 2025, s.9)<\/p>\n\n\n\n<p><strong>Introduktion <\/strong><\/p>\n\n\n\n<p><\/p>\n\n\n\n<div class=\"wp-block-buttons is-layout-flex wp-block-buttons-is-layout-flex\">\n<div class=\"wp-block-button has-custom-width wp-block-button__width-100 is-style-fill\"><a class=\"wp-block-button__link wp-element-button\" href=\"https:\/\/sola.kau.se\/fiktivforskola89\/valkommen-till-forskolan-skogsglantan\/\">Mer information om introduktionen<\/a><\/div>\n<\/div>\n\n\n\n<p><\/p>\n\n\n\n<p><strong>Utvecklingssamtal<\/strong><\/p>\n\n\n\n<p><\/p>\n\n\n\n<div class=\"wp-block-buttons is-layout-flex wp-block-buttons-is-layout-flex\">\n<div class=\"wp-block-button has-custom-width wp-block-button__width-100\"><a class=\"wp-block-button__link wp-element-button\" href=\"https:\/\/sola.kau.se\/fiktivforskola89\/information-om-utvecklingssamtal\/\">Mer information om utvecklingssamtal<\/a><\/div>\n<\/div>\n\n\n\n<p><\/p>\n\n\n\n<p><strong>V\u00e5rdnadshavarm\u00f6te<\/strong><\/p>\n\n\n\n<p>I b\u00f6rjan p\u00e5 varje termin bjuder vi in till v\u00e5rdnadshavarm\u00f6te h\u00e4r p\u00e5 f\u00f6rskolan d\u00e4r vi delger information, h\u00e5ller i workshops och d\u00e4r ni som v\u00e5rdnadshavare f\u00e5r komma med \u00f6nskem\u00e5l och synpunkter om verksamheten. Det finns tid till att se sig omkring p\u00e5 avdelningen och ta del av dokumentation fr\u00e5n v\u00e5r verksamhet.<\/p>\n\n\n\n<p>Vid varje terminslut l\u00e4ggs en v\u00e5rdnadshavarenk\u00e4t ut nedan, v\u00e4nligen fyll i den f\u00f6r att vara med och bidra till f\u00f6rb\u00e4ttring av ditt barns utbildning.<\/p>\n\n\n\n<div class=\"wp-block-buttons is-layout-flex wp-block-buttons-is-layout-flex\">\n<div class=\"wp-block-button has-custom-width wp-block-button__width-100\"><a class=\"wp-block-button__link wp-element-button\">Mer information om v\u00e5rdnadshavarm\u00f6te<\/a><\/div>\n\n\n\n<div class=\"wp-block-button has-custom-width wp-block-button__width-100\"><a class=\"wp-block-button__link wp-element-button\">V\u00e5rdnadshavarenk\u00e4t<\/a><\/div>\n<\/div>\n\n\n\n<p><\/p>\n\n\n\n<p><strong>V\u00e5ran blogg<\/strong><\/p>\n\n\n\n<p>F\u00f6r att ge v\u00e5rdnadshavare en inblick i era barns vardag p\u00e5 f\u00f6rskolan uppdaterar vi v\u00e5r blogg regelbundet d\u00e4r vi dokumenterar utifr\u00e5n v\u00e5r verksamhet p\u00e5 f\u00f6rskolan. Vi hoppas att dokumentationen b\u00e5de med text och bilder kan ge f\u00f6ruts\u00e4ttningar f\u00f6r fina samtal med ert barn om vad hen har gjort och upplevt p\u00e5 f\u00f6rskolan.<\/p>\n\n\n\n<div class=\"wp-block-buttons is-layout-flex wp-block-buttons-is-layout-flex\">\n<div class=\"wp-block-button has-custom-width wp-block-button__width-100\"><a class=\"wp-block-button__link wp-element-button\">Till bloggen<\/a><\/div>\n<\/div>\n\n\n\n<p><\/p>\n\n\n\n<p><strong>\u00d6verg\u00e5ng till f\u00f6rskoleklass<\/strong><\/p>\n\n\n\n<p>P\u00e5 Skogsgl\u00e4ntan arbetar vi utifr\u00e5n kommunens handlingsplan g\u00e4llande \u00f6verg\u00e5ngar. F\u00f6r oss \u00e4r det viktigt att b\u00e5de barn och v\u00e5rdnadshavare ska k\u00e4nna sig trygga och vi har d\u00e4rf\u00f6r ett n\u00e4ra samarbete med b\u00e5de f\u00f6rskoleklass och fritids. Du som v\u00e5rdnadshavare kommer att f\u00e5 l\u00f6pande information ang\u00e5ende \u00f6verg\u00e5ngen och \u00e4ven erbjudas ett avslutningssamtal. Under v\u00e5r och sommar har vi gemensamma aktiviteter tillsammans f\u00f6r att st\u00e4rka barnens relation till den nya milj\u00f6n och till l\u00e4raren.<br><\/p>\n\n\n\n<div class=\"wp-block-buttons is-layout-flex wp-block-buttons-is-layout-flex\">\n<div class=\"wp-block-button has-custom-width wp-block-button__width-100\"><a class=\"wp-block-button__link wp-element-button\" href=\"https:\/\/sola.kau.se\/fiktivforskola89\/kommunens-handlingsplan-for-overgang-mellan-forskola-och-forskoleklass\/\">Mer information om \u00f6verg\u00e5ng till f\u00f6rskoleklass<\/a><\/div>\n<\/div>\n\n\n\n<p><\/p>\n\n\n\n<div class=\"wp-block-buttons is-layout-flex wp-block-buttons-is-layout-flex\">\n<div class=\"wp-block-button has-custom-width wp-block-button__width-100\"><a class=\"wp-block-button__link wp-element-button\" href=\"https:\/\/sola.kau.se\/fiktivforskola89\/2025\/04\/14\/arshjul-for-overgang-mellan-forskola-och-forskoleklass-och-fritidshem\/\">\u00c5rshjul f\u00f6r \u00f6verg\u00e5ng<\/a><\/div>\n<\/div>\n\n\n\n<p><\/p>\n","protected":false},"excerpt":{"rendered":"<p>P\u00e5 Skogsgl\u00e4ntan v\u00e4rdes\u00e4tter vi ett n\u00e4ra och f\u00f6rtroendefullt samarbete mellan f\u00f6rskolan och hemmet. Ett av v\u00e5ra m\u00e5l \u00e4r att skapa en arena d\u00e4r alla barn oavsett bakgrund kan k\u00e4nna igen sig och vara representerad. F\u00f6r att \u00e5stadkomma det, l\u00e4gger vi stor vikt vid samarbetet med er v\u00e5rdnadshavare. Vi vill att v\u00e5ran relation ska pr\u00e4glas av [&hellip;]<\/p>\n","protected":false},"author":6667,"featured_media":0,"parent":0,"menu_order":0,"comment_status":"closed","ping_status":"closed","template":"","meta":{"footnotes":""},"class_list":["post-52","page","type-page","status-publish","hentry","no-featured-image"],"_links":{"self":[{"href":"https:\/\/sola.kau.se\/fiktivforskola89\/wp-json\/wp\/v2\/pages\/52","targetHints":{"allow":["GET"]}}],"collection":[{"href":"https:\/\/sola.kau.se\/fiktivforskola89\/wp-json\/wp\/v2\/pages"}],"about":[{"href":"https:\/\/sola.kau.se\/fiktivforskola89\/wp-json\/wp\/v2\/types\/page"}],"author":[{"embeddable":true,"href":"https:\/\/sola.kau.se\/fiktivforskola89\/wp-json\/wp\/v2\/users\/6667"}],"replies":[{"embeddable":true,"href":"https:\/\/sola.kau.se\/fiktivforskola89\/wp-json\/wp\/v2\/comments?post=52"}],"version-history":[{"count":27,"href":"https:\/\/sola.kau.se\/fiktivforskola89\/wp-json\/wp\/v2\/pages\/52\/revisions"}],"predecessor-version":[{"id":554,"href":"https:\/\/sola.kau.se\/fiktivforskola89\/wp-json\/wp\/v2\/pages\/52\/revisions\/554"}],"wp:attachment":[{"href":"https:\/\/sola.kau.se\/fiktivforskola89\/wp-json\/wp\/v2\/media?parent=52"}],"curies":[{"name":"wp","href":"https:\/\/api.w.org\/{rel}","templated":true}]}}