 {"id":64,"date":"2025-03-04T09:53:52","date_gmt":"2025-03-04T08:53:52","guid":{"rendered":"https:\/\/sola.kau.se\/fiktivforskola89\/?page_id=64"},"modified":"2025-11-10T09:53:33","modified_gmt":"2025-11-10T08:53:33","slug":"valkommen","status":"publish","type":"page","link":"https:\/\/sola.kau.se\/fiktivforskola89\/valkommen\/","title":{"rendered":"Omsorg och l\u00e4rande"},"content":{"rendered":"\n<p>F\u00f6r oss p\u00e5 Skogsgl\u00e4ntans f\u00f6rskola \u00e4r omsorg, l\u00e4rande och utveckling grunden i v\u00e5r verksamhet. Vi \u00e4r engagerade pedagoger som str\u00e4var efter att erbjuda en l\u00e4rorik, trygg och rolig vistelse, f\u00f6r barnen. Du som v\u00e5rdnadshavare besitter kunskaper om ert\/era barn som vi vet \u00e4r viktiga f\u00f6r att ert barn ska f\u00e5 en s\u00e5 bra vistelse som m\u00f6jligt hos oss. Vi arbetar d\u00e4rf\u00f6r f\u00f6r att skapa tillitsfulla relationer med er och tillsammans skapar vi en trygg milj\u00f6. &nbsp;<\/p>\n\n\n<div class=\"wp-block-image\">\n<figure class=\"aligncenter size-full is-resized\"><img loading=\"lazy\" decoding=\"async\" width=\"917\" height=\"385\" src=\"https:\/\/sola.kau.se\/fiktivforskola89\/wp-content\/uploads\/sites\/1310\/2025\/03\/image-6.png\" alt=\"\" class=\"wp-image-222\" style=\"width:433px;height:auto\" srcset=\"https:\/\/sola.kau.se\/fiktivforskola89\/wp-content\/uploads\/sites\/1310\/2025\/03\/image-6.png 917w, https:\/\/sola.kau.se\/fiktivforskola89\/wp-content\/uploads\/sites\/1310\/2025\/03\/image-6-300x126.png 300w, https:\/\/sola.kau.se\/fiktivforskola89\/wp-content\/uploads\/sites\/1310\/2025\/03\/image-6-768x322.png 768w, https:\/\/sola.kau.se\/fiktivforskola89\/wp-content\/uploads\/sites\/1310\/2025\/03\/image-6-800x336.png 800w\" sizes=\"auto, (max-width: 917px) 100vw, 917px\" \/><\/figure><\/div>\n\n\n<p><\/p>\n\n\n\n<p>Vi ser varje barn som en egen individ och allt vi g\u00f6r pr\u00e4glas av att uppn\u00e5 en balans mellan barnens fysiska, sociala och emotionella behov. Vi anser att allt l\u00e4rande kr\u00e4ver trygga relationer och d\u00e4rf\u00f6r ska undervisningen grunda sig i en omtanke om barnen. Samtidigt som vi arbetar med barngruppen och hur man \u00e4r mot varandra ser vi individen och hur&nbsp;varje barn arbetar f\u00f6r att utvecklas. Genom detta s\u00e4tt att arbeta kan vi lyfta och st\u00e4rka alla barn vilket ger goda f\u00f6ruts\u00e4ttningar f\u00f6r att barnen ska vilja forts\u00e4tta l\u00e4ra och utvecklas. &nbsp;<\/p>\n\n\n\n<p>Som en del i omsorgsarbetet har vi aktivt valt att arbeta i \u00e5ldersgrupper 1\u20135 \u00e5r. Barnen genomg\u00e5r d\u00e4rf\u00f6r inget byte mellan avdelningar under sin tid p\u00e5 f\u00f6rskolan utan f\u00e5r beh\u00e5lla sin trygga milj\u00f6 och sina sociala relationer till b\u00e5de vuxna och barn. F\u00f6r att stimulera och utmana barnen arbetar b\u00e5da avdelningarna tillsammans genom olika grupper med aktiviteter utifr\u00e5n \u00e5lder och utveckling. P\u00e5 s\u00e5 vis har vi allihopa ett n\u00e4ra samarbete och barnen blir trygga \u00e4ven utanf\u00f6r sin egen avdelning.&nbsp;<\/p>\n\n\n\n<p class=\"has-text-align-center\">&#8220;<em>F\u00f6rskolan ska erbjuda barnen en trygg omsorg och har en viktig roll f\u00f6r att bidra till att grundl\u00e4gga barnens trygghet och sj\u00e4lvk\u00e4nsla. Utbildningen ska pr\u00e4glas av omsorg om barnets v\u00e4lbefinnande och trygghet. <\/em>&#8221; <\/p>\n\n\n\n<p class=\"has-text-align-center\">(Skolverket, 2018, rev. 2025, s. 12)<\/p>\n\n\n\n<p>V\u00e5r undervisning utg\u00e5r ifr\u00e5n barnens behov och intressen. Genom kartl\u00e4ggningar av barngrupper och milj\u00f6er ser vi till att v\u00e5r undervisningen \u00e4r meningsskapande f\u00f6r barnen. Undervisningen utv\u00e4rderas kontinuerligt genom dokumentation och diskussioner tillsammans med barnen.\u00a0<\/p>\n\n\n\n<p>Specialpedagogik<\/p>\n\n\n\n<p>P\u00e5 Skogsgl\u00e4ntan arbetar vi st\u00e4ndigt med att alla barn ska f\u00e5 r\u00e4tt att utvecklas, l\u00e4ra och m\u00e5 bra \u2014 oavsett behov, f\u00f6ruts\u00e4ttningar eller funktionsvariationer. Vi vill att alla barn ska f\u00e5 uttrycka sina \u00e5sikter och bli lyssnade p\u00e5. Hos oss kommer barnets b\u00e4sta alltid f\u00f6rst.&nbsp;&nbsp;<\/p>\n\n\n\n<p>Vi tar h\u00e4nsyn till barn olika behov och f\u00f6ruts\u00e4ttningar n\u00e4r vi formar v\u00e5r utbildning. F\u00f6rskolan ska vara en social och kulturell m\u00f6tesplats som fr\u00e4mjar alla barns utveckling d\u00e4r barn ska f\u00e5 utmaningar och st\u00f6d utifr\u00e5n sina egna f\u00f6ruts\u00e4ttningar.&nbsp;<\/p>\n\n\n\n<p>Enligt Socialtj\u00e4nstlagen (SoL) 14 kap.&nbsp;1 \u00a7 omfattas alla som arbetar i f\u00f6rskolan av anm\u00e4lningsplikt vid oro att ett barn far illa p\u00e5 n\u00e5got s\u00e4tt. <a href=\"https:\/\/www.skolverket.se\/larande-och-trygghet\/elevhalsa-och-stodinsatser\/stod-och-tidiga-insatser\/anmala-oro-for-ett-barn-till-socialtjansten\">https:\/\/www.skolverket.se\/larande-och-trygghet\/elevhalsa-och-stodinsatser\/stod-och-tidiga-insatser\/anmala-oro-for-ett-barn-till-socialtjansten<\/a><\/p>\n\n\n\n<p><\/p>\n","protected":false},"excerpt":{"rendered":"<p>F\u00f6r oss p\u00e5 Skogsgl\u00e4ntans f\u00f6rskola \u00e4r omsorg, l\u00e4rande och utveckling grunden i v\u00e5r verksamhet. Vi \u00e4r engagerade pedagoger som str\u00e4var efter att erbjuda en l\u00e4rorik, trygg och rolig vistelse, f\u00f6r barnen. Du som v\u00e5rdnadshavare besitter kunskaper om ert\/era barn som vi vet \u00e4r viktiga f\u00f6r att ert barn ska f\u00e5 en s\u00e5 bra vistelse som [&hellip;]<\/p>\n","protected":false},"author":6664,"featured_media":0,"parent":0,"menu_order":0,"comment_status":"closed","ping_status":"closed","template":"","meta":{"footnotes":""},"class_list":["post-64","page","type-page","status-publish","hentry","no-featured-image"],"_links":{"self":[{"href":"https:\/\/sola.kau.se\/fiktivforskola89\/wp-json\/wp\/v2\/pages\/64","targetHints":{"allow":["GET"]}}],"collection":[{"href":"https:\/\/sola.kau.se\/fiktivforskola89\/wp-json\/wp\/v2\/pages"}],"about":[{"href":"https:\/\/sola.kau.se\/fiktivforskola89\/wp-json\/wp\/v2\/types\/page"}],"author":[{"embeddable":true,"href":"https:\/\/sola.kau.se\/fiktivforskola89\/wp-json\/wp\/v2\/users\/6664"}],"replies":[{"embeddable":true,"href":"https:\/\/sola.kau.se\/fiktivforskola89\/wp-json\/wp\/v2\/comments?post=64"}],"version-history":[{"count":20,"href":"https:\/\/sola.kau.se\/fiktivforskola89\/wp-json\/wp\/v2\/pages\/64\/revisions"}],"predecessor-version":[{"id":637,"href":"https:\/\/sola.kau.se\/fiktivforskola89\/wp-json\/wp\/v2\/pages\/64\/revisions\/637"}],"wp:attachment":[{"href":"https:\/\/sola.kau.se\/fiktivforskola89\/wp-json\/wp\/v2\/media?parent=64"}],"curies":[{"name":"wp","href":"https:\/\/api.w.org\/{rel}","templated":true}]}}