 {"id":76,"date":"2025-03-04T10:07:52","date_gmt":"2025-03-04T09:07:52","guid":{"rendered":"https:\/\/sola.kau.se\/fiktivforskola89\/?page_id=76"},"modified":"2025-11-10T09:48:26","modified_gmt":"2025-11-10T08:48:26","slug":"vara-larmiljoer","status":"publish","type":"page","link":"https:\/\/sola.kau.se\/fiktivforskola89\/vara-larmiljoer\/","title":{"rendered":"F\u00f6rskolans l\u00e4rmilj\u00f6er"},"content":{"rendered":"\n<p><strong>Inomhusmilj\u00f6<\/strong><\/p>\n\n\n\n<p>P\u00e5 Skogsgl\u00e4ntan arbetar vi medvetet f\u00f6r att erbjuda varierande och inspirerande l\u00e4rmilj\u00f6er d\u00e4r alla barn ska kunna k\u00e4nna igen sig, b\u00e5de som individ, familj och kulturellt. P\u00e5 f\u00f6rskolan finns ett gemensamt f\u00f6rr\u00e5d med material och leksaker. Vi anser att det \u00e4r bra ur b\u00e5de en ekonomisk och en h\u00e5llbar aspekt d\u00e5 avdelningarna inte beh\u00f6ver k\u00f6pa in samma typ utav material, ist\u00e4llet tillh\u00f6r det f\u00f6rskolan och kan flyttas mellan avdelningarna. Avdelningarnas inomhusmilj\u00f6 utg\u00e5r d\u00e4rf\u00f6r fr\u00e5n olika teman vilket vi anser bidrar till att barnen upplever att det \u00e4r sp\u00e4nnande och kul att vara p\u00e5 den andra avdelningen, b\u00e5de som g\u00e4st och vid vissa gemensamma undervisningstillf\u00e4llen.<br><br><\/p>\n\n\n\n<p class=\"has-text-align-center\"><em>&#8220;Lek och r\u00f6relse ska ha en central plats i utbildningen. Ett f\u00f6rh\u00e5llningss\u00e4tt hos alla som ing\u00e5r i arbetslaget och en milj\u00f6 som uppmuntrar till lek och r\u00f6relse har stor betydelse f\u00f6r barnens utveckling, l\u00e4rande och v\u00e4lbefinnande.&#8221; <\/em> <\/p>\n\n\n\n<p class=\"has-text-align-center\">(Skolverket, 2018, rev. 2025, s. 10)<\/p>\n\n\n\n<p>P\u00e5 avdelningen Haren f\u00e5r barnen just nu m\u00f6ta temat skogen d\u00e4r det finns inslag av tr\u00e4d, v\u00e4xter, djur och liknande. P\u00e5 avdelningen Ekorren f\u00e5r barnen m\u00f6ta temat sj\u00f6n, h\u00e4r finns en b\u00e5t, ett akvarium med fiskar, samt material och leksaker med koppling till sj\u00f6n.<\/p>\n\n\n\n<p>Vi har flera gemensamma utrymmen p\u00e5 Skogsgl\u00e4ntan d\u00e4r barnen b\u00e5de kan m\u00f6tas i lek och f\u00e5 en lugn stund. H\u00e4r genomf\u00f6rs ocks\u00e5 en del utav v\u00e5ra undervisningstillf\u00e4llen. I v\u00e5rt gemensamma utrymme \u00c4ngen ges barnen m\u00f6jlighet att utveckla sina motoriska f\u00e4rdigheter genom att kl\u00e4ttra p\u00e5 kl\u00e4tterv\u00e4ggen, balansera, h\u00e4nga, hoppa ner i tjockmattan, g\u00f6ra kullerbyttor eller kasta boll. I den gemensamma atelj\u00e9, Blomman, sker lugnare aktiviteter med fokus p\u00e5 olika former av skapande.<\/p>\n\n\n\n<p class=\"has-text-align-center\">&#8220;<em>Milj\u00f6n ska vara tillg\u00e4nglig f\u00f6r alla barn och inspirera<br>dem att samspela och att utforska omv\u00e4rlden samt st\u00f6dja barnens utveckling, l\u00e4rande, lek och kommunikation.<br>Milj\u00f6n i f\u00f6rskolan ska erbjuda alla barn varierade aktiviteter i olika sammanhang.<br>M\u00e5nga valm\u00f6jligheter ger \u00f6kade f\u00f6ruts\u00e4ttningar f\u00f6r barnen att bredda sina lekm\u00f6nster och val av aktiviteter.&#8221;<\/em> <\/p>\n\n\n\n<p class=\"has-text-align-center\">(Skolverket, 2018, rev. 2025 s. 9)<\/p>\n\n\n\n<p><strong>Bilder fr\u00e5n avdelningen Haren<\/strong>:<\/p>\n\n\n\n<div class=\"wp-block-group is-nowrap is-layout-flex wp-container-core-group-is-layout-ad2f72ca wp-block-group-is-layout-flex\">\n<div class=\"wp-block-columns is-layout-flex wp-container-core-columns-is-layout-9d6595d7 wp-block-columns-is-layout-flex\">\n<div class=\"wp-block-column is-layout-flow wp-block-column-is-layout-flow\" style=\"flex-basis:100%\">\n<div class=\"wp-block-group is-nowrap is-layout-flex wp-container-core-group-is-layout-ad2f72ca wp-block-group-is-layout-flex\">\n<figure class=\"wp-block-image size-large is-resized is-style-rounded\"><img loading=\"lazy\" decoding=\"async\" width=\"768\" height=\"1024\" src=\"https:\/\/sola.kau.se\/fiktivforskola89\/wp-content\/uploads\/sites\/1310\/2025\/03\/IMG_2609-1-768x1024.jpeg\" alt=\"\" class=\"wp-image-97\" style=\"width:339px;height:auto\" srcset=\"https:\/\/sola.kau.se\/fiktivforskola89\/wp-content\/uploads\/sites\/1310\/2025\/03\/IMG_2609-1-768x1024.jpeg 768w, https:\/\/sola.kau.se\/fiktivforskola89\/wp-content\/uploads\/sites\/1310\/2025\/03\/IMG_2609-1-225x300.jpeg 225w, https:\/\/sola.kau.se\/fiktivforskola89\/wp-content\/uploads\/sites\/1310\/2025\/03\/IMG_2609-1-1152x1536.jpeg 1152w, https:\/\/sola.kau.se\/fiktivforskola89\/wp-content\/uploads\/sites\/1310\/2025\/03\/IMG_2609-1-1536x2048.jpeg 1536w, https:\/\/sola.kau.se\/fiktivforskola89\/wp-content\/uploads\/sites\/1310\/2025\/03\/IMG_2609-1-800x1067.jpeg 800w, https:\/\/sola.kau.se\/fiktivforskola89\/wp-content\/uploads\/sites\/1310\/2025\/03\/IMG_2609-1-scaled.jpeg 1920w\" sizes=\"auto, (max-width: 768px) 100vw, 768px\" \/><\/figure>\n\n\n\n<figure class=\"wp-block-image size-large is-resized is-style-rounded\"><img loading=\"lazy\" decoding=\"async\" width=\"768\" height=\"1024\" src=\"https:\/\/sola.kau.se\/fiktivforskola89\/wp-content\/uploads\/sites\/1310\/2025\/03\/IMG_2611-2-768x1024.jpeg\" alt=\"\" class=\"wp-image-96\" style=\"width:345px;height:auto\" srcset=\"https:\/\/sola.kau.se\/fiktivforskola89\/wp-content\/uploads\/sites\/1310\/2025\/03\/IMG_2611-2-768x1024.jpeg 768w, https:\/\/sola.kau.se\/fiktivforskola89\/wp-content\/uploads\/sites\/1310\/2025\/03\/IMG_2611-2-225x300.jpeg 225w, https:\/\/sola.kau.se\/fiktivforskola89\/wp-content\/uploads\/sites\/1310\/2025\/03\/IMG_2611-2-1152x1536.jpeg 1152w, https:\/\/sola.kau.se\/fiktivforskola89\/wp-content\/uploads\/sites\/1310\/2025\/03\/IMG_2611-2-1536x2048.jpeg 1536w, https:\/\/sola.kau.se\/fiktivforskola89\/wp-content\/uploads\/sites\/1310\/2025\/03\/IMG_2611-2-800x1067.jpeg 800w, https:\/\/sola.kau.se\/fiktivforskola89\/wp-content\/uploads\/sites\/1310\/2025\/03\/IMG_2611-2-scaled.jpeg 1920w\" sizes=\"auto, (max-width: 768px) 100vw, 768px\" \/><\/figure>\n<\/div>\n<\/div>\n<\/div>\n<\/div>\n\n\n\n<p><strong>Bilder fr\u00e5n avdelningen Ekorren:<\/strong><\/p>\n\n\n\n<div class=\"wp-block-columns is-layout-flex wp-container-core-columns-is-layout-9d6595d7 wp-block-columns-is-layout-flex\">\n<div class=\"wp-block-column is-layout-flow wp-block-column-is-layout-flow\" style=\"flex-basis:100%\">\n<figure class=\"wp-block-gallery has-nested-images columns-default is-cropped wp-block-gallery-1 is-layout-flex wp-block-gallery-is-layout-flex\">\n<figure class=\"wp-block-image size-large is-resized is-style-rounded\"><img loading=\"lazy\" decoding=\"async\" width=\"768\" height=\"1024\" data-id=\"100\" src=\"https:\/\/sola.kau.se\/fiktivforskola89\/wp-content\/uploads\/sites\/1310\/2025\/03\/IMG_2810-768x1024.jpeg\" alt=\"\" class=\"wp-image-100\" style=\"width:323px;height:auto\" srcset=\"https:\/\/sola.kau.se\/fiktivforskola89\/wp-content\/uploads\/sites\/1310\/2025\/03\/IMG_2810-768x1024.jpeg 768w, https:\/\/sola.kau.se\/fiktivforskola89\/wp-content\/uploads\/sites\/1310\/2025\/03\/IMG_2810-225x300.jpeg 225w, https:\/\/sola.kau.se\/fiktivforskola89\/wp-content\/uploads\/sites\/1310\/2025\/03\/IMG_2810-1152x1536.jpeg 1152w, https:\/\/sola.kau.se\/fiktivforskola89\/wp-content\/uploads\/sites\/1310\/2025\/03\/IMG_2810-1536x2048.jpeg 1536w, https:\/\/sola.kau.se\/fiktivforskola89\/wp-content\/uploads\/sites\/1310\/2025\/03\/IMG_2810-800x1067.jpeg 800w, https:\/\/sola.kau.se\/fiktivforskola89\/wp-content\/uploads\/sites\/1310\/2025\/03\/IMG_2810-scaled.jpeg 1920w\" sizes=\"auto, (max-width: 768px) 100vw, 768px\" \/><\/figure>\n\n\n\n<figure class=\"wp-block-image size-large is-resized is-style-rounded\"><img loading=\"lazy\" decoding=\"async\" width=\"701\" height=\"706\" data-id=\"274\" src=\"https:\/\/sola.kau.se\/fiktivforskola89\/wp-content\/uploads\/sites\/1310\/2025\/03\/image-10.png\" alt=\"\" class=\"wp-image-274\" style=\"width:326px;height:auto\" srcset=\"https:\/\/sola.kau.se\/fiktivforskola89\/wp-content\/uploads\/sites\/1310\/2025\/03\/image-10.png 701w, https:\/\/sola.kau.se\/fiktivforskola89\/wp-content\/uploads\/sites\/1310\/2025\/03\/image-10-298x300.png 298w, https:\/\/sola.kau.se\/fiktivforskola89\/wp-content\/uploads\/sites\/1310\/2025\/03\/image-10-150x150.png 150w\" sizes=\"auto, (max-width: 701px) 100vw, 701px\" \/><\/figure>\n<\/figure>\n<\/div>\n<\/div>\n\n\n\n<p><strong>Bilder fr\u00e5n v\u00e5ra gemensamma utrymmen<\/strong><\/p>\n\n\n\n<figure class=\"wp-block-image size-full is-resized is-style-rounded\"><img loading=\"lazy\" decoding=\"async\" width=\"1024\" height=\"1024\" src=\"https:\/\/sola.kau.se\/fiktivforskola89\/wp-content\/uploads\/sites\/1310\/2025\/03\/image.jpeg\" alt=\"\" class=\"wp-image-151\" style=\"width:316px;height:auto\" srcset=\"https:\/\/sola.kau.se\/fiktivforskola89\/wp-content\/uploads\/sites\/1310\/2025\/03\/image.jpeg 1024w, https:\/\/sola.kau.se\/fiktivforskola89\/wp-content\/uploads\/sites\/1310\/2025\/03\/image-300x300.jpeg 300w, https:\/\/sola.kau.se\/fiktivforskola89\/wp-content\/uploads\/sites\/1310\/2025\/03\/image-150x150.jpeg 150w, https:\/\/sola.kau.se\/fiktivforskola89\/wp-content\/uploads\/sites\/1310\/2025\/03\/image-768x768.jpeg 768w, https:\/\/sola.kau.se\/fiktivforskola89\/wp-content\/uploads\/sites\/1310\/2025\/03\/image-800x800.jpeg 800w\" sizes=\"auto, (max-width: 1024px) 100vw, 1024px\" \/><\/figure>\n\n\n\n<figure class=\"wp-block-image size-large is-resized is-style-rounded\"><img loading=\"lazy\" decoding=\"async\" width=\"1024\" height=\"683\" src=\"https:\/\/sola.kau.se\/fiktivforskola89\/wp-content\/uploads\/sites\/1310\/2025\/10\/forskolerum_mindre_fil-1024x683.png\" alt=\"\" class=\"wp-image-584\" style=\"width:356px;height:auto\" srcset=\"https:\/\/sola.kau.se\/fiktivforskola89\/wp-content\/uploads\/sites\/1310\/2025\/10\/forskolerum_mindre_fil-1024x683.png 1024w, https:\/\/sola.kau.se\/fiktivforskola89\/wp-content\/uploads\/sites\/1310\/2025\/10\/forskolerum_mindre_fil-300x200.png 300w, https:\/\/sola.kau.se\/fiktivforskola89\/wp-content\/uploads\/sites\/1310\/2025\/10\/forskolerum_mindre_fil-768x512.png 768w, https:\/\/sola.kau.se\/fiktivforskola89\/wp-content\/uploads\/sites\/1310\/2025\/10\/forskolerum_mindre_fil-800x533.png 800w, https:\/\/sola.kau.se\/fiktivforskola89\/wp-content\/uploads\/sites\/1310\/2025\/10\/forskolerum_mindre_fil.png 1200w\" sizes=\"auto, (max-width: 1024px) 100vw, 1024px\" \/><\/figure>\n\n\n\n<div class=\"wp-block-columns is-layout-flex wp-container-core-columns-is-layout-9d6595d7 wp-block-columns-is-layout-flex\">\n<div class=\"wp-block-column is-layout-flow wp-block-column-is-layout-flow\">\n<p><strong>Planl\u00f6sning p\u00e5 Skogsgl\u00e4ntan<\/strong><\/p>\n<\/div>\n<\/div>\n\n\n\n<figure class=\"wp-block-image size-full is-resized\"><img loading=\"lazy\" decoding=\"async\" width=\"880\" height=\"849\" src=\"https:\/\/sola.kau.se\/fiktivforskola89\/wp-content\/uploads\/sites\/1310\/2025\/04\/Planlosning-fsk.png\" alt=\"\" class=\"wp-image-351\" style=\"width:433px;height:auto\" srcset=\"https:\/\/sola.kau.se\/fiktivforskola89\/wp-content\/uploads\/sites\/1310\/2025\/04\/Planlosning-fsk.png 880w, https:\/\/sola.kau.se\/fiktivforskola89\/wp-content\/uploads\/sites\/1310\/2025\/04\/Planlosning-fsk-300x289.png 300w, https:\/\/sola.kau.se\/fiktivforskola89\/wp-content\/uploads\/sites\/1310\/2025\/04\/Planlosning-fsk-768x741.png 768w, https:\/\/sola.kau.se\/fiktivforskola89\/wp-content\/uploads\/sites\/1310\/2025\/04\/Planlosning-fsk-800x772.png 800w\" sizes=\"auto, (max-width: 880px) 100vw, 880px\" \/><\/figure>\n\n\n\n<p><\/p>\n\n\n\n<p><strong>Utomhusmilj\u00f6<\/strong><\/p>\n\n\n\n<p>V\u00e5r utomhusmilj\u00f6 ger barnen m\u00f6jlighet till motorisk tr\u00e4ning och m\u00e5nga olika aktiviteter. Milj\u00f6n erbjuder barnen olika typer av underlag som utmanar barnen p\u00e5 olika s\u00e4tt. Bland annat sandl\u00e5dor och flis, gr\u00e4s, kullar, buskar, tr\u00e4d och stenar i olika storlekar som l\u00e4mpar sig bra f\u00f6r att \u00f6va sig p\u00e5 att kl\u00e4ttra. Det finns ocks\u00e5 gungor samt asfalterade banor som g\u00f6r det m\u00f6jligt att cykla.<\/p>\n\n\n\n<p>Varje dag erbjuds barnen en aktivitet vid utevistelsen som \u00e4r frivillig, det kan vara en gemensam lek, ett utforskande eller skapande i olika former. Det \u00e4r alltid en pedagog som h\u00e5ller i aktiviteten, vi har sett att detta arbete har gynnat barnens samspel med varandra.<\/p>\n\n\n\n<p>P\u00e5 g\u00e5rden finns ocks\u00e5 pallkragar d\u00e4r vi odlar olika gr\u00f6dor och ger barnen m\u00f6jlighet att inh\u00e4mta kunskap om matens v\u00e4g fr\u00e5n jord till bord.<\/p>\n\n\n\n<p><strong>Bilder fr\u00e5n v\u00e5r utomhusmilj\u00f6:<\/strong><\/p>\n\n\n\n<p><strong>Tr\u00e4d (pil) f\u00f6r balans\u00f6vning och kl\u00e4ttring<\/strong>:<\/p>\n\n\n\n<figure class=\"wp-block-image size-full is-resized is-style-rounded\"><img loading=\"lazy\" decoding=\"async\" width=\"800\" height=\"600\" src=\"https:\/\/sola.kau.se\/fiktivforskola89\/wp-content\/uploads\/sites\/1310\/2025\/03\/image-11.png\" alt=\"\" class=\"wp-image-301\" style=\"width:412px;height:auto\" srcset=\"https:\/\/sola.kau.se\/fiktivforskola89\/wp-content\/uploads\/sites\/1310\/2025\/03\/image-11.png 800w, https:\/\/sola.kau.se\/fiktivforskola89\/wp-content\/uploads\/sites\/1310\/2025\/03\/image-11-300x225.png 300w, https:\/\/sola.kau.se\/fiktivforskola89\/wp-content\/uploads\/sites\/1310\/2025\/03\/image-11-768x576.png 768w\" sizes=\"auto, (max-width: 800px) 100vw, 800px\" \/><\/figure>\n\n\n\n<figure class=\"wp-block-image size-full is-resized is-style-rounded\"><img loading=\"lazy\" decoding=\"async\" width=\"480\" height=\"640\" src=\"https:\/\/sola.kau.se\/fiktivforskola89\/wp-content\/uploads\/sites\/1310\/2025\/04\/Rutschkana.jpg\" alt=\"\" class=\"wp-image-444\" style=\"width:285px;height:auto\" srcset=\"https:\/\/sola.kau.se\/fiktivforskola89\/wp-content\/uploads\/sites\/1310\/2025\/04\/Rutschkana.jpg 480w, https:\/\/sola.kau.se\/fiktivforskola89\/wp-content\/uploads\/sites\/1310\/2025\/04\/Rutschkana-225x300.jpg 225w\" sizes=\"auto, (max-width: 480px) 100vw, 480px\" \/><\/figure>\n\n\n\n<figure class=\"wp-block-image size-full is-resized is-style-rounded\"><img loading=\"lazy\" decoding=\"async\" width=\"480\" height=\"360\" src=\"https:\/\/sola.kau.se\/fiktivforskola89\/wp-content\/uploads\/sites\/1310\/2025\/04\/Cykelvag.jpg\" alt=\"\" class=\"wp-image-446\" style=\"width:407px;height:auto\" srcset=\"https:\/\/sola.kau.se\/fiktivforskola89\/wp-content\/uploads\/sites\/1310\/2025\/04\/Cykelvag.jpg 480w, https:\/\/sola.kau.se\/fiktivforskola89\/wp-content\/uploads\/sites\/1310\/2025\/04\/Cykelvag-300x225.jpg 300w\" sizes=\"auto, (max-width: 480px) 100vw, 480px\" \/><\/figure>\n\n\n\n<div class=\"wp-block-columns is-layout-flex wp-container-core-columns-is-layout-9d6595d7 wp-block-columns-is-layout-flex\">\n<div class=\"wp-block-column is-layout-flow wp-block-column-is-layout-flow\"><\/div>\n\n\n\n<div class=\"wp-block-column is-layout-flow wp-block-column-is-layout-flow\"><\/div>\n<\/div>\n","protected":false},"excerpt":{"rendered":"<p>Inomhusmilj\u00f6 P\u00e5 Skogsgl\u00e4ntan arbetar vi medvetet f\u00f6r att erbjuda varierande och inspirerande l\u00e4rmilj\u00f6er d\u00e4r alla barn ska kunna k\u00e4nna igen sig, b\u00e5de som individ, familj och kulturellt. P\u00e5 f\u00f6rskolan finns ett gemensamt f\u00f6rr\u00e5d med material och leksaker. Vi anser att det \u00e4r bra ur b\u00e5de en ekonomisk och en h\u00e5llbar aspekt d\u00e5 avdelningarna inte beh\u00f6ver [&hellip;]<\/p>\n","protected":false},"author":6667,"featured_media":0,"parent":0,"menu_order":0,"comment_status":"closed","ping_status":"closed","template":"","meta":{"footnotes":""},"class_list":["post-76","page","type-page","status-publish","hentry","no-featured-image"],"_links":{"self":[{"href":"https:\/\/sola.kau.se\/fiktivforskola89\/wp-json\/wp\/v2\/pages\/76","targetHints":{"allow":["GET"]}}],"collection":[{"href":"https:\/\/sola.kau.se\/fiktivforskola89\/wp-json\/wp\/v2\/pages"}],"about":[{"href":"https:\/\/sola.kau.se\/fiktivforskola89\/wp-json\/wp\/v2\/types\/page"}],"author":[{"embeddable":true,"href":"https:\/\/sola.kau.se\/fiktivforskola89\/wp-json\/wp\/v2\/users\/6667"}],"replies":[{"embeddable":true,"href":"https:\/\/sola.kau.se\/fiktivforskola89\/wp-json\/wp\/v2\/comments?post=76"}],"version-history":[{"count":52,"href":"https:\/\/sola.kau.se\/fiktivforskola89\/wp-json\/wp\/v2\/pages\/76\/revisions"}],"predecessor-version":[{"id":658,"href":"https:\/\/sola.kau.se\/fiktivforskola89\/wp-json\/wp\/v2\/pages\/76\/revisions\/658"}],"wp:attachment":[{"href":"https:\/\/sola.kau.se\/fiktivforskola89\/wp-json\/wp\/v2\/media?parent=76"}],"curies":[{"name":"wp","href":"https:\/\/api.w.org\/{rel}","templated":true}]}}