 {"id":16,"date":"2021-09-30T17:48:20","date_gmt":"2021-09-30T17:48:20","guid":{"rendered":"https:\/\/sola.kau.se\/folkkyrkansnyaansikten\/?page_id=16"},"modified":"2026-03-23T14:13:29","modified_gmt":"2026-03-23T14:13:29","slug":"om-projektet","status":"publish","type":"page","link":"https:\/\/sola.kau.se\/folkkyrkansnyaansikten\/","title":{"rendered":"Om projektet"},"content":{"rendered":"\n<p>Inom forskningsf\u00e4ltet levd religion har forskarnas blickar ofta riktats bort fr\u00e5n kyrkliga institutioner och organiserad religion f\u00f6r att unders\u00f6ka lekm\u00e4ns och -kvinnors vardag och hur religion levs i hemmet, p\u00e5 arbetet och p\u00e5 fritiden.<\/p>\n\n\n\n<p>Syftet med detta forskningsprojekt \u00e4r att unders\u00f6ka vad lekfolket \u00e4gnar sig \u00e5t f\u00f6r vardagliga andliga praktiker inom kyrkliga institutioner. Idag erbjuder \u00e5tta av tio f\u00f6rsamlingar i Stockholms stift regelbundet olika former av nya andliga praktiker som heliga danser, medicinsk yoga, meditativ r\u00f6relsetr\u00e4ning, skapande r\u00f6relse, hathayoga, senioryoga, qi gong mm.<\/p>\n\n\n\n<p>Forskningsprojektet kombinerar religionsvetenskaplig och teologisk kompetens f\u00f6r att unders\u00f6ka f\u00f6rekomsten av nya andliga praktiker inom kyrkliga institutioner och \u00e4mnar besvara forskningsfr\u00e5gorna:<\/p>\n\n\n\n<p>1) Vilka olika strategier har lutherska kyrkor i Norden utarbetat f\u00f6r att m\u00f6ta en v\u00e4xande nyandlighet?<\/p>\n\n\n\n<p>2) Ur ett svenskt perspektiv, vilka nya praktiker \u00e4ger rum i Svenska kyrkans regi?<\/p>\n\n\n\n<p>3) Hur anv\u00e4nds och f\u00f6rhandlas dessa praktiker p\u00e5 individniv\u00e5, dvs. vem praktiserar, n\u00e4r, hur och varf\u00f6r? Hur ser relationen mellan religion och h\u00e4lsa ut? samt<\/p>\n\n\n\n<p>4) Hur f\u00f6rhandlas dessa praktiker p\u00e5 institutionell niv\u00e5, dvs. hur och av vem ges praktikerna teologisk legitimitet? Hur integreras praktikerna i luthersk kristen teologi? Hur relaterar dessa till folkkyrkoid\u00e9n? Eller, om de inte ges teologisk legitimitet \u2013 p\u00e5 vilka grunder argumenteras emot praktikerna?<\/p>\n\n\n\n<p>Projektet finansieras av <a href=\"https:\/\/www.rj.se\/anslag\/2020\/folkkyrkans-nya-ansikten---levd-religion-nyandliga-praktiker-och-teologisk-legitimitet\/\">Riksbankens jubileumsfond<\/a> och har genomg\u00e5tt etikpr\u00f6vning (diarienr 2021-05807-01).<\/p>\n\n\n\n<p>Projektet \u00e4r avslutat.<\/p>\n","protected":false},"excerpt":{"rendered":"<p>Inom forskningsf\u00e4ltet levd religion har forskarnas blickar ofta riktats bort fr\u00e5n kyrkliga institutioner och organiserad religion f\u00f6r att unders\u00f6ka lekm\u00e4ns och -kvinnors vardag och hur religion levs i hemmet, p\u00e5 arbetet och p\u00e5 fritiden. Syftet med detta forskningsprojekt \u00e4r att unders\u00f6ka vad lekfolket \u00e4gnar sig \u00e5t f\u00f6r vardagliga andliga praktiker inom kyrkliga institutioner. Idag erbjuder &hellip; <\/p>\n<p class=\"link-more\"><a href=\"https:\/\/sola.kau.se\/folkkyrkansnyaansikten\/\" class=\"more-link\">Forts\u00e4tt l\u00e4sa<span class=\"screen-reader-text\"> \u201dOm projektet\u201d<\/span><\/a><\/p>\n","protected":false},"author":660,"featured_media":0,"parent":0,"menu_order":0,"comment_status":"closed","ping_status":"closed","template":"","meta":{"footnotes":""},"class_list":["post-16","page","type-page","status-publish","hentry"],"_links":{"self":[{"href":"https:\/\/sola.kau.se\/folkkyrkansnyaansikten\/wp-json\/wp\/v2\/pages\/16","targetHints":{"allow":["GET"]}}],"collection":[{"href":"https:\/\/sola.kau.se\/folkkyrkansnyaansikten\/wp-json\/wp\/v2\/pages"}],"about":[{"href":"https:\/\/sola.kau.se\/folkkyrkansnyaansikten\/wp-json\/wp\/v2\/types\/page"}],"author":[{"embeddable":true,"href":"https:\/\/sola.kau.se\/folkkyrkansnyaansikten\/wp-json\/wp\/v2\/users\/660"}],"replies":[{"embeddable":true,"href":"https:\/\/sola.kau.se\/folkkyrkansnyaansikten\/wp-json\/wp\/v2\/comments?post=16"}],"version-history":[{"count":6,"href":"https:\/\/sola.kau.se\/folkkyrkansnyaansikten\/wp-json\/wp\/v2\/pages\/16\/revisions"}],"predecessor-version":[{"id":117,"href":"https:\/\/sola.kau.se\/folkkyrkansnyaansikten\/wp-json\/wp\/v2\/pages\/16\/revisions\/117"}],"wp:attachment":[{"href":"https:\/\/sola.kau.se\/folkkyrkansnyaansikten\/wp-json\/wp\/v2\/media?parent=16"}],"curies":[{"name":"wp","href":"https:\/\/api.w.org\/{rel}","templated":true}]}}