 {"id":32,"date":"2021-10-01T05:44:16","date_gmt":"2021-10-01T05:44:16","guid":{"rendered":"https:\/\/sola.kau.se\/folkkyrkansnyaansikten\/?page_id=32"},"modified":"2026-03-23T14:15:01","modified_gmt":"2026-03-23T14:15:01","slug":"kontakt","status":"publish","type":"page","link":"https:\/\/sola.kau.se\/folkkyrkansnyaansikten\/kontakt\/","title":{"rendered":"Kontakt"},"content":{"rendered":"\n<p>Projektet \u00e4r avslutat. En f\u00f6rteckning \u00f6ver <a href=\"https:\/\/sola.kau.se\/folkkyrkansnyaansikten\/publikationer\/\" data-type=\"page\" data-id=\"74\">publikationer finns h\u00e4r.<\/a><\/p>\n\n\n\n<p><\/p>\n\n\n\n<p>Ansvarig forskare:<\/p>\n\n\n\n<p>Katarina Plank, projektledare<\/p>\n\n\n\n<p>Institutionen f\u00f6r samh\u00e4lls- och kulturstudier<\/p>\n\n\n\n<p>Karlstads universitet<\/p>\n\n\n\n<p>651 88 Karlstad<\/p>\n\n\n\n<p>Tel. 054-700 10 00<br><\/p>\n","protected":false},"excerpt":{"rendered":"<p>Projektet \u00e4r avslutat. En f\u00f6rteckning \u00f6ver publikationer finns h\u00e4r. Ansvarig forskare: Katarina Plank, projektledare Institutionen f\u00f6r samh\u00e4lls- och kulturstudier Karlstads universitet 651 88 Karlstad Tel. 054-700 10 00<\/p>\n","protected":false},"author":660,"featured_media":0,"parent":0,"menu_order":0,"comment_status":"closed","ping_status":"closed","template":"","meta":{"footnotes":""},"class_list":["post-32","page","type-page","status-publish","hentry"],"_links":{"self":[{"href":"https:\/\/sola.kau.se\/folkkyrkansnyaansikten\/wp-json\/wp\/v2\/pages\/32","targetHints":{"allow":["GET"]}}],"collection":[{"href":"https:\/\/sola.kau.se\/folkkyrkansnyaansikten\/wp-json\/wp\/v2\/pages"}],"about":[{"href":"https:\/\/sola.kau.se\/folkkyrkansnyaansikten\/wp-json\/wp\/v2\/types\/page"}],"author":[{"embeddable":true,"href":"https:\/\/sola.kau.se\/folkkyrkansnyaansikten\/wp-json\/wp\/v2\/users\/660"}],"replies":[{"embeddable":true,"href":"https:\/\/sola.kau.se\/folkkyrkansnyaansikten\/wp-json\/wp\/v2\/comments?post=32"}],"version-history":[{"count":4,"href":"https:\/\/sola.kau.se\/folkkyrkansnyaansikten\/wp-json\/wp\/v2\/pages\/32\/revisions"}],"predecessor-version":[{"id":119,"href":"https:\/\/sola.kau.se\/folkkyrkansnyaansikten\/wp-json\/wp\/v2\/pages\/32\/revisions\/119"}],"wp:attachment":[{"href":"https:\/\/sola.kau.se\/folkkyrkansnyaansikten\/wp-json\/wp\/v2\/media?parent=32"}],"curies":[{"name":"wp","href":"https:\/\/api.w.org\/{rel}","templated":true}]}}