 {"id":41,"date":"2021-10-01T09:11:52","date_gmt":"2021-10-01T09:11:52","guid":{"rendered":"https:\/\/sola.kau.se\/folkkyrkansnyaansikten\/?page_id=41"},"modified":"2022-03-28T17:52:16","modified_gmt":"2022-03-28T17:52:16","slug":"om-forskarna","status":"publish","type":"page","link":"https:\/\/sola.kau.se\/folkkyrkansnyaansikten\/om-projektet\/om-forskarna\/","title":{"rendered":"Om forskarna"},"content":{"rendered":"\n<p><\/p>\n\n\n\n<figure class=\"wp-block-image size-full is-resized\"><img loading=\"lazy\" decoding=\"async\" src=\"https:\/\/sola.kau.se\/folkkyrkansnyaansikten\/wp-content\/uploads\/sites\/541\/2021\/10\/Plank_webb-1.png\" alt=\"\" class=\"wp-image-67\" width=\"188\" height=\"211\" srcset=\"https:\/\/sola.kau.se\/folkkyrkansnyaansikten\/wp-content\/uploads\/sites\/541\/2021\/10\/Plank_webb-1.png 750w, https:\/\/sola.kau.se\/folkkyrkansnyaansikten\/wp-content\/uploads\/sites\/541\/2021\/10\/Plank_webb-1-267x300.png 267w\" sizes=\"auto, (max-width: 188px) 100vw, 188px\" \/><\/figure>\n\n\n\n<p><strong>Katarina Plank<\/strong> \u00e4r docent i religionsvetenskap och projektledare f\u00f6r Folkkyrkans nya ansikten. Hon disputerade vid Lunds universitet \u00e5r 2011 med en avhandling om buddhistisk meditation. Hon har d\u00e4refter forskat teman som r\u00f6r samtida, levd religion samt religion och migration, och \u00e4r speciellt intresserad av de gr\u00e4nsland d\u00e4r religi\u00f6sa praktiker uppl\u00f6ses i sekul\u00e4ra till\u00e4mpningar, samt vad som sker i olika kulturm\u00f6ten.  Sedan 2016 arbetar hon vid Karlstads universitet, d\u00e4r hon \u00e4r verksam som l\u00e4rare och forskare.<\/p>\n\n\n\n<p><\/p>\n\n\n\n<figure class=\"wp-block-image size-full is-resized\"><img loading=\"lazy\" decoding=\"async\" src=\"https:\/\/sola.kau.se\/folkkyrkansnyaansikten\/wp-content\/uploads\/sites\/541\/2021\/10\/Helene-Egnell.png\" alt=\"\" class=\"wp-image-69\" width=\"217\" height=\"226\" srcset=\"https:\/\/sola.kau.se\/folkkyrkansnyaansikten\/wp-content\/uploads\/sites\/541\/2021\/10\/Helene-Egnell.png 433w, https:\/\/sola.kau.se\/folkkyrkansnyaansikten\/wp-content\/uploads\/sites\/541\/2021\/10\/Helene-Egnell-287x300.png 287w\" sizes=\"auto, (max-width: 217px) 100vw, 217px\" \/><\/figure>\n\n\n\n<p><strong>Helene Egnell<\/strong> \u00e4r teologie doktor i missionsvetenskap, pr\u00e4st i Svenska kyrkan och forskare i projektet Folkkyrkans nya ansikten. Hon disputerade vid Uppsala universitet 2006 med en avhandling om feministiska perspektiv p\u00e5 religi\u00f6s m\u00e5ngfald, och har \u00e4ven en M Phil fr\u00e5n Irish School of Ecumenics\/Trinity College i Dublin (1997). Mellan 2008 och 2020 arbetade hon p\u00e5 Centrum f\u00f6r religionsdialog i Stockholms stift, och var innan dess f\u00f6rsamlingspr\u00e4st.<\/p>\n\n\n\n<figure class=\"wp-block-image size-full is-resized\"><img loading=\"lazy\" decoding=\"async\" src=\"https:\/\/sola.kau.se\/folkkyrkansnyaansikten\/wp-content\/uploads\/sites\/541\/2021\/10\/Linnea.png\" alt=\"\" class=\"wp-image-70\" width=\"197\" height=\"210\" srcset=\"https:\/\/sola.kau.se\/folkkyrkansnyaansikten\/wp-content\/uploads\/sites\/541\/2021\/10\/Linnea.png 562w, https:\/\/sola.kau.se\/folkkyrkansnyaansikten\/wp-content\/uploads\/sites\/541\/2021\/10\/Linnea-281x300.png 281w\" sizes=\"auto, (max-width: 197px) 100vw, 197px\" \/><\/figure>\n\n\n\n<p><strong>Linnea Lundgren<\/strong> disputerade vid Ersta Sk\u00f6ndal Br\u00e4cke H\u00f6gskola \u00e5r 2021 med avhandling om den svenska statens syn och reglering av minoritetsamfund i ett historisk perspektiv. Hennes prim\u00e4ra forskningsintressen r\u00f6r fr\u00e5gor om religion och civilsamh\u00e4lle och religi\u00f6s f\u00f6r\u00e4ndring. Hon arbetar med datainsamling, intervjuer och observationer i projektet. D\u00e4rtill \u00e4r hon \u00e4ven verksam som forskare och l\u00e4rare vid Marie Cederschi\u00f6ld h\u00f6gskola.<\/p>\n\n\n\n<p><\/p>\n","protected":false},"excerpt":{"rendered":"<p>Katarina Plank \u00e4r docent i religionsvetenskap och projektledare f\u00f6r Folkkyrkans nya ansikten. Hon disputerade vid Lunds universitet \u00e5r 2011 med en avhandling om buddhistisk meditation. Hon har d\u00e4refter forskat teman som r\u00f6r samtida, levd religion samt religion och migration, och \u00e4r speciellt intresserad av de gr\u00e4nsland d\u00e4r religi\u00f6sa praktiker uppl\u00f6ses i sekul\u00e4ra till\u00e4mpningar, samt vad &hellip; <\/p>\n<p class=\"link-more\"><a href=\"https:\/\/sola.kau.se\/folkkyrkansnyaansikten\/om-projektet\/om-forskarna\/\" class=\"more-link\">Forts\u00e4tt l\u00e4sa<span class=\"screen-reader-text\"> \u201dOm forskarna\u201d<\/span><\/a><\/p>\n","protected":false},"author":660,"featured_media":0,"parent":16,"menu_order":0,"comment_status":"closed","ping_status":"closed","template":"","meta":{"footnotes":""},"class_list":["post-41","page","type-page","status-publish","hentry"],"_links":{"self":[{"href":"https:\/\/sola.kau.se\/folkkyrkansnyaansikten\/wp-json\/wp\/v2\/pages\/41","targetHints":{"allow":["GET"]}}],"collection":[{"href":"https:\/\/sola.kau.se\/folkkyrkansnyaansikten\/wp-json\/wp\/v2\/pages"}],"about":[{"href":"https:\/\/sola.kau.se\/folkkyrkansnyaansikten\/wp-json\/wp\/v2\/types\/page"}],"author":[{"embeddable":true,"href":"https:\/\/sola.kau.se\/folkkyrkansnyaansikten\/wp-json\/wp\/v2\/users\/660"}],"replies":[{"embeddable":true,"href":"https:\/\/sola.kau.se\/folkkyrkansnyaansikten\/wp-json\/wp\/v2\/comments?post=41"}],"version-history":[{"count":7,"href":"https:\/\/sola.kau.se\/folkkyrkansnyaansikten\/wp-json\/wp\/v2\/pages\/41\/revisions"}],"predecessor-version":[{"id":88,"href":"https:\/\/sola.kau.se\/folkkyrkansnyaansikten\/wp-json\/wp\/v2\/pages\/41\/revisions\/88"}],"up":[{"embeddable":true,"href":"https:\/\/sola.kau.se\/folkkyrkansnyaansikten\/wp-json\/wp\/v2\/pages\/16"}],"wp:attachment":[{"href":"https:\/\/sola.kau.se\/folkkyrkansnyaansikten\/wp-json\/wp\/v2\/media?parent=41"}],"curies":[{"name":"wp","href":"https:\/\/api.w.org\/{rel}","templated":true}]}}