 {"id":74,"date":"2021-10-05T20:21:34","date_gmt":"2021-10-05T20:21:34","guid":{"rendered":"https:\/\/sola.kau.se\/folkkyrkansnyaansikten\/?page_id=74"},"modified":"2026-04-27T06:52:23","modified_gmt":"2026-04-27T06:52:23","slug":"publikationer","status":"publish","type":"page","link":"https:\/\/sola.kau.se\/folkkyrkansnyaansikten\/publikationer\/","title":{"rendered":"Publikationer"},"content":{"rendered":"\n<p><strong>Seminarium och boksl\u00e4pp 24 april 2026<\/strong><\/p>\n\n\n\n<p>H\u00e4r \u00e4r den PPT som vi visade under seminariet och boksl\u00e4ppet vid Marie Cederski\u00f6lds h\u00f6gskola, d\u00e4r vi presenterade projektets resultat.<\/p>\n\n\n\n<div data-wp-interactive=\"core\/file\" class=\"wp-block-file\"><object data-wp-bind--hidden=\"!state.hasPdfPreview\" hidden class=\"wp-block-file__embed\" data=\"https:\/\/sola.kau.se\/folkkyrkansnyaansikten\/wp-content\/uploads\/sites\/541\/2026\/04\/MCHS-Seminarium-och-bokslapp-1.pdf\" type=\"application\/pdf\" style=\"width:100%;height:600px\" aria-label=\"Inb\u00e4ddning av MCHS Seminarium och boksl\u00e4pp.\"><\/object><a id=\"wp-block-file--media-c5fb5dcc-a632-433f-be48-2036c414c644\" href=\"https:\/\/sola.kau.se\/folkkyrkansnyaansikten\/wp-content\/uploads\/sites\/541\/2026\/04\/MCHS-Seminarium-och-bokslapp-1.pdf\">MCHS Seminarium och boksl\u00e4pp<\/a><a href=\"https:\/\/sola.kau.se\/folkkyrkansnyaansikten\/wp-content\/uploads\/sites\/541\/2026\/04\/MCHS-Seminarium-och-bokslapp-1.pdf\" class=\"wp-block-file__button wp-element-button\" download aria-describedby=\"wp-block-file--media-c5fb5dcc-a632-433f-be48-2036c414c644\">Ladda ner<\/a><\/div>\n\n\n\n<p><\/p>\n\n\n\n<p><strong>Folkkyrkans nya ansikten &#8211; levd religion, nya andliga praktiker och teologisk legitimitet<\/strong><\/p>\n\n\n\n<p><a href=\"https:\/\/artos.se\/bok\/folkkyrkans-nya-ansikten\/\" data-type=\"link\" data-id=\"https:\/\/artos.se\/bok\/folkkyrkans-nya-ansikten\/\">V\u00e5r bok, utgiven p\u00e5 f\u00f6rlaget Artos Academic<\/a>, analyserar hur nya andliga praktiker formas, tolkas och ges legitimitet inom Svenska kyrkan. Med etnografiskt material, textanalys och teologisk reflektion unders\u00f6ks hur praktikerna ramas in i kyrkliga milj\u00f6er, hur de f\u00f6rst\u00e5s av deltagare, ledare och kyrkoherdar, samt hur de relateras till teologiska traditioner och samtida forskning.<br>Genom begrepp som religi\u00f6s sammanfl\u00e4tning och immanent v\u00e4ndning bidrar boken till forskningen om levd religion och till samtida diskussioner om folkkyrkans former, gr\u00e4nser och sj\u00e4lvf\u00f6rst\u00e5else. Boken v\u00e4nder sig till studenter och forskare inom teologi och religionsvetenskap, liksom till yrkesverksamma inom kyrka och omsorg, och till l\u00e4sare med intresse f\u00f6r religion, kropp och andlighet i dagens samh\u00e4lle.<\/p>\n\n\n\n<p><\/p>\n\n\n\n<p><strong>Gr\u00e4ns\u00f6verskridandet andliga praktiker i Svenska kyrkan<\/strong><\/p>\n\n\n\n<p>Kapitlet diskuterar de nya andliga praktikerna utifr\u00e5n ett teologiskt perspektiv, och hur de \u00e4r en del av en framv\u00e4xande teologi om kroppen. Kapitlet ligger som <a href=\"https:\/\/uu.diva-portal.org\/smash\/get\/diva2:2018376\/FULLTEXT01.pdf\" data-type=\"link\" data-id=\"https:\/\/uu.diva-portal.org\/smash\/get\/diva2:2018376\/FULLTEXT01.pdf\">open access h\u00e4r, bl\u00e4ddra fram till sidorna 135-146<\/a>.<\/p>\n\n\n\n<p><\/p>\n\n\n\n<p><strong>Special Issue: New Spiritual Practices in Nordic Lutheran Churches. <\/strong><\/p>\n\n\n\n<p>Ett helt nummer av den internationella tidskriften Temenos &#8211; Nordic Journal for the Study of Religion \u00e4gnas \u00e5t temat nya andliga praktiker i de nordiska folkkyrkorna. <a href=\"https:\/\/journal.fi\/temenos\/issue\/view\/13231\" data-type=\"link\" data-id=\"https:\/\/journal.fi\/temenos\/issue\/view\/13231\">H\u00e4r finns l\u00e4nk till temanumret.<\/a> Ut\u00f6ver v\u00e5r egen artikel, <a href=\"https:\/\/journal.fi\/temenos\/article\/view\/159800\" data-type=\"link\" data-id=\"https:\/\/journal.fi\/temenos\/article\/view\/159800\">An Immanent Turn in Protestant Spirituality,<\/a> \u00e5terfinns \u00e4ven artiklar som ber\u00f6r soundhealing i Finland och yoga i Norge, Danmark och Finland.<\/p>\n\n\n\n<p><\/p>\n\n\n\n<p><strong>Buddhism in Sweden &#8211; Religious institutions, secular applications, and Christian meditations<\/strong><\/p>\n\n\n\n<p>Kapitlet lyfter frame exempel p\u00e5 hur sekulariserade meditationspraktiker med buddhistiskt ursprung har tagits upp inom Svenska kyrkan, d\u00e4r de sakraliseras och kristianiseras. Detta behandlas inom ramen f\u00f6r ett bredare kapitel om buddhismens n\u00e4rvaro och p\u00e5verkan i Sverige. <a href=\"https:\/\/www.taylorfrancis.com\/chapters\/oa-edit\/10.4324\/9781003529767-2\/buddhism-sweden-katarina-plank?context=ubx&amp;refId=7b739deb-abee-46ac-97af-70a945ab7171\">Kapitlet ligger som open access h\u00e4r.<\/a><\/p>\n\n\n\n<p><\/p>\n\n\n\n<p><strong>Caring for Health, Bodies, and Development<\/strong><\/p>\n\n\n\n<p>I v\u00e5r tredje forskningsartikel fokuserar vi p\u00e5 de som l\u00e4r ut nya andliga praktiker, och vi finner att de holistiska praktikerna ramas in i en omsorgskultur med fokus p\u00e5 kroppsligt och andligt v\u00e4lbefinnande. Artikeln finns att l\u00e4sa i tidskriften <em>Approaching Religion<\/em> vol 14, no 2 (2024) och <a rel=\"noreferrer noopener\" href=\"https:\/\/journal.fi\/ar\/article\/view\/137600\" target=\"_blank\">texten kan l\u00e4sas h\u00e4r.<\/a> <\/p>\n\n\n\n<p><\/p>\n\n\n\n<p><strong>Temanummer: Spiritualitet i kirken, Luthersk kirketidende<\/strong><\/p>\n\n\n\n<p>Vad h\u00e4nder i det skandinaviska kyrkliga landskapet? I ett temanummer om andlighet i lutherska kyrkor medverkar Helene Egnell med artikeln Nya andliga praktiker i Svenska kyrkan. L\u00e4s artikeln p\u00e5 sidorna 10-13. Temanumret finns i sin helhet h\u00e4r nedan.<\/p>\n\n\n\n<div data-wp-interactive=\"core\/file\" class=\"wp-block-file\"><object data-wp-bind--hidden=\"!state.hasPdfPreview\" hidden class=\"wp-block-file__embed\" data=\"https:\/\/sola.kau.se\/folkkyrkansnyaansikten\/wp-content\/uploads\/sites\/541\/2024\/01\/LK-1-2024.pdf\" type=\"application\/pdf\" style=\"width:100%;height:600px\" aria-label=\"Inb\u00e4ddning av LK-1-2024.\"><\/object><a id=\"wp-block-file--media-ffd106a9-d65d-44de-8c7a-25b51f921629\" href=\"https:\/\/sola.kau.se\/folkkyrkansnyaansikten\/wp-content\/uploads\/sites\/541\/2024\/01\/LK-1-2024.pdf\">LK-1-2024<\/a><a href=\"https:\/\/sola.kau.se\/folkkyrkansnyaansikten\/wp-content\/uploads\/sites\/541\/2024\/01\/LK-1-2024.pdf\" class=\"wp-block-file__button wp-element-button\" download aria-describedby=\"wp-block-file--media-ffd106a9-d65d-44de-8c7a-25b51f921629\">Ladda ner<\/a><\/div>\n\n\n\n<p><\/p>\n\n\n\n<p><strong>Hur blev yoga och meditation mainstream i Svenska kyrkan?<\/strong><\/p>\n\n\n\n<p>Den 13 november 2023 medverkade vi vid ett webbinarium hos Institutet f\u00f6r m\u00e5ngreligiositet och sekularitet vid S\u00f6dert\u00f6rns h\u00f6gskola <a href=\"https:\/\/www.youtube.com\/watch?v=oRd-yatEFBM\" data-type=\"URL\" data-id=\"https:\/\/www.youtube.com\/watch?v=oRd-yatEFBM\">H\u00e4r finns hela presentationen. <\/a><\/p>\n\n\n\n<p><\/p>\n\n\n\n<p><strong>Meditation and other new spiritual practices in the Church of Sweden<\/strong><\/p>\n\n\n\n<p>I antologin <em>Eastern Practices and Nordic Bodies<\/em> (utgiven h\u00f6sten 2023 p\u00e5 Palgrave) medverkar vi med ett kapitel om olika meditationspraktiker i Svenska kyrkan. <a href=\"https:\/\/link.springer.com\/chapter\/10.1007\/978-3-031-38118-8_10\" data-type=\"URL\" data-id=\"https:\/\/link.springer.com\/chapter\/10.1007\/978-3-031-38118-8_10\">Texten kan l\u00e4sas i sin helhet h\u00e4r.<\/a><\/p>\n\n\n\n<p><\/p>\n\n\n\n<p><strong>Nya andliga praktiker i Svenska kyrkan &#8211; fr\u00e5n exklusiva retreatmilj\u00f6er till kyrklig vardagspraktik<\/strong><\/p>\n\n\n\n<p>En f\u00f6rsta artikel fr\u00e5n projektet publicerades i <em>Svensk Teologisk Kvarttalskrift<\/em>, Vol 99, Nr 3, h\u00f6sten 2023. <a href=\"https:\/\/journals.lub.lu.se\/STK\/article\/view\/25383\" data-type=\"URL\" data-id=\"https:\/\/journals.lub.lu.se\/STK\/article\/view\/25383\">Hela artikeln kan l\u00e4sas h\u00e4<\/a>r.<\/p>\n\n\n\n<p><\/p>\n\n\n\n<p><\/p>\n","protected":false},"excerpt":{"rendered":"<p>Seminarium och boksl\u00e4pp 24 april 2026 H\u00e4r \u00e4r den PPT som vi visade under seminariet och boksl\u00e4ppet vid Marie Cederski\u00f6lds h\u00f6gskola, d\u00e4r vi presenterade projektets resultat. Folkkyrkans nya ansikten &#8211; levd religion, nya andliga praktiker och teologisk legitimitet V\u00e5r bok, utgiven p\u00e5 f\u00f6rlaget Artos Academic, analyserar hur nya andliga praktiker formas, tolkas och ges legitimitet &hellip; <\/p>\n<p class=\"link-more\"><a href=\"https:\/\/sola.kau.se\/folkkyrkansnyaansikten\/publikationer\/\" class=\"more-link\">Forts\u00e4tt l\u00e4sa<span class=\"screen-reader-text\"> \u201dPublikationer\u201d<\/span><\/a><\/p>\n","protected":false},"author":660,"featured_media":0,"parent":0,"menu_order":0,"comment_status":"closed","ping_status":"closed","template":"","meta":{"footnotes":""},"class_list":["post-74","page","type-page","status-publish","hentry"],"_links":{"self":[{"href":"https:\/\/sola.kau.se\/folkkyrkansnyaansikten\/wp-json\/wp\/v2\/pages\/74","targetHints":{"allow":["GET"]}}],"collection":[{"href":"https:\/\/sola.kau.se\/folkkyrkansnyaansikten\/wp-json\/wp\/v2\/pages"}],"about":[{"href":"https:\/\/sola.kau.se\/folkkyrkansnyaansikten\/wp-json\/wp\/v2\/types\/page"}],"author":[{"embeddable":true,"href":"https:\/\/sola.kau.se\/folkkyrkansnyaansikten\/wp-json\/wp\/v2\/users\/660"}],"replies":[{"embeddable":true,"href":"https:\/\/sola.kau.se\/folkkyrkansnyaansikten\/wp-json\/wp\/v2\/comments?post=74"}],"version-history":[{"count":12,"href":"https:\/\/sola.kau.se\/folkkyrkansnyaansikten\/wp-json\/wp\/v2\/pages\/74\/revisions"}],"predecessor-version":[{"id":126,"href":"https:\/\/sola.kau.se\/folkkyrkansnyaansikten\/wp-json\/wp\/v2\/pages\/74\/revisions\/126"}],"wp:attachment":[{"href":"https:\/\/sola.kau.se\/folkkyrkansnyaansikten\/wp-json\/wp\/v2\/media?parent=74"}],"curies":[{"name":"wp","href":"https:\/\/api.w.org\/{rel}","templated":true}]}}