 {"id":4,"date":"2023-08-23T14:07:21","date_gmt":"2023-08-23T14:07:21","guid":{"rendered":"https:\/\/sola.kau.se\/forskningomyrkesutbildningochyrkeslararutbildning\/forskning-om-yrkeslutbildning-och-yrkeslararutbildning\/"},"modified":"2026-03-30T13:08:25","modified_gmt":"2026-03-30T13:08:25","slug":"forskning-om-yrkeslutbildning-och-yrkeslararutbildning","status":"publish","type":"page","link":"https:\/\/sola.kau.se\/forskningomyrkesutbildningochyrkeslararutbildning\/forskning-om-yrkeslutbildning-och-yrkeslararutbildning\/","title":{"rendered":"Seminarier"},"content":{"rendered":"<div class=\"bold\"><\/div>\n<div class=\"bold\">\n<p><strong style=\"color: #222222;font-family: 'Playfair Display', Georgia, serif;font-size: 1.5em\">KOMMANDE GEMENSAMMA AKTIVITETER<\/strong><\/p>\n<\/div>\n<h5>Programmet uppdateras l\u00f6pande<\/h5>\n<div>\n<div class=\"x_elementToProof\"><span style=\"color: #222222;font-family: 'Playfair Display', Georgia, serif;font-size: 1.5em;font-weight: bold\">V\u00c5REN 2026<\/span><\/div>\n<div class=\"x_elementToProof\">\n<p>Vi forts\u00e4tter med temat <em><strong>Yrkesdidaktik och yrkes\u00e4mnesdidaktik<\/strong><\/em> vid v\u00e5ra tr\u00e4ffar p\u00e5 Kau, men har ocks\u00e5 tv\u00e5 tillf\u00e4llen med inbjudna g\u00e4ster d\u00e4r det g\u00e5r att delta via zoom (kontakta annelie.andersen[@]kau.se f\u00f6r l\u00e4nk)<\/p>\n<\/div>\n<p><strong>Tisdag 14 april <\/strong>\u00a0kl. 13- 16 . D410 Seminariebehandling forskningsans\u00f6kning(ar).<\/p>\n<p><strong>Tisdag 12 maj <\/strong>\u00a0kl. 13-14.30\u00a0 3D410\/zoom &#8211; <span data-olk-copy-source=\"MessageBody\">Sigrun Saur Stiklestad kommer och presenterar sin forskning om nyanl\u00e4nda i yrkesutbildningar.<\/span><\/p>\n<h3>H\u00d6STEN 2026<\/h3>\n<p><strong>Tisdag 29 september <\/strong>\u00a0kl. 13-15\u00a0 Slutseminarium Jan Axelsson. Mer information kommer!<\/p>\n<p>Fler datum kommer&#8230;<\/p>\n<\/div>\n<div>\n<p><span style=\"color: #222222;font-family: 'Playfair Display', Georgia, serif;font-size: 1.25em;font-weight: bold\">OM SEMINARIET<\/span><\/p>\n<\/div>\n<p>RIVER-seminariet vid Karlstads universitet samlar forskare, doktorander, l\u00e4rarutbildare och verksamma l\u00e4rare med intresse f\u00f6r forskning om olika aspekter av yrkesutbildning och yrkesl\u00e4rarutbildning. Syftet \u00e4r att dela och diskutera forskning inom f\u00e4ltet f\u00f6r att p\u00e5 s\u00e5 vis b\u00e4ttre f\u00f6rankra dessa utbildningar i forskning<\/p>\n<p><strong>NYFIKEN P\u00c5 ATT DELTA?<\/strong><\/p>\n<p>Anm\u00e4l dig till annelie.andersen[@]kau.se f\u00f6r att komma med p\u00e5 gruppens e-post-lista f\u00f6r ytterligare information och Zooml\u00e4nkar.<\/p>\n","protected":false},"excerpt":{"rendered":"<p>KOMMANDE GEMENSAMMA AKTIVITETER Programmet uppdateras l\u00f6pande V\u00c5REN 2026 Vi forts\u00e4tter med temat Yrkesdidaktik och yrkes\u00e4mnesdidaktik vid v\u00e5ra tr\u00e4ffar p\u00e5 Kau, men har ocks\u00e5 tv\u00e5 tillf\u00e4llen med inbjudna g\u00e4ster d\u00e4r det g\u00e5r att delta via zoom (kontakta annelie.andersen[@]kau.se f\u00f6r l\u00e4nk) Tisdag 14 april \u00a0kl. 13- 16 . D410 Seminariebehandling forskningsans\u00f6kning(ar). Tisdag 12 maj \u00a0kl. 13-14.30\u00a0 3D410\/zoom [&hellip;]<\/p>\n","protected":false},"author":108,"featured_media":138,"parent":0,"menu_order":0,"comment_status":"closed","ping_status":"closed","template":"","meta":{"footnotes":""},"class_list":["post-4","page","type-page","status-publish","has-post-thumbnail","hentry"],"_links":{"self":[{"href":"https:\/\/sola.kau.se\/forskningomyrkesutbildningochyrkeslararutbildning\/wp-json\/wp\/v2\/pages\/4","targetHints":{"allow":["GET"]}}],"collection":[{"href":"https:\/\/sola.kau.se\/forskningomyrkesutbildningochyrkeslararutbildning\/wp-json\/wp\/v2\/pages"}],"about":[{"href":"https:\/\/sola.kau.se\/forskningomyrkesutbildningochyrkeslararutbildning\/wp-json\/wp\/v2\/types\/page"}],"author":[{"embeddable":true,"href":"https:\/\/sola.kau.se\/forskningomyrkesutbildningochyrkeslararutbildning\/wp-json\/wp\/v2\/users\/108"}],"replies":[{"embeddable":true,"href":"https:\/\/sola.kau.se\/forskningomyrkesutbildningochyrkeslararutbildning\/wp-json\/wp\/v2\/comments?post=4"}],"version-history":[{"count":53,"href":"https:\/\/sola.kau.se\/forskningomyrkesutbildningochyrkeslararutbildning\/wp-json\/wp\/v2\/pages\/4\/revisions"}],"predecessor-version":[{"id":603,"href":"https:\/\/sola.kau.se\/forskningomyrkesutbildningochyrkeslararutbildning\/wp-json\/wp\/v2\/pages\/4\/revisions\/603"}],"wp:featuredmedia":[{"embeddable":true,"href":"https:\/\/sola.kau.se\/forskningomyrkesutbildningochyrkeslararutbildning\/wp-json\/wp\/v2\/media\/138"}],"wp:attachment":[{"href":"https:\/\/sola.kau.se\/forskningomyrkesutbildningochyrkeslararutbildning\/wp-json\/wp\/v2\/media?parent=4"}],"curies":[{"name":"wp","href":"https:\/\/api.w.org\/{rel}","templated":true}]}}