 {"id":128,"date":"2022-02-07T10:51:48","date_gmt":"2022-02-07T10:51:48","guid":{"rendered":"https:\/\/sola.kau.se\/forskolansnickarn\/?page_id=128"},"modified":"2022-02-10T09:54:48","modified_gmt":"2022-02-10T09:54:48","slug":"jobba-hos-oss","status":"publish","type":"page","link":"https:\/\/sola.kau.se\/forskolansnickarn\/jobba-hos-oss\/","title":{"rendered":"Jobba hos oss"},"content":{"rendered":"\n<p>\u00c4r du sugen p\u00e5 att s\u00f6ka ett jobb hos oss, skicka ett mejl med ditt CV och ett personligt brev samt bifoga belastningsregister.<\/p>\n\n\n\n<p>  <\/p>\n\n\n\n<p>Mail:&nbsp;<a href=\"mailto:Personalkooperativetsnickarn@arvika.se\">Personalkooperativetsnickarn@arvika.se<\/a><\/p>\n\n\n\n<p>Telefon: 0570 12345<\/p>\n","protected":false},"excerpt":{"rendered":"<p>\u00c4r du sugen p\u00e5 att s\u00f6ka ett jobb hos oss, skicka ett mejl med ditt CV och ett personligt brev samt bifoga belastningsregister. Mail:&nbsp;Personalkooperativetsnickarn@arvika.se Telefon: 0570 12345<\/p>\n","protected":false},"author":1567,"featured_media":0,"parent":0,"menu_order":0,"comment_status":"closed","ping_status":"closed","template":"","meta":{"footnotes":""},"class_list":["post-128","page","type-page","status-publish","hentry","post-preview"],"_links":{"self":[{"href":"https:\/\/sola.kau.se\/forskolansnickarn\/wp-json\/wp\/v2\/pages\/128","targetHints":{"allow":["GET"]}}],"collection":[{"href":"https:\/\/sola.kau.se\/forskolansnickarn\/wp-json\/wp\/v2\/pages"}],"about":[{"href":"https:\/\/sola.kau.se\/forskolansnickarn\/wp-json\/wp\/v2\/types\/page"}],"author":[{"embeddable":true,"href":"https:\/\/sola.kau.se\/forskolansnickarn\/wp-json\/wp\/v2\/users\/1567"}],"replies":[{"embeddable":true,"href":"https:\/\/sola.kau.se\/forskolansnickarn\/wp-json\/wp\/v2\/comments?post=128"}],"version-history":[{"count":4,"href":"https:\/\/sola.kau.se\/forskolansnickarn\/wp-json\/wp\/v2\/pages\/128\/revisions"}],"predecessor-version":[{"id":221,"href":"https:\/\/sola.kau.se\/forskolansnickarn\/wp-json\/wp\/v2\/pages\/128\/revisions\/221"}],"wp:attachment":[{"href":"https:\/\/sola.kau.se\/forskolansnickarn\/wp-json\/wp\/v2\/media?parent=128"}],"curies":[{"name":"wp","href":"https:\/\/api.w.org\/{rel}","templated":true}]}}