 {"id":131,"date":"2022-02-07T10:52:01","date_gmt":"2022-02-07T10:52:01","guid":{"rendered":"https:\/\/sola.kau.se\/forskolansnickarn\/?page_id=131"},"modified":"2022-05-16T18:22:58","modified_gmt":"2022-05-16T18:22:58","slug":"vi-soker-rektor","status":"publish","type":"page","link":"https:\/\/sola.kau.se\/forskolansnickarn\/vi-soker-rektor\/","title":{"rendered":"Erfaren rektor s\u00f6kes till f\u00f6rskola"},"content":{"rendered":"\n<p><strong>Erfaren rektor s\u00f6kes till f\u00f6rskola<\/strong><\/p>\n\n\n\n<p><\/p>\n\n\n\n<p><strong>Om arbetsplatsen<\/strong><\/p>\n\n\n\n<p>V\u00e4lkomna att s\u00f6ka jobb som rektor p\u00e5 f\u00f6rskolan Snickarn!&nbsp;<\/p>\n\n\n\n<p>Nu s\u00f6ker vi dig som har stora dr\u00f6mmar och visioner till en vacker naturn\u00e4ra f\u00f6rskola i utkanten av Arvika. Vi s\u00f6ker en rektor med vilja och h\u00f6g ambition att leda v\u00e5r f\u00f6rskola mot framtiden med god k\u00e4nnedom om uppdraget och god f\u00f6rm\u00e5ga att leda och utvecklas tillsammans med oss inom verksamheten.<\/p>\n\n\n\n<p>Om f\u00f6rskolan snickarn:<\/p>\n\n\n\n<p>H\u00e4r finns det tv\u00e5 avdelningar med tv\u00e5 f\u00f6rskoll\u00e4rare och en barnsk\u00f6tare i respektive arbetslag. Vi har \u00e4ven 1 \u00f6veranst\u00e4llning som g\u00e5r mellan avdelningarna f\u00f6r att minimera vikarier, skapa tid f\u00f6r planering och skapa trygghet i barngrupperna, denne \u00e4r i dagsl\u00e4get en barnsk\u00f6tare.<\/p>\n\n\n\n<p>F\u00f6rskolan har \u00e4ven en specialpedagog som har ett \u00f6vergripande ansvar att se \u00f6ver rutiner och st\u00f6dja arbetslagen f\u00f6r att skapa f\u00f6ruts\u00e4ttning f\u00f6r alla barns r\u00e4tt till lek och utveckling.&nbsp;<\/p>\n\n\n\n<p>V\u00e5ra inomhusmilj\u00f6er \u00e4r inspirerade av Reggio Emilia d\u00e4r milj\u00f6n \u00e4r anpassad f\u00f6r att skapa m\u00f6jlighet med tillg\u00e4nglighet och kreativitet i fokus.<\/p>\n\n\n\n<p><strong>Kvalifikationer<\/strong><\/p>\n\n\n\n<p>Du ska ha en pedagogisk utbildning eller annan utbildning som arbetsgivaren bed\u00f6mer likv\u00e4rdig. Erfarenhet som rektor \u00e4r \u00f6nskv\u00e4rt men annan relevant erfarenhet premieras ocks\u00e5.<\/p>\n\n\n\n<p><strong>Anst\u00e4llningens omfattning<\/strong><\/p>\n\n\n\n<p>Omfattning: Heltid<\/p>\n\n\n\n<p>75% administrativt<\/p>\n\n\n\n<p>25% i barngrupp<\/p>\n\n\n\n<p>Anst\u00e4llningsform: 6 m\u00e5naders provanst\u00e4llning med m\u00f6jlighet till f\u00f6rl\u00e4ngning<\/p>\n\n\n\n<p>Tilltr\u00e4de: Snarast<\/p>\n\n\n\n<p>Vi till\u00e4mpar l\u00f6n enligt \u00f6verenskommelse.<\/p>\n\n\n\n<p><strong>Ans\u00f6kan<\/strong><\/p>\n\n\n\n<p>Ans\u00f6kan sker via mejl inneh\u00e5llande CV, Personligt brev samt utdrag fr\u00e5n belastningsregister.<\/p>\n\n\n\n<p>Ange referensnummer: 1234567<\/p>\n\n\n\n<p>Sista ans\u00f6kningsdatum: 2021-06-06<\/p>\n\n\n\n<p><strong>Kontakt<\/strong><\/p>\n\n\n\n<p>Kontaktperson: Personalkooperativet Snickarn<\/p>\n\n\n\n<p>Skogsgl\u00e4ntan 1<\/p>\n\n\n\n<p>671 93 Arvika<\/p>\n\n\n\n<p>Mail: <a href=\"mailto:Personalkooperativetsnickarn@arvika.se\">Personalkooperativetsnickarn@arvika.se<\/a><\/p>\n\n\n\n<p>Telefon: 057012345<\/p>\n","protected":false},"excerpt":{"rendered":"<p>Erfaren rektor s\u00f6kes till f\u00f6rskola Om arbetsplatsen V\u00e4lkomna att s\u00f6ka jobb som rektor p\u00e5 f\u00f6rskolan Snickarn!&nbsp; Nu s\u00f6ker vi dig som har stora dr\u00f6mmar och visioner till en vacker naturn\u00e4ra f\u00f6rskola i utkanten av Arvika. Vi s\u00f6ker en rektor med vilja och h\u00f6g ambition att leda v\u00e5r f\u00f6rskola mot framtiden med god k\u00e4nnedom om uppdraget [&hellip;]<\/p>\n","protected":false},"author":1567,"featured_media":24,"parent":0,"menu_order":0,"comment_status":"closed","ping_status":"closed","template":"","meta":{"footnotes":""},"class_list":["post-131","page","type-page","status-publish","has-post-thumbnail","hentry","post-preview"],"_links":{"self":[{"href":"https:\/\/sola.kau.se\/forskolansnickarn\/wp-json\/wp\/v2\/pages\/131","targetHints":{"allow":["GET"]}}],"collection":[{"href":"https:\/\/sola.kau.se\/forskolansnickarn\/wp-json\/wp\/v2\/pages"}],"about":[{"href":"https:\/\/sola.kau.se\/forskolansnickarn\/wp-json\/wp\/v2\/types\/page"}],"author":[{"embeddable":true,"href":"https:\/\/sola.kau.se\/forskolansnickarn\/wp-json\/wp\/v2\/users\/1567"}],"replies":[{"embeddable":true,"href":"https:\/\/sola.kau.se\/forskolansnickarn\/wp-json\/wp\/v2\/comments?post=131"}],"version-history":[{"count":4,"href":"https:\/\/sola.kau.se\/forskolansnickarn\/wp-json\/wp\/v2\/pages\/131\/revisions"}],"predecessor-version":[{"id":367,"href":"https:\/\/sola.kau.se\/forskolansnickarn\/wp-json\/wp\/v2\/pages\/131\/revisions\/367"}],"wp:featuredmedia":[{"embeddable":true,"href":"https:\/\/sola.kau.se\/forskolansnickarn\/wp-json\/wp\/v2\/media\/24"}],"wp:attachment":[{"href":"https:\/\/sola.kau.se\/forskolansnickarn\/wp-json\/wp\/v2\/media?parent=131"}],"curies":[{"name":"wp","href":"https:\/\/api.w.org\/{rel}","templated":true}]}}