 {"id":165,"date":"2022-02-09T08:40:14","date_gmt":"2022-02-09T08:40:14","guid":{"rendered":"https:\/\/sola.kau.se\/forskolansnickarn\/?page_id=165"},"modified":"2022-05-10T18:35:26","modified_gmt":"2022-05-10T18:35:26","slug":"digitalisering","status":"publish","type":"page","link":"https:\/\/sola.kau.se\/forskolansnickarn\/digitalisering\/","title":{"rendered":"Digitalisering"},"content":{"rendered":"\n<p>P\u00e5 v\u00e5r f\u00f6rskola arbetar vi aktivt med digitala verktyg f\u00f6r att f\u00f6rbereda era barn f\u00f6r den digitala v\u00e4rld de kliver in i. <\/p>\n\n\n\n<p>N\u00e5gra av de digitala verktyg vi anv\u00e4nder oss utav \u00e4r:<\/p>\n\n\n\n<p><a href=\"https:\/\/www.lekolar.se\/sortiment\/lara\/programmering\/robotar\/blue-bot\/\">Blue-bot med tillbeh\u00f6r<\/a><\/p>\n\n\n\n<p><a href=\"https:\/\/www.youtube.com\/watch?v=G52NCJjcF3g&amp;ab_channel=Skolutvecklarna\">Greenscreen<\/a><\/p>\n\n\n\n<p>Projektor<\/p>\n\n\n\n<p><a href=\"https:\/\/makeymakey.com\/\">Makey Makey<\/a><\/p>\n\n\n\n<p>Ljusrum med ljusbord och ljuskuber, skuggteater bland annat<\/p>\n\n\n\n<p><a href=\"https:\/\/sphero.com\/\">sphero<\/a><\/p>\n\n\n\n<figure class=\"wp-block-gallery has-nested-images columns-default is-cropped wp-block-gallery-1 is-layout-flex wp-block-gallery-is-layout-flex\">\n<figure class=\"wp-block-image size-large\"><img loading=\"lazy\" decoding=\"async\" width=\"1024\" height=\"768\" data-id=\"351\" src=\"https:\/\/sola.kau.se\/forskolansnickarn\/wp-content\/uploads\/sites\/584\/2022\/05\/273061426_1114819639306542_5519562844606982137_n-1024x768.jpg\" alt=\"\" class=\"wp-image-351\" srcset=\"https:\/\/sola.kau.se\/forskolansnickarn\/wp-content\/uploads\/sites\/584\/2022\/05\/273061426_1114819639306542_5519562844606982137_n-1024x768.jpg 1024w, https:\/\/sola.kau.se\/forskolansnickarn\/wp-content\/uploads\/sites\/584\/2022\/05\/273061426_1114819639306542_5519562844606982137_n-300x225.jpg 300w, https:\/\/sola.kau.se\/forskolansnickarn\/wp-content\/uploads\/sites\/584\/2022\/05\/273061426_1114819639306542_5519562844606982137_n-768x576.jpg 768w, https:\/\/sola.kau.se\/forskolansnickarn\/wp-content\/uploads\/sites\/584\/2022\/05\/273061426_1114819639306542_5519562844606982137_n-1536x1152.jpg 1536w, https:\/\/sola.kau.se\/forskolansnickarn\/wp-content\/uploads\/sites\/584\/2022\/05\/273061426_1114819639306542_5519562844606982137_n-676x507.jpg 676w, https:\/\/sola.kau.se\/forskolansnickarn\/wp-content\/uploads\/sites\/584\/2022\/05\/273061426_1114819639306542_5519562844606982137_n.jpg 2048w\" sizes=\"auto, (max-width: 1024px) 100vw, 1024px\" \/><\/figure>\n\n\n\n<figure class=\"wp-block-image size-large\"><img loading=\"lazy\" decoding=\"async\" width=\"1024\" height=\"768\" data-id=\"349\" src=\"https:\/\/sola.kau.se\/forskolansnickarn\/wp-content\/uploads\/sites\/584\/2022\/05\/273083122_962738414351460_645029079587502076_n-1-1024x768.jpg\" alt=\"\" class=\"wp-image-349\" srcset=\"https:\/\/sola.kau.se\/forskolansnickarn\/wp-content\/uploads\/sites\/584\/2022\/05\/273083122_962738414351460_645029079587502076_n-1-1024x768.jpg 1024w, https:\/\/sola.kau.se\/forskolansnickarn\/wp-content\/uploads\/sites\/584\/2022\/05\/273083122_962738414351460_645029079587502076_n-1-300x225.jpg 300w, https:\/\/sola.kau.se\/forskolansnickarn\/wp-content\/uploads\/sites\/584\/2022\/05\/273083122_962738414351460_645029079587502076_n-1-768x576.jpg 768w, https:\/\/sola.kau.se\/forskolansnickarn\/wp-content\/uploads\/sites\/584\/2022\/05\/273083122_962738414351460_645029079587502076_n-1-1536x1152.jpg 1536w, https:\/\/sola.kau.se\/forskolansnickarn\/wp-content\/uploads\/sites\/584\/2022\/05\/273083122_962738414351460_645029079587502076_n-1-676x507.jpg 676w, https:\/\/sola.kau.se\/forskolansnickarn\/wp-content\/uploads\/sites\/584\/2022\/05\/273083122_962738414351460_645029079587502076_n-1.jpg 2048w\" sizes=\"auto, (max-width: 1024px) 100vw, 1024px\" \/><\/figure>\n\n\n\n<figure class=\"wp-block-image size-large\"><img loading=\"lazy\" decoding=\"async\" width=\"768\" height=\"1024\" data-id=\"350\" src=\"https:\/\/sola.kau.se\/forskolansnickarn\/wp-content\/uploads\/sites\/584\/2022\/05\/273162959_316447670300038_6705553701977184053_n-768x1024.jpg\" alt=\"\" class=\"wp-image-350\" srcset=\"https:\/\/sola.kau.se\/forskolansnickarn\/wp-content\/uploads\/sites\/584\/2022\/05\/273162959_316447670300038_6705553701977184053_n-768x1024.jpg 768w, https:\/\/sola.kau.se\/forskolansnickarn\/wp-content\/uploads\/sites\/584\/2022\/05\/273162959_316447670300038_6705553701977184053_n-225x300.jpg 225w, https:\/\/sola.kau.se\/forskolansnickarn\/wp-content\/uploads\/sites\/584\/2022\/05\/273162959_316447670300038_6705553701977184053_n-1152x1536.jpg 1152w, https:\/\/sola.kau.se\/forskolansnickarn\/wp-content\/uploads\/sites\/584\/2022\/05\/273162959_316447670300038_6705553701977184053_n-676x901.jpg 676w, https:\/\/sola.kau.se\/forskolansnickarn\/wp-content\/uploads\/sites\/584\/2022\/05\/273162959_316447670300038_6705553701977184053_n.jpg 1536w\" sizes=\"auto, (max-width: 768px) 100vw, 768px\" \/><\/figure>\n<\/figure>\n","protected":false},"excerpt":{"rendered":"<p>P\u00e5 v\u00e5r f\u00f6rskola arbetar vi aktivt med digitala verktyg f\u00f6r att f\u00f6rbereda era barn f\u00f6r den digitala v\u00e4rld de kliver in i. N\u00e5gra av de digitala verktyg vi anv\u00e4nder oss utav \u00e4r: Blue-bot med tillbeh\u00f6r Greenscreen Projektor Makey Makey Ljusrum med ljusbord och ljuskuber, skuggteater bland annat sphero<\/p>\n","protected":false},"author":1567,"featured_media":0,"parent":0,"menu_order":0,"comment_status":"closed","ping_status":"closed","template":"","meta":{"footnotes":""},"class_list":["post-165","page","type-page","status-publish","hentry","post-preview"],"_links":{"self":[{"href":"https:\/\/sola.kau.se\/forskolansnickarn\/wp-json\/wp\/v2\/pages\/165","targetHints":{"allow":["GET"]}}],"collection":[{"href":"https:\/\/sola.kau.se\/forskolansnickarn\/wp-json\/wp\/v2\/pages"}],"about":[{"href":"https:\/\/sola.kau.se\/forskolansnickarn\/wp-json\/wp\/v2\/types\/page"}],"author":[{"embeddable":true,"href":"https:\/\/sola.kau.se\/forskolansnickarn\/wp-json\/wp\/v2\/users\/1567"}],"replies":[{"embeddable":true,"href":"https:\/\/sola.kau.se\/forskolansnickarn\/wp-json\/wp\/v2\/comments?post=165"}],"version-history":[{"count":5,"href":"https:\/\/sola.kau.se\/forskolansnickarn\/wp-json\/wp\/v2\/pages\/165\/revisions"}],"predecessor-version":[{"id":352,"href":"https:\/\/sola.kau.se\/forskolansnickarn\/wp-json\/wp\/v2\/pages\/165\/revisions\/352"}],"wp:attachment":[{"href":"https:\/\/sola.kau.se\/forskolansnickarn\/wp-json\/wp\/v2\/media?parent=165"}],"curies":[{"name":"wp","href":"https:\/\/api.w.org\/{rel}","templated":true}]}}