 {"id":257,"date":"2022-02-14T13:31:55","date_gmt":"2022-02-14T13:31:55","guid":{"rendered":"https:\/\/sola.kau.se\/forskolansnickarn\/?page_id=257"},"modified":"2022-05-11T09:00:34","modified_gmt":"2022-05-11T09:00:34","slug":"trygghetscirkeln","status":"publish","type":"page","link":"https:\/\/sola.kau.se\/forskolansnickarn\/trygghetscirkeln\/","title":{"rendered":"Trygghetscirkeln"},"content":{"rendered":"\n<p>Vi str\u00e4var efter en trygg bas och en trygg hamn d\u00e4r vi trycker p\u00e5 att barnen ska k\u00e4nna sig delaktiga, bli h\u00f6rda och sedda. <\/p>\n\n\n\n<p>Vi har ett Snickarnr\u00e5d som inneb\u00e4r att 5\u00e5ringarna p\u00e5 avdelningarna f\u00e5r tillsammans med en personal fr\u00e5n varje avdelning tycka till om utbildningen och g\u00f6ra skillnad. <\/p>\n\n\n\n<p> Vi har i f\u00f6rskolan skyldighet att g\u00f6ra orosanm\u00e4lan vid misstanke av att barn far illa. Ni kan l\u00e4sa mer <a href=\"https:\/\/www.socialstyrelsen.se\/kunskapsstod-och-regler\/omraden\/barn-och-unga\/barn-som-far-illa\/\">h\u00e4r<\/a>!<\/p>\n\n\n\n<p>Vi p\u00e5 f\u00f6rskolan finns som ett st\u00f6d vid behov och guidning utifr\u00e5n barnets b\u00e4sta. Vi i personalen finns att svara p\u00e5 fr\u00e5gor och hj\u00e4lp vid behov.<\/p>\n\n\n\n<p>Bra kontakter:<\/p>\n\n\n\n<p>Elevh\u00e4lsoteam &#8211; 0570-124 56<\/p>\n\n\n\n<p>Komet &#8211; 074-78 45 693<\/p>\n\n\n\n<p>Barnpsykolog &#8211; 076-45 12 123<\/p>\n\n\n\n<p>Kurator &#8211; 070-00 11 223<\/p>\n\n\n\n<p>B<a href=\"https:\/\/www.1177.se\/Varmland\/hitta-vard\/kontaktkort\/Barnavardscentralen-vardcentralen-Verkstaden-Arvika\/\">VC &#8211; 0570-71 26 00<\/a><\/p>\n\n\n\n<p><\/p>\n\n\n\n<p><a href=\"https:\/\/kvinnojoureneva.wordpress.com\/\" target=\"_blank\" rel=\"noreferrer noopener\">Kvinnojouren Arvika- Eda <\/a><\/p>\n\n\n\n<figure class=\"wp-block-image size-full is-resized\"><a href=\"https:\/\/www.karlstadskvinnojour.se\/\" target=\"_blank\" rel=\"noopener\"><img loading=\"lazy\" decoding=\"async\" src=\"https:\/\/sola.kau.se\/forskolansnickarn\/wp-content\/uploads\/sites\/584\/2022\/05\/kvin-logo-stor.png\" alt=\"\" class=\"wp-image-327\" width=\"162\" height=\"49\" srcset=\"https:\/\/sola.kau.se\/forskolansnickarn\/wp-content\/uploads\/sites\/584\/2022\/05\/kvin-logo-stor.png 778w, https:\/\/sola.kau.se\/forskolansnickarn\/wp-content\/uploads\/sites\/584\/2022\/05\/kvin-logo-stor-300x90.png 300w, https:\/\/sola.kau.se\/forskolansnickarn\/wp-content\/uploads\/sites\/584\/2022\/05\/kvin-logo-stor-768x231.png 768w, https:\/\/sola.kau.se\/forskolansnickarn\/wp-content\/uploads\/sites\/584\/2022\/05\/kvin-logo-stor-676x203.png 676w\" sizes=\"auto, (max-width: 162px) 100vw, 162px\" \/><\/a><\/figure>\n\n\n\n<p><\/p>\n","protected":false},"excerpt":{"rendered":"<p>Vi str\u00e4var efter en trygg bas och en trygg hamn d\u00e4r vi trycker p\u00e5 att barnen ska k\u00e4nna sig delaktiga, bli h\u00f6rda och sedda. Vi har ett Snickarnr\u00e5d som inneb\u00e4r att 5\u00e5ringarna p\u00e5 avdelningarna f\u00e5r tillsammans med en personal fr\u00e5n varje avdelning tycka till om utbildningen och g\u00f6ra skillnad. Vi har i f\u00f6rskolan skyldighet att [&hellip;]<\/p>\n","protected":false},"author":1567,"featured_media":0,"parent":0,"menu_order":0,"comment_status":"closed","ping_status":"closed","template":"","meta":{"footnotes":""},"class_list":["post-257","page","type-page","status-publish","hentry","post-preview"],"_links":{"self":[{"href":"https:\/\/sola.kau.se\/forskolansnickarn\/wp-json\/wp\/v2\/pages\/257","targetHints":{"allow":["GET"]}}],"collection":[{"href":"https:\/\/sola.kau.se\/forskolansnickarn\/wp-json\/wp\/v2\/pages"}],"about":[{"href":"https:\/\/sola.kau.se\/forskolansnickarn\/wp-json\/wp\/v2\/types\/page"}],"author":[{"embeddable":true,"href":"https:\/\/sola.kau.se\/forskolansnickarn\/wp-json\/wp\/v2\/users\/1567"}],"replies":[{"embeddable":true,"href":"https:\/\/sola.kau.se\/forskolansnickarn\/wp-json\/wp\/v2\/comments?post=257"}],"version-history":[{"count":6,"href":"https:\/\/sola.kau.se\/forskolansnickarn\/wp-json\/wp\/v2\/pages\/257\/revisions"}],"predecessor-version":[{"id":358,"href":"https:\/\/sola.kau.se\/forskolansnickarn\/wp-json\/wp\/v2\/pages\/257\/revisions\/358"}],"wp:attachment":[{"href":"https:\/\/sola.kau.se\/forskolansnickarn\/wp-json\/wp\/v2\/media?parent=257"}],"curies":[{"name":"wp","href":"https:\/\/api.w.org\/{rel}","templated":true}]}}