 {"id":263,"date":"2022-03-07T08:04:28","date_gmt":"2022-03-07T08:04:28","guid":{"rendered":"https:\/\/sola.kau.se\/forskolansnickarn\/?page_id=263"},"modified":"2022-03-10T09:53:12","modified_gmt":"2022-03-10T09:53:12","slug":"systematiskt-kvalitetsarbete","status":"publish","type":"page","link":"https:\/\/sola.kau.se\/forskolansnickarn\/systematiskt-kvalitetsarbete\/","title":{"rendered":"Systematiskt Kvalitetsarbete och trygghetsplan"},"content":{"rendered":"\n<figure class=\"wp-block-image size-large\"><img loading=\"lazy\" decoding=\"async\" width=\"1024\" height=\"730\" src=\"https:\/\/sola.kau.se\/forskolansnickarn\/wp-content\/uploads\/sites\/584\/2022\/03\/Skarmbild-2022-03-10-103026-1024x730.png\" alt=\"\" class=\"wp-image-271\" srcset=\"https:\/\/sola.kau.se\/forskolansnickarn\/wp-content\/uploads\/sites\/584\/2022\/03\/Skarmbild-2022-03-10-103026-1024x730.png 1024w, https:\/\/sola.kau.se\/forskolansnickarn\/wp-content\/uploads\/sites\/584\/2022\/03\/Skarmbild-2022-03-10-103026-300x214.png 300w, https:\/\/sola.kau.se\/forskolansnickarn\/wp-content\/uploads\/sites\/584\/2022\/03\/Skarmbild-2022-03-10-103026-768x548.png 768w, https:\/\/sola.kau.se\/forskolansnickarn\/wp-content\/uploads\/sites\/584\/2022\/03\/Skarmbild-2022-03-10-103026-676x482.png 676w, https:\/\/sola.kau.se\/forskolansnickarn\/wp-content\/uploads\/sites\/584\/2022\/03\/Skarmbild-2022-03-10-103026.png 1063w\" sizes=\"auto, (max-width: 1024px) 100vw, 1024px\" \/><figcaption>V\u00e5rt \u00e5rshjul vi arbetar utifr\u00e5n<\/figcaption><\/figure>\n\n\n\n<figure class=\"wp-block-gallery has-nested-images columns-default is-cropped wp-block-gallery-1 is-layout-flex wp-block-gallery-is-layout-flex\">\n<figure class=\"wp-block-image size-large\"><img loading=\"lazy\" decoding=\"async\" width=\"773\" height=\"560\" data-id=\"276\" src=\"https:\/\/sola.kau.se\/forskolansnickarn\/wp-content\/uploads\/sites\/584\/2022\/03\/Skarmbild-2022-03-10-103242.png\" alt=\"\" class=\"wp-image-276\" srcset=\"https:\/\/sola.kau.se\/forskolansnickarn\/wp-content\/uploads\/sites\/584\/2022\/03\/Skarmbild-2022-03-10-103242.png 773w, https:\/\/sola.kau.se\/forskolansnickarn\/wp-content\/uploads\/sites\/584\/2022\/03\/Skarmbild-2022-03-10-103242-300x217.png 300w, https:\/\/sola.kau.se\/forskolansnickarn\/wp-content\/uploads\/sites\/584\/2022\/03\/Skarmbild-2022-03-10-103242-768x556.png 768w, https:\/\/sola.kau.se\/forskolansnickarn\/wp-content\/uploads\/sites\/584\/2022\/03\/Skarmbild-2022-03-10-103242-676x490.png 676w\" sizes=\"auto, (max-width: 773px) 100vw, 773px\" \/><figcaption>Veckoplaneringsmall<\/figcaption><\/figure>\n<\/figure>\n\n\n\n<figure class=\"wp-block-image size-large\"><img loading=\"lazy\" decoding=\"async\" width=\"1024\" height=\"725\" src=\"https:\/\/sola.kau.se\/forskolansnickarn\/wp-content\/uploads\/sites\/584\/2022\/03\/Skarmbild-2022-03-10-102944-1-1024x725.png\" alt=\"\" class=\"wp-image-272\" srcset=\"https:\/\/sola.kau.se\/forskolansnickarn\/wp-content\/uploads\/sites\/584\/2022\/03\/Skarmbild-2022-03-10-102944-1-1024x725.png 1024w, https:\/\/sola.kau.se\/forskolansnickarn\/wp-content\/uploads\/sites\/584\/2022\/03\/Skarmbild-2022-03-10-102944-1-300x212.png 300w, https:\/\/sola.kau.se\/forskolansnickarn\/wp-content\/uploads\/sites\/584\/2022\/03\/Skarmbild-2022-03-10-102944-1-768x543.png 768w, https:\/\/sola.kau.se\/forskolansnickarn\/wp-content\/uploads\/sites\/584\/2022\/03\/Skarmbild-2022-03-10-102944-1-676x478.png 676w, https:\/\/sola.kau.se\/forskolansnickarn\/wp-content\/uploads\/sites\/584\/2022\/03\/Skarmbild-2022-03-10-102944-1.png 1108w\" sizes=\"auto, (max-width: 1024px) 100vw, 1024px\" \/><figcaption>V\u00e5r trygghetsplan<\/figcaption><\/figure>\n","protected":false},"excerpt":{"rendered":"","protected":false},"author":1567,"featured_media":0,"parent":0,"menu_order":0,"comment_status":"closed","ping_status":"closed","template":"","meta":{"footnotes":""},"class_list":["post-263","page","type-page","status-publish","hentry","post-preview"],"_links":{"self":[{"href":"https:\/\/sola.kau.se\/forskolansnickarn\/wp-json\/wp\/v2\/pages\/263","targetHints":{"allow":["GET"]}}],"collection":[{"href":"https:\/\/sola.kau.se\/forskolansnickarn\/wp-json\/wp\/v2\/pages"}],"about":[{"href":"https:\/\/sola.kau.se\/forskolansnickarn\/wp-json\/wp\/v2\/types\/page"}],"author":[{"embeddable":true,"href":"https:\/\/sola.kau.se\/forskolansnickarn\/wp-json\/wp\/v2\/users\/1567"}],"replies":[{"embeddable":true,"href":"https:\/\/sola.kau.se\/forskolansnickarn\/wp-json\/wp\/v2\/comments?post=263"}],"version-history":[{"count":5,"href":"https:\/\/sola.kau.se\/forskolansnickarn\/wp-json\/wp\/v2\/pages\/263\/revisions"}],"predecessor-version":[{"id":274,"href":"https:\/\/sola.kau.se\/forskolansnickarn\/wp-json\/wp\/v2\/pages\/263\/revisions\/274"}],"wp:attachment":[{"href":"https:\/\/sola.kau.se\/forskolansnickarn\/wp-json\/wp\/v2\/media?parent=263"}],"curies":[{"name":"wp","href":"https:\/\/api.w.org\/{rel}","templated":true}]}}