 {"id":43,"date":"2022-02-07T08:24:13","date_gmt":"2022-02-07T08:24:13","guid":{"rendered":"https:\/\/sola.kau.se\/forskolansnickarn\/?page_id=43"},"modified":"2022-03-10T13:31:46","modified_gmt":"2022-03-10T13:31:46","slug":"mat","status":"publish","type":"page","link":"https:\/\/sola.kau.se\/forskolansnickarn\/mat\/","title":{"rendered":"Mat"},"content":{"rendered":"\n<p><strong>Matsalens milj\u00f6<\/strong> \u00e4r medvetet utformad f\u00f6r att skapa f\u00f6ruts\u00e4ttning f\u00f6r en god matro med goda samtal mellan pedagog och barn.<\/p>\n\n\n\n<p>Vi har tillg\u00e5ng till en egen matsal med egen kock<\/p>\n\n\n\n<p><strong>N\u00e4rodlat och ekologiskt<\/strong><\/p>\n\n\n\n<p><strong>\u00c5tervinning och odling<\/strong> <\/p>\n\n\n\n<p>V\u00e5r f\u00f6rskola ligger lantligt bel\u00e4get bredvid en bondg\u00e5rd som vi har ett n\u00e4ra samarbete med.  Bondg\u00e5rden f\u00f6rser f\u00f6rskolan med \u00e4gg, potatis och rotfrukter, men ocks\u00e5 kunskaper kring odling och djurh\u00e5llning.<\/p>\n\n\n\n<p>Dagligen s\u00e5 f\u00e5r barnen m\u00f6jlighet att vara med och v\u00e4lja ut dagens gr\u00f6nsaker, som \u00e4r s\u00e4songs anpassade utifr\u00e5n det vi sj\u00e4lva odlar och har. De f\u00e5r \u00e4ven hj\u00e4lpa till att duka, torka bord, baka och h\u00e4mta mat hos bondg\u00e5rden bredvid.<\/p>\n\n\n\n<p>F\u00f6r att minimera mat-svinn s\u00e5 har f\u00f6rskolan en egen kompost som vi sl\u00e4nger biologiskt material i f\u00f6r att kunna \u00e5tervinna och minimera svinn men ocks\u00e5 f\u00f6r att f\u00e5 n\u00e4ringsrik jord att anv\u00e4nda i v\u00e5ra odlingar som \u00e4r runt f\u00f6rskolans g\u00e5rd.<\/p>\n","protected":false},"excerpt":{"rendered":"<p>Matsalens milj\u00f6 \u00e4r medvetet utformad f\u00f6r att skapa f\u00f6ruts\u00e4ttning f\u00f6r en god matro med goda samtal mellan pedagog och barn. Vi har tillg\u00e5ng till en egen matsal med egen kock N\u00e4rodlat och ekologiskt \u00c5tervinning och odling V\u00e5r f\u00f6rskola ligger lantligt bel\u00e4get bredvid en bondg\u00e5rd som vi har ett n\u00e4ra samarbete med. Bondg\u00e5rden f\u00f6rser f\u00f6rskolan med [&hellip;]<\/p>\n","protected":false},"author":1567,"featured_media":157,"parent":0,"menu_order":0,"comment_status":"closed","ping_status":"closed","template":"","meta":{"footnotes":""},"class_list":["post-43","page","type-page","status-publish","has-post-thumbnail","hentry","post-preview"],"_links":{"self":[{"href":"https:\/\/sola.kau.se\/forskolansnickarn\/wp-json\/wp\/v2\/pages\/43","targetHints":{"allow":["GET"]}}],"collection":[{"href":"https:\/\/sola.kau.se\/forskolansnickarn\/wp-json\/wp\/v2\/pages"}],"about":[{"href":"https:\/\/sola.kau.se\/forskolansnickarn\/wp-json\/wp\/v2\/types\/page"}],"author":[{"embeddable":true,"href":"https:\/\/sola.kau.se\/forskolansnickarn\/wp-json\/wp\/v2\/users\/1567"}],"replies":[{"embeddable":true,"href":"https:\/\/sola.kau.se\/forskolansnickarn\/wp-json\/wp\/v2\/comments?post=43"}],"version-history":[{"count":6,"href":"https:\/\/sola.kau.se\/forskolansnickarn\/wp-json\/wp\/v2\/pages\/43\/revisions"}],"predecessor-version":[{"id":307,"href":"https:\/\/sola.kau.se\/forskolansnickarn\/wp-json\/wp\/v2\/pages\/43\/revisions\/307"}],"wp:featuredmedia":[{"embeddable":true,"href":"https:\/\/sola.kau.se\/forskolansnickarn\/wp-json\/wp\/v2\/media\/157"}],"wp:attachment":[{"href":"https:\/\/sola.kau.se\/forskolansnickarn\/wp-json\/wp\/v2\/media?parent=43"}],"curies":[{"name":"wp","href":"https:\/\/api.w.org\/{rel}","templated":true}]}}