 {"id":46,"date":"2022-02-07T08:24:46","date_gmt":"2022-02-07T08:24:46","guid":{"rendered":"https:\/\/sola.kau.se\/forskolansnickarn\/?page_id=46"},"modified":"2022-02-07T10:50:16","modified_gmt":"2022-02-07T10:50:16","slug":"en-dag-pa-snickarn","status":"publish","type":"page","link":"https:\/\/sola.kau.se\/forskolansnickarn\/en-dag-pa-snickarn\/","title":{"rendered":"En dag p\u00e5 Snickarn"},"content":{"rendered":"\n<p>6.15 &#8211; F\u00f6rskolan \u00f6ppnas<\/p>\n\n\n\n<p>8.00 &#8211; Frukost<\/p>\n\n\n\n<p>Undervisning *<\/p>\n\n\n\n<p>11.30  &#8211; Lunch<\/p>\n\n\n\n<p>Sov\/l\u00e4s vila<\/p>\n\n\n\n<p class=\"has-regular-font-size\">Undervisning*<\/p>\n\n\n\n<p>14.30- Mellanm\u00e5l<\/p>\n\n\n\n<p>Utevistelse<\/p>\n\n\n\n<p><\/p>\n\n\n\n<p><strong>Varje vecka:  <\/strong><\/p>\n\n\n\n<p>Vi g\u00e5r till skogen  och har r\u00f6relse i gympasalen. <\/p>\n\n\n\n<p>Samtliga \u00e4r ute varje dag. <\/p>\n\n\n\n<p><\/p>\n\n\n\n<p class=\"has-small-font-size\">*Undervisning sker planerat eller oplanerat, utomhus eller inomhus.<\/p>\n","protected":false},"excerpt":{"rendered":"<p>6.15 &#8211; F\u00f6rskolan \u00f6ppnas 8.00 &#8211; Frukost Undervisning * 11.30 &#8211; Lunch Sov\/l\u00e4s vila Undervisning* 14.30- Mellanm\u00e5l Utevistelse Varje vecka: Vi g\u00e5r till skogen och har r\u00f6relse i gympasalen. Samtliga \u00e4r ute varje dag. *Undervisning sker planerat eller oplanerat, utomhus eller inomhus.<\/p>\n","protected":false},"author":1567,"featured_media":0,"parent":0,"menu_order":0,"comment_status":"closed","ping_status":"closed","template":"","meta":{"footnotes":""},"class_list":["post-46","page","type-page","status-publish","hentry","post-preview"],"_links":{"self":[{"href":"https:\/\/sola.kau.se\/forskolansnickarn\/wp-json\/wp\/v2\/pages\/46","targetHints":{"allow":["GET"]}}],"collection":[{"href":"https:\/\/sola.kau.se\/forskolansnickarn\/wp-json\/wp\/v2\/pages"}],"about":[{"href":"https:\/\/sola.kau.se\/forskolansnickarn\/wp-json\/wp\/v2\/types\/page"}],"author":[{"embeddable":true,"href":"https:\/\/sola.kau.se\/forskolansnickarn\/wp-json\/wp\/v2\/users\/1567"}],"replies":[{"embeddable":true,"href":"https:\/\/sola.kau.se\/forskolansnickarn\/wp-json\/wp\/v2\/comments?post=46"}],"version-history":[{"count":13,"href":"https:\/\/sola.kau.se\/forskolansnickarn\/wp-json\/wp\/v2\/pages\/46\/revisions"}],"predecessor-version":[{"id":126,"href":"https:\/\/sola.kau.se\/forskolansnickarn\/wp-json\/wp\/v2\/pages\/46\/revisions\/126"}],"wp:attachment":[{"href":"https:\/\/sola.kau.se\/forskolansnickarn\/wp-json\/wp\/v2\/media?parent=46"}],"curies":[{"name":"wp","href":"https:\/\/api.w.org\/{rel}","templated":true}]}}