 {"id":49,"date":"2022-02-07T08:25:05","date_gmt":"2022-02-07T08:25:05","guid":{"rendered":"https:\/\/sola.kau.se\/forskolansnickarn\/?page_id=49"},"modified":"2022-02-09T09:48:27","modified_gmt":"2022-02-09T09:48:27","slug":"naromradet","status":"publish","type":"page","link":"https:\/\/sola.kau.se\/forskolansnickarn\/naromradet\/","title":{"rendered":"N\u00e4romr\u00e5det"},"content":{"rendered":"\n<p>Vi \u00e4r bel\u00e4gna i utkanten av en mindre stad,  f\u00f6rskolan har tre eldrivna l\u00e5dcyklar som vi kan transporteras i har vi goda m\u00f6jligheter f\u00f6r utflykter och n\u00e4rhet till innerstad. V\u00e5r f\u00f6rskola ligger lantligt bel\u00e4get bredvid en bondg\u00e5rd som vi har ett n\u00e4ra samarbete med.<\/p>\n\n\n\n<p>Vi har tillg\u00e5ng till skog samt en egen grillplats med tak, gymnastiksal i den intilliggande skolan en stor fin g\u00e5rd inspirerad med inslag av en utmanande milj\u00f6 av naturmaterial. exempelvis, utomhusbana.<\/p>\n\n\n\n<p><\/p>\n\n\n\n<figure class=\"wp-block-image size-large\"><img loading=\"lazy\" decoding=\"async\" width=\"1024\" height=\"682\" src=\"https:\/\/sola.kau.se\/forskolansnickarn\/wp-content\/uploads\/sites\/584\/2022\/02\/farm-g13d8f9148_1920-1024x682.jpg\" alt=\"\" class=\"wp-image-161\" srcset=\"https:\/\/sola.kau.se\/forskolansnickarn\/wp-content\/uploads\/sites\/584\/2022\/02\/farm-g13d8f9148_1920-1024x682.jpg 1024w, https:\/\/sola.kau.se\/forskolansnickarn\/wp-content\/uploads\/sites\/584\/2022\/02\/farm-g13d8f9148_1920-300x200.jpg 300w, https:\/\/sola.kau.se\/forskolansnickarn\/wp-content\/uploads\/sites\/584\/2022\/02\/farm-g13d8f9148_1920-768x512.jpg 768w, https:\/\/sola.kau.se\/forskolansnickarn\/wp-content\/uploads\/sites\/584\/2022\/02\/farm-g13d8f9148_1920-1536x1023.jpg 1536w, https:\/\/sola.kau.se\/forskolansnickarn\/wp-content\/uploads\/sites\/584\/2022\/02\/farm-g13d8f9148_1920-676x450.jpg 676w, https:\/\/sola.kau.se\/forskolansnickarn\/wp-content\/uploads\/sites\/584\/2022\/02\/farm-g13d8f9148_1920.jpg 1920w\" sizes=\"auto, (max-width: 1024px) 100vw, 1024px\" \/><\/figure>\n\n\n\n<p><\/p>\n","protected":false},"excerpt":{"rendered":"<p>Vi \u00e4r bel\u00e4gna i utkanten av en mindre stad, f\u00f6rskolan har tre eldrivna l\u00e5dcyklar som vi kan transporteras i har vi goda m\u00f6jligheter f\u00f6r utflykter och n\u00e4rhet till innerstad. V\u00e5r f\u00f6rskola ligger lantligt bel\u00e4get bredvid en bondg\u00e5rd som vi har ett n\u00e4ra samarbete med. Vi har tillg\u00e5ng till skog samt en egen grillplats med tak, [&hellip;]<\/p>\n","protected":false},"author":1567,"featured_media":0,"parent":0,"menu_order":0,"comment_status":"closed","ping_status":"closed","template":"","meta":{"footnotes":""},"class_list":["post-49","page","type-page","status-publish","hentry","post-preview"],"_links":{"self":[{"href":"https:\/\/sola.kau.se\/forskolansnickarn\/wp-json\/wp\/v2\/pages\/49","targetHints":{"allow":["GET"]}}],"collection":[{"href":"https:\/\/sola.kau.se\/forskolansnickarn\/wp-json\/wp\/v2\/pages"}],"about":[{"href":"https:\/\/sola.kau.se\/forskolansnickarn\/wp-json\/wp\/v2\/types\/page"}],"author":[{"embeddable":true,"href":"https:\/\/sola.kau.se\/forskolansnickarn\/wp-json\/wp\/v2\/users\/1567"}],"replies":[{"embeddable":true,"href":"https:\/\/sola.kau.se\/forskolansnickarn\/wp-json\/wp\/v2\/comments?post=49"}],"version-history":[{"count":9,"href":"https:\/\/sola.kau.se\/forskolansnickarn\/wp-json\/wp\/v2\/pages\/49\/revisions"}],"predecessor-version":[{"id":206,"href":"https:\/\/sola.kau.se\/forskolansnickarn\/wp-json\/wp\/v2\/pages\/49\/revisions\/206"}],"wp:attachment":[{"href":"https:\/\/sola.kau.se\/forskolansnickarn\/wp-json\/wp\/v2\/media?parent=49"}],"curies":[{"name":"wp","href":"https:\/\/api.w.org\/{rel}","templated":true}]}}