 {"id":52,"date":"2022-02-07T08:25:36","date_gmt":"2022-02-07T08:25:36","guid":{"rendered":"https:\/\/sola.kau.se\/forskolansnickarn\/?page_id=52"},"modified":"2022-05-10T17:28:22","modified_gmt":"2022-05-10T17:28:22","slug":"reggio-emilia","status":"publish","type":"page","link":"https:\/\/sola.kau.se\/forskolansnickarn\/reggio-emilia\/","title":{"rendered":"Reggio Emilia"},"content":{"rendered":"\n<p>F\u00f6rskolan snickarn \u00e4r en f\u00f6rskola som \u00e4r Reggio Emilia inspirerad.<\/p>\n\n\n\n<p>P\u00e5 v\u00e5r f\u00f6rskola \u00e4r milj\u00f6n anpassad f\u00f6r barnens tillg\u00e4nglighet och skapar f\u00f6ruts\u00e4ttning f\u00f6r ett nyfiket utforskande. H\u00e4r f\u00e5r barnen f\u00f6ruts\u00e4ttning att skapa, unders\u00f6ka och utforska, t\u00e4nka, k\u00e4nna och inspireras.<\/p>\n\n\n\n<p>Vi arbetar aktivt f\u00f6r att stimulera barnens intresse, motivation och kreativitet.<\/p>\n\n\n\n<p>Vill ni grotta ner er mer i vad Reggio Emilia filosofin inneb\u00e4r kan ni klicka<a href=\"https:\/\/www.reggioemilia.se\/pedagogiken\/mer-om-reggio-emilias-pedagogiska-filosofi\/reggio-emilias-pedagogiska-filosofi\/\"> h\u00e4r <\/a><\/p>\n\n\n\n<figure class=\"wp-block-image size-large\"><img loading=\"lazy\" decoding=\"async\" width=\"1024\" height=\"683\" src=\"https:\/\/sola.kau.se\/forskolansnickarn\/wp-content\/uploads\/sites\/584\/2022\/02\/hand-845269_1920-1024x683.jpg\" alt=\"\" class=\"wp-image-182\" srcset=\"https:\/\/sola.kau.se\/forskolansnickarn\/wp-content\/uploads\/sites\/584\/2022\/02\/hand-845269_1920-1024x683.jpg 1024w, https:\/\/sola.kau.se\/forskolansnickarn\/wp-content\/uploads\/sites\/584\/2022\/02\/hand-845269_1920-300x200.jpg 300w, https:\/\/sola.kau.se\/forskolansnickarn\/wp-content\/uploads\/sites\/584\/2022\/02\/hand-845269_1920-768x512.jpg 768w, https:\/\/sola.kau.se\/forskolansnickarn\/wp-content\/uploads\/sites\/584\/2022\/02\/hand-845269_1920-1536x1024.jpg 1536w, https:\/\/sola.kau.se\/forskolansnickarn\/wp-content\/uploads\/sites\/584\/2022\/02\/hand-845269_1920-676x451.jpg 676w, https:\/\/sola.kau.se\/forskolansnickarn\/wp-content\/uploads\/sites\/584\/2022\/02\/hand-845269_1920.jpg 1920w\" sizes=\"auto, (max-width: 1024px) 100vw, 1024px\" \/><\/figure>\n\n\n\n<p><\/p>\n","protected":false},"excerpt":{"rendered":"<p>F\u00f6rskolan snickarn \u00e4r en f\u00f6rskola som \u00e4r Reggio Emilia inspirerad. P\u00e5 v\u00e5r f\u00f6rskola \u00e4r milj\u00f6n anpassad f\u00f6r barnens tillg\u00e4nglighet och skapar f\u00f6ruts\u00e4ttning f\u00f6r ett nyfiket utforskande. H\u00e4r f\u00e5r barnen f\u00f6ruts\u00e4ttning att skapa, unders\u00f6ka och utforska, t\u00e4nka, k\u00e4nna och inspireras. Vi arbetar aktivt f\u00f6r att stimulera barnens intresse, motivation och kreativitet. Vill ni grotta ner er [&hellip;]<\/p>\n","protected":false},"author":1567,"featured_media":0,"parent":0,"menu_order":0,"comment_status":"closed","ping_status":"closed","template":"","meta":{"footnotes":""},"class_list":["post-52","page","type-page","status-publish","hentry","post-preview"],"_links":{"self":[{"href":"https:\/\/sola.kau.se\/forskolansnickarn\/wp-json\/wp\/v2\/pages\/52","targetHints":{"allow":["GET"]}}],"collection":[{"href":"https:\/\/sola.kau.se\/forskolansnickarn\/wp-json\/wp\/v2\/pages"}],"about":[{"href":"https:\/\/sola.kau.se\/forskolansnickarn\/wp-json\/wp\/v2\/types\/page"}],"author":[{"embeddable":true,"href":"https:\/\/sola.kau.se\/forskolansnickarn\/wp-json\/wp\/v2\/users\/1567"}],"replies":[{"embeddable":true,"href":"https:\/\/sola.kau.se\/forskolansnickarn\/wp-json\/wp\/v2\/comments?post=52"}],"version-history":[{"count":4,"href":"https:\/\/sola.kau.se\/forskolansnickarn\/wp-json\/wp\/v2\/pages\/52\/revisions"}],"predecessor-version":[{"id":332,"href":"https:\/\/sola.kau.se\/forskolansnickarn\/wp-json\/wp\/v2\/pages\/52\/revisions\/332"}],"wp:attachment":[{"href":"https:\/\/sola.kau.se\/forskolansnickarn\/wp-json\/wp\/v2\/media?parent=52"}],"curies":[{"name":"wp","href":"https:\/\/api.w.org\/{rel}","templated":true}]}}